{"id":120788,"date":"2025-05-18T21:34:10","date_gmt":"2025-05-18T21:34:10","guid":{"rendered":"https:\/\/staging2.stylingagenten.com\/da\/produkt\/bareminerals-barepro-16-hour-skin-perfecting-powder-foundation-fair-15-cool\/"},"modified":"2026-03-16T12:11:30","modified_gmt":"2026-03-16T12:11:30","slug":"bareminerals-barepro-16-hour-skin-perfecting-powder-foundation-fair-15-cool","status":"publish","type":"product","link":"https:\/\/stylingagenten.com\/da\/produkt\/bareminerals-barepro-16-hour-skin-perfecting-powder-foundation-fair-15-cool\/","title":{"rendered":"BareMinerals BarePro 24-Hour Skin-Perfecting Powder Foundation Fair 15 Cool"},"content":{"rendered":"<div>BareMinerals BarePro 24-Hour Skin-Perfecting Powder Foundation er en sved-, fugt- og overf\u00f8rselsresistent foundation med en naturlig mat finish og 16 timers fuld d\u00e6kkeevne, der lader huden \u00e5nde og synligt forbedrer hudens udseende over tid.<\/p>\n<p>DET G\u00d8R DEN:<br \/>-Giver 24 timers fuld d\u00e6kning.<br \/>-Udj\u00e6vner synligt hudtone og tekstur over tid.<br \/>-Absorberer olie og kontrollerer glans i 24 timer.<\/p>\n<p>Dokumenterede resultater:<br \/>-Hudtonen ser mere ensartet ud p\u00e5 bare 2 uger*.<br \/>-Hudens tekstur er synligt glattere p\u00e5 bare 4 uger*.<br \/>-Giver 24 timers olie- og glanskontrol.<br \/>-94 % siger, at den straks reducerer synlig olie^.<br \/>-91 % siger, at den f\u00f8les behagelig hele dagen^.<br \/>-90 % siger, at den udj\u00e6vner hudtonen^.<\/p>\n<p>DERFOR VIL DU ELSKE DEN:<br \/>-Talkumfri pudderfoundation, der synligt forbedrer huden over tid.<br \/>-16 timers holdbarhed.<br \/>-Ikke-udt\u00f8rrende formel.<br \/>-Inkluderer en p\u00e5f\u00f8ringssvamp \u2013 perfekt til brug p\u00e5 farten.<br \/>-Kan p\u00e5f\u00f8res v\u00e5d eller t\u00f8r.<br \/>-Modstandsdygtig overfor sved og h\u00f8j luftfugtighed.<br \/>-Overf\u00f8rselsresistent.<br \/>-Dermatologisk testet.<br \/>-Allergivenlig, ikke-komedogen, ikke-aknegen.<br \/>-Vegansk.<br \/>-Uden talkum + formuleret uden parabener, formaldehyd, syntetisk parfume, gluten m.m.<\/p>\n<p>*Baseret p\u00e5 en 4-ugers klinisk unders\u00f8gelse med 47 personer.<br \/>^Baseret p\u00e5 en forbrugerunders\u00f8gelse med 105 personer.<\/p>\n<p>Farve: Fair 15 Cool<\/p><\/div>\n","protected":false},"excerpt":{"rendered":"<p>BareMinerals BarePro 24-Hour Skin-Perfecting Powder Foundation er en sved-, fugt- og overf\u00f8rselsresistent foundation med en naturlig mat finish og 16 timers fuld d\u00e6kkeevne, der lader huden \u00e5nde og synligt forbedrer hudens udseende over tid. DET G\u00d8R DEN:-Giver 24 timers fuld d\u00e6kning.-Udj\u00e6vner synligt hudtone og tekstur over tid.-Absorberer olie og kontrollerer glans i 24 timer. Dokumenterede [&hellip;]<\/p>\n","protected":false},"featured_media":120765,"comment_status":"open","ping_status":"closed","template":"","meta":{"_trash_the_other_posts":false},"product_brand":[],"product_cat":[718],"product_tag":[2472],"berocket_brand":[1256],"class_list":{"0":"post-120788","1":"product","2":"type-product","3":"status-publish","4":"has-post-thumbnail","6":"product_cat-pudder-foundation","7":"product_tag-bareminerals-barepro-16-hour-skin-perfecting-powder-foundation","8":"pa_brand-bareminerals","9":"pa_variant-fair-15-cool","10":"berocket_brand-bareminerals","12":"first","13":"instock","14":"sale","15":"taxable","16":"shipping-taxable","17":"purchasable","18":"product-type-simple"},"_links":{"self":[{"href":"https:\/\/stylingagenten.com\/da\/wp-json\/wp\/v2\/product\/120788","targetHints":{"allow":["GET"]}}],"collection":[{"href":"https:\/\/stylingagenten.com\/da\/wp-json\/wp\/v2\/product"}],"about":[{"href":"https:\/\/stylingagenten.com\/da\/wp-json\/wp\/v2\/types\/product"}],"replies":[{"embeddable":true,"href":"https:\/\/stylingagenten.com\/da\/wp-json\/wp\/v2\/comments?post=120788"}],"version-history":[{"count":0,"href":"https:\/\/stylingagenten.com\/da\/wp-json\/wp\/v2\/product\/120788\/revisions"}],"wp:featuredmedia":[{"embeddable":true,"href":"https:\/\/stylingagenten.com\/da\/wp-json\/wp\/v2\/media\/120765"}],"wp:attachment":[{"href":"https:\/\/stylingagenten.com\/da\/wp-json\/wp\/v2\/media?parent=120788"}],"wp:term":[{"taxonomy":"product_brand","embeddable":true,"href":"https:\/\/stylingagenten.com\/da\/wp-json\/wp\/v2\/product_brand?post=120788"},{"taxonomy":"product_cat","embeddable":true,"href":"https:\/\/stylingagenten.com\/da\/wp-json\/wp\/v2\/product_cat?post=120788"},{"taxonomy":"product_tag","embeddable":true,"href":"https:\/\/stylingagenten.com\/da\/wp-json\/wp\/v2\/product_tag?post=120788"},{"taxonomy":"berocket_brand","embeddable":true,"href":"https:\/\/stylingagenten.com\/da\/wp-json\/wp\/v2\/berocket_brand?post=120788"}],"curies":[{"name":"wp","href":"https:\/\/api.w.org\/{rel}","templated":true}]}}