{"id":120709,"date":"2025-05-18T21:33:55","date_gmt":"2025-05-18T21:33:55","guid":{"rendered":"https:\/\/staging2.stylingagenten.com\/da\/produkt\/2-pack-paco-rabanne-invictus-deostick-75ml\/"},"modified":"2026-04-14T17:38:29","modified_gmt":"2026-04-14T17:38:29","slug":"2-pack-paco-rabanne-invictus-deostick-75ml","status":"publish","type":"product","link":"https:\/\/stylingagenten.com\/da\/produkt\/2-pack-paco-rabanne-invictus-deostick-75ml\/","title":{"rendered":"2-pack Paco Rabanne Invictus Deostick 75ml"},"content":{"rendered":"<p>Paco Rabanne Invictus er en elegant duft til manden, der er omhyggelig, innovativ og skarp. En duft til manden, der elsker, n\u00e5r adrenalinen pumper, som er elegant og t\u00f8r tage plads! Parfumen \u00e5bner med s\u00f8de dufte af grapefrugt, laurb\u00e6rblad og marine noter, inden den lukker ned. i et maskulint hjerte af patchouli og tr\u00e6noter. Duften lander derefter bl\u00f8dt og sensuelt i en base af ambra.<\/p>\n<p> <strong>Duftnoter:<\/strong> grapefrugt, laurb\u00e6rblade, marine noter, patchouli, tr\u00e6agtige noter &amp; ambra.<\/p>\n<p><span lang=\"DA-DK\" style=\"font-size: 11.0pt;font-family: 'Calibri',sans-serif\">&nbsp;<\/span><\/p>\n<p>&nbsp;<\/p>\n","protected":false},"excerpt":{"rendered":"<p>Paco Rabanne Invictus er en elegant duft til manden, der er omhyggelig, innovativ og skarp. En duft til manden, der elsker, n\u00e5r adrenalinen pumper, som er elegant og t\u00f8r tage plads! Parfumen \u00e5bner med s\u00f8de dufte af grapefrugt, laurb\u00e6rblad og marine noter, inden den lukker ned. i et maskulint hjerte af patchouli og tr\u00e6noter. Duften [&hellip;]<\/p>\n","protected":false},"featured_media":120706,"comment_status":"open","ping_status":"closed","template":"","meta":{"_trash_the_other_posts":false},"product_brand":[],"product_cat":[735,1000,670],"product_tag":[],"berocket_brand":[1048],"class_list":{"0":"post-120709","1":"product","2":"type-product","3":"status-publish","4":"has-post-thumbnail","6":"product_cat-kampagne","7":"product_cat-kampagnetilbud-til-ham","8":"product_cat-multipack-deodorant","9":"pa_brand-paco-rabanne","10":"berocket_brand-paco-rabanne","12":"first","13":"instock","14":"sale","15":"taxable","16":"shipping-taxable","17":"purchasable","18":"product-type-simple"},"_links":{"self":[{"href":"https:\/\/stylingagenten.com\/da\/wp-json\/wp\/v2\/product\/120709","targetHints":{"allow":["GET"]}}],"collection":[{"href":"https:\/\/stylingagenten.com\/da\/wp-json\/wp\/v2\/product"}],"about":[{"href":"https:\/\/stylingagenten.com\/da\/wp-json\/wp\/v2\/types\/product"}],"replies":[{"embeddable":true,"href":"https:\/\/stylingagenten.com\/da\/wp-json\/wp\/v2\/comments?post=120709"}],"version-history":[{"count":1,"href":"https:\/\/stylingagenten.com\/da\/wp-json\/wp\/v2\/product\/120709\/revisions"}],"predecessor-version":[{"id":2000695,"href":"https:\/\/stylingagenten.com\/da\/wp-json\/wp\/v2\/product\/120709\/revisions\/2000695"}],"wp:featuredmedia":[{"embeddable":true,"href":"https:\/\/stylingagenten.com\/da\/wp-json\/wp\/v2\/media\/120706"}],"wp:attachment":[{"href":"https:\/\/stylingagenten.com\/da\/wp-json\/wp\/v2\/media?parent=120709"}],"wp:term":[{"taxonomy":"product_brand","embeddable":true,"href":"https:\/\/stylingagenten.com\/da\/wp-json\/wp\/v2\/product_brand?post=120709"},{"taxonomy":"product_cat","embeddable":true,"href":"https:\/\/stylingagenten.com\/da\/wp-json\/wp\/v2\/product_cat?post=120709"},{"taxonomy":"product_tag","embeddable":true,"href":"https:\/\/stylingagenten.com\/da\/wp-json\/wp\/v2\/product_tag?post=120709"},{"taxonomy":"berocket_brand","embeddable":true,"href":"https:\/\/stylingagenten.com\/da\/wp-json\/wp\/v2\/berocket_brand?post=120709"}],"curies":[{"name":"wp","href":"https:\/\/api.w.org\/{rel}","templated":true}]}}