{"id":120669,"date":"2025-05-18T21:33:41","date_gmt":"2025-05-18T21:33:41","guid":{"rendered":"https:\/\/staging2.stylingagenten.com\/da\/produkt\/2-pack-dfi-dstruct-molding-cream-75g\/"},"modified":"2026-03-22T12:47:49","modified_gmt":"2026-03-22T12:47:49","slug":"2-pack-dfi-dstruct-molding-cream-75g","status":"publish","type":"product","link":"https:\/\/stylingagenten.com\/da\/produkt\/2-pack-dfi-dstruct-molding-cream-75g\/","title":{"rendered":"2-pack D:fi D:struct Molding Cream 75g"},"content":{"rendered":"<p>Cremewax til at forme dit h\u00e5r, som du \u00f8nsker.<br \/>H\u00f8j fasthed og uendelige muligheder.<br \/>Velegnet til alle h\u00e5rtyper.<\/p>\n","protected":false},"excerpt":{"rendered":"<p>Cremewax til at forme dit h\u00e5r, som du \u00f8nsker.H\u00f8j fasthed og uendelige muligheder.Velegnet til alle h\u00e5rtyper.<\/p>\n","protected":false},"featured_media":120664,"comment_status":"open","ping_status":"closed","template":"","meta":{"_trash_the_other_posts":false},"product_brand":[],"product_cat":[671],"product_tag":[2315],"berocket_brand":[1073],"class_list":{"0":"post-120669","1":"product","2":"type-product","3":"status-publish","4":"has-post-thumbnail","6":"product_cat-multipak-voks","7":"product_tag-2-pack-dfi-dstruct-molding-cream","8":"pa_brand-dfi","9":"pa_variant-75g","10":"berocket_brand-dfi","12":"first","13":"instock","14":"sale","15":"taxable","16":"shipping-taxable","17":"purchasable","18":"product-type-simple"},"_links":{"self":[{"href":"https:\/\/stylingagenten.com\/da\/wp-json\/wp\/v2\/product\/120669","targetHints":{"allow":["GET"]}}],"collection":[{"href":"https:\/\/stylingagenten.com\/da\/wp-json\/wp\/v2\/product"}],"about":[{"href":"https:\/\/stylingagenten.com\/da\/wp-json\/wp\/v2\/types\/product"}],"replies":[{"embeddable":true,"href":"https:\/\/stylingagenten.com\/da\/wp-json\/wp\/v2\/comments?post=120669"}],"version-history":[{"count":0,"href":"https:\/\/stylingagenten.com\/da\/wp-json\/wp\/v2\/product\/120669\/revisions"}],"wp:featuredmedia":[{"embeddable":true,"href":"https:\/\/stylingagenten.com\/da\/wp-json\/wp\/v2\/media\/120664"}],"wp:attachment":[{"href":"https:\/\/stylingagenten.com\/da\/wp-json\/wp\/v2\/media?parent=120669"}],"wp:term":[{"taxonomy":"product_brand","embeddable":true,"href":"https:\/\/stylingagenten.com\/da\/wp-json\/wp\/v2\/product_brand?post=120669"},{"taxonomy":"product_cat","embeddable":true,"href":"https:\/\/stylingagenten.com\/da\/wp-json\/wp\/v2\/product_cat?post=120669"},{"taxonomy":"product_tag","embeddable":true,"href":"https:\/\/stylingagenten.com\/da\/wp-json\/wp\/v2\/product_tag?post=120669"},{"taxonomy":"berocket_brand","embeddable":true,"href":"https:\/\/stylingagenten.com\/da\/wp-json\/wp\/v2\/berocket_brand?post=120669"}],"curies":[{"name":"wp","href":"https:\/\/api.w.org\/{rel}","templated":true}]}}