{"id":120660,"date":"2025-05-18T21:33:36","date_gmt":"2025-05-18T21:33:36","guid":{"rendered":"https:\/\/staging2.stylingagenten.com\/da\/produkt\/2-pack-max-factor-2000-calorie-mascara-black-9ml\/"},"modified":"2026-04-14T08:58:37","modified_gmt":"2026-04-14T08:58:37","slug":"2-pack-max-factor-2000-calorie-mascara-black-9ml","status":"publish","type":"product","link":"https:\/\/stylingagenten.com\/da\/produkt\/2-pack-max-factor-2000-calorie-mascara-black-9ml\/","title":{"rendered":"2-pack Max Factor 2000 Calorie Mascara Black 9ml"},"content":{"rendered":"<p>Dobbelt op! Max Factor 2000 Calorie Mascara Black er en mascara, der giver op til 300 % mere vippevolumen. Vil du have drama? Tredoble volumen af \u200b\u200bdine \u00f8jenvipper med denne super volumen mascara. Byggeformlen fortykker selv de tyndeste \u00f8jenvipper ved \u00f8jeblikkeligt at give dem op til 300 % mere volumen! Beh\u00f8ves ingen primer? den f\u00f8rste ans\u00f8gning g\u00e6lder kun; s\u00e5 l\u00e6nge det tager. Det er nemt at fjerne med en mild makeupfjerner, s\u00e5 at selv alle med lys hud og dem, der bruger kontaktlinser, kan nyde fyldige vipper!<\/p>\n<p><strong>Farve:&nbsp;<\/strong>Sort<\/p>\n","protected":false},"excerpt":{"rendered":"<p>Dobbelt op! Max Factor 2000 Calorie Mascara Black er en mascara, der giver op til 300 % mere vippevolumen. Vil du have drama? Tredoble volumen af \u200b\u200bdine \u00f8jenvipper med denne super volumen mascara. Byggeformlen fortykker selv de tyndeste \u00f8jenvipper ved \u00f8jeblikkeligt at give dem op til 300 % mere volumen! Beh\u00f8ves ingen primer? den f\u00f8rste [&hellip;]<\/p>\n","protected":false},"featured_media":120659,"comment_status":"open","ping_status":"closed","template":"","meta":{"_trash_the_other_posts":false},"product_brand":[],"product_cat":[1003,673],"product_tag":[],"berocket_brand":[1013],"class_list":{"0":"post-120660","1":"product","2":"type-product","3":"status-publish","4":"has-post-thumbnail","6":"product_cat-bestsellere","7":"product_cat-multipack-make-up","8":"pa_brand-max-factor","9":"berocket_brand-max-factor","11":"first","12":"instock","13":"sale","14":"taxable","15":"shipping-taxable","16":"purchasable","17":"product-type-simple"},"_links":{"self":[{"href":"https:\/\/stylingagenten.com\/da\/wp-json\/wp\/v2\/product\/120660","targetHints":{"allow":["GET"]}}],"collection":[{"href":"https:\/\/stylingagenten.com\/da\/wp-json\/wp\/v2\/product"}],"about":[{"href":"https:\/\/stylingagenten.com\/da\/wp-json\/wp\/v2\/types\/product"}],"replies":[{"embeddable":true,"href":"https:\/\/stylingagenten.com\/da\/wp-json\/wp\/v2\/comments?post=120660"}],"version-history":[{"count":0,"href":"https:\/\/stylingagenten.com\/da\/wp-json\/wp\/v2\/product\/120660\/revisions"}],"wp:featuredmedia":[{"embeddable":true,"href":"https:\/\/stylingagenten.com\/da\/wp-json\/wp\/v2\/media\/120659"}],"wp:attachment":[{"href":"https:\/\/stylingagenten.com\/da\/wp-json\/wp\/v2\/media?parent=120660"}],"wp:term":[{"taxonomy":"product_brand","embeddable":true,"href":"https:\/\/stylingagenten.com\/da\/wp-json\/wp\/v2\/product_brand?post=120660"},{"taxonomy":"product_cat","embeddable":true,"href":"https:\/\/stylingagenten.com\/da\/wp-json\/wp\/v2\/product_cat?post=120660"},{"taxonomy":"product_tag","embeddable":true,"href":"https:\/\/stylingagenten.com\/da\/wp-json\/wp\/v2\/product_tag?post=120660"},{"taxonomy":"berocket_brand","embeddable":true,"href":"https:\/\/stylingagenten.com\/da\/wp-json\/wp\/v2\/berocket_brand?post=120660"}],"curies":[{"name":"wp","href":"https:\/\/api.w.org\/{rel}","templated":true}]}}