{"id":120624,"date":"2025-05-18T21:33:25","date_gmt":"2025-05-18T21:33:25","guid":{"rendered":"https:\/\/staging2.stylingagenten.com\/da\/produkt\/2-pack-max-factor-false-lash-effect-mascara-waterproof-black-131ml\/"},"modified":"2026-04-07T17:08:40","modified_gmt":"2026-04-07T17:08:40","slug":"2-pack-max-factor-false-lash-effect-mascara-waterproof-black-131ml","status":"publish","type":"product","link":"https:\/\/stylingagenten.com\/da\/produkt\/2-pack-max-factor-false-lash-effect-mascara-waterproof-black-131ml\/","title":{"rendered":"2-pack Max Factor False Lash Effect Mascara Waterproof Black 13,1ml"},"content":{"rendered":"<p>Max Factor False Lash Effect Mascara Waterproof Black giver dig de fulde vipper, du dr\u00f8mmer om. Dette er Max Factors st\u00f8rste b\u00f8rste nogensinde! Det vil transformere og g\u00f8re dine vipper fyldigere, end du nogensinde troede, dine naturlige vipper kunne v\u00e6re. Et enkelt fejning af b\u00f8rsten dispenserer en gener\u00f8s m\u00e6ngde mascara rundt om HELE vippen, og Mouldtrusion-b\u00f8rsten FEJER mascaraen rundt om spidserne af vipperne og adskiller vipperne. Udsender mere, l\u00f8fter mere, adskiller mere! Du b\u00f8r have en makeupfjerner for forsigtigt at fjerne mascaraen.<\/p>\n<p><strong>Farve:<\/strong> Vandfast i sort.<\/p>\n","protected":false},"excerpt":{"rendered":"<p>Max Factor False Lash Effect Mascara Waterproof Black giver dig de fulde vipper, du dr\u00f8mmer om. Dette er Max Factors st\u00f8rste b\u00f8rste nogensinde! Det vil transformere og g\u00f8re dine vipper fyldigere, end du nogensinde troede, dine naturlige vipper kunne v\u00e6re. Et enkelt fejning af b\u00f8rsten dispenserer en gener\u00f8s m\u00e6ngde mascara rundt om HELE vippen, og [&hellip;]<\/p>\n","protected":false},"featured_media":120622,"comment_status":"open","ping_status":"closed","template":"","meta":{"_trash_the_other_posts":false},"product_brand":[],"product_cat":[1003,618,673],"product_tag":[],"berocket_brand":[1013],"class_list":{"0":"post-120624","1":"product","2":"type-product","3":"status-publish","4":"has-post-thumbnail","6":"product_cat-bestsellere","7":"product_cat-mascara","8":"product_cat-multipack-make-up","9":"pa_brand-max-factor","10":"berocket_brand-max-factor","12":"first","13":"instock","14":"sale","15":"taxable","16":"shipping-taxable","17":"purchasable","18":"product-type-simple"},"_links":{"self":[{"href":"https:\/\/stylingagenten.com\/da\/wp-json\/wp\/v2\/product\/120624","targetHints":{"allow":["GET"]}}],"collection":[{"href":"https:\/\/stylingagenten.com\/da\/wp-json\/wp\/v2\/product"}],"about":[{"href":"https:\/\/stylingagenten.com\/da\/wp-json\/wp\/v2\/types\/product"}],"replies":[{"embeddable":true,"href":"https:\/\/stylingagenten.com\/da\/wp-json\/wp\/v2\/comments?post=120624"}],"version-history":[{"count":0,"href":"https:\/\/stylingagenten.com\/da\/wp-json\/wp\/v2\/product\/120624\/revisions"}],"wp:featuredmedia":[{"embeddable":true,"href":"https:\/\/stylingagenten.com\/da\/wp-json\/wp\/v2\/media\/120622"}],"wp:attachment":[{"href":"https:\/\/stylingagenten.com\/da\/wp-json\/wp\/v2\/media?parent=120624"}],"wp:term":[{"taxonomy":"product_brand","embeddable":true,"href":"https:\/\/stylingagenten.com\/da\/wp-json\/wp\/v2\/product_brand?post=120624"},{"taxonomy":"product_cat","embeddable":true,"href":"https:\/\/stylingagenten.com\/da\/wp-json\/wp\/v2\/product_cat?post=120624"},{"taxonomy":"product_tag","embeddable":true,"href":"https:\/\/stylingagenten.com\/da\/wp-json\/wp\/v2\/product_tag?post=120624"},{"taxonomy":"berocket_brand","embeddable":true,"href":"https:\/\/stylingagenten.com\/da\/wp-json\/wp\/v2\/berocket_brand?post=120624"}],"curies":[{"name":"wp","href":"https:\/\/api.w.org\/{rel}","templated":true}]}}