{"id":120607,"date":"2025-05-18T21:33:22","date_gmt":"2025-05-18T21:33:22","guid":{"rendered":"https:\/\/staging2.stylingagenten.com\/da\/produkt\/2-pack-max-factor-masterpiece-mascara-waterproof-black-45ml\/"},"modified":"2026-04-09T12:42:32","modified_gmt":"2026-04-09T12:42:32","slug":"2-pack-max-factor-masterpiece-mascara-waterproof-black-45ml","status":"publish","type":"product","link":"https:\/\/stylingagenten.com\/da\/produkt\/2-pack-max-factor-masterpiece-mascara-waterproof-black-45ml\/","title":{"rendered":"2-pack Max Factor Masterpiece Mascara Waterproof Black 4,5ml"},"content":{"rendered":"<p>Max Factor Masterpiece Mascara Waterproof Black definerer og adskiller dine vipper for at give dem den samme i\u00f8jnefaldende og professionelle effekt, som en makeupartist kunne skabe! Masterpiece Waterproofs avancerede iFX-b\u00f8rste farver alle vipper j\u00e6vnt, selv de sv\u00e6rt tilg\u00e6ngelige vipper. Resultatet er smukt indrammede vipper, der er op til fem gange mere i\u00f8jnefaldende sammenlignet med kr\u00f8llede vipper baseret p\u00e5 \u00d8jenvippevolumen, antal, kontrastomr\u00e5de og synlighed.<\/p>\n<p><strong>Brug:<\/strong> Et tip fra de professionelle: Vis din perfekte makeup frem med et flot lag Masterpiece Mascara p\u00e5; de \u00f8vre og nedre \u00f8jenvipper. Vores makeupartist siger: S\u00f8rg for at give \u00f8jenvipperne et j\u00e6vnt lag mascara &amp; selv de sm\u00e5; vipperne fra &ouml;gonvr&aring; til &ouml;gonvr&aring; og fra rod til top.<\/p>\n<p><strong>Farve:<\/strong> Sort<\/p>\n","protected":false},"excerpt":{"rendered":"<p>Max Factor Masterpiece Mascara Waterproof Black definerer og adskiller dine vipper for at give dem den samme i\u00f8jnefaldende og professionelle effekt, som en makeupartist kunne skabe! Masterpiece Waterproofs avancerede iFX-b\u00f8rste farver alle vipper j\u00e6vnt, selv de sv\u00e6rt tilg\u00e6ngelige vipper. Resultatet er smukt indrammede vipper, der er op til fem gange mere i\u00f8jnefaldende sammenlignet med kr\u00f8llede [&hellip;]<\/p>\n","protected":false},"featured_media":120605,"comment_status":"open","ping_status":"closed","template":"","meta":{"_trash_the_other_posts":false},"product_brand":[],"product_cat":[618,673],"product_tag":[],"berocket_brand":[1013],"class_list":{"0":"post-120607","1":"product","2":"type-product","3":"status-publish","4":"has-post-thumbnail","6":"product_cat-mascara","7":"product_cat-multipack-make-up","8":"pa_brand-max-factor","9":"berocket_brand-max-factor","11":"first","12":"instock","13":"sale","14":"taxable","15":"shipping-taxable","16":"purchasable","17":"product-type-simple"},"_links":{"self":[{"href":"https:\/\/stylingagenten.com\/da\/wp-json\/wp\/v2\/product\/120607","targetHints":{"allow":["GET"]}}],"collection":[{"href":"https:\/\/stylingagenten.com\/da\/wp-json\/wp\/v2\/product"}],"about":[{"href":"https:\/\/stylingagenten.com\/da\/wp-json\/wp\/v2\/types\/product"}],"replies":[{"embeddable":true,"href":"https:\/\/stylingagenten.com\/da\/wp-json\/wp\/v2\/comments?post=120607"}],"version-history":[{"count":0,"href":"https:\/\/stylingagenten.com\/da\/wp-json\/wp\/v2\/product\/120607\/revisions"}],"wp:featuredmedia":[{"embeddable":true,"href":"https:\/\/stylingagenten.com\/da\/wp-json\/wp\/v2\/media\/120605"}],"wp:attachment":[{"href":"https:\/\/stylingagenten.com\/da\/wp-json\/wp\/v2\/media?parent=120607"}],"wp:term":[{"taxonomy":"product_brand","embeddable":true,"href":"https:\/\/stylingagenten.com\/da\/wp-json\/wp\/v2\/product_brand?post=120607"},{"taxonomy":"product_cat","embeddable":true,"href":"https:\/\/stylingagenten.com\/da\/wp-json\/wp\/v2\/product_cat?post=120607"},{"taxonomy":"product_tag","embeddable":true,"href":"https:\/\/stylingagenten.com\/da\/wp-json\/wp\/v2\/product_tag?post=120607"},{"taxonomy":"berocket_brand","embeddable":true,"href":"https:\/\/stylingagenten.com\/da\/wp-json\/wp\/v2\/berocket_brand?post=120607"}],"curies":[{"name":"wp","href":"https:\/\/api.w.org\/{rel}","templated":true}]}}