{"id":120584,"date":"2025-05-18T21:33:16","date_gmt":"2025-05-18T21:33:16","guid":{"rendered":"https:\/\/staging2.stylingagenten.com\/da\/produkt\/3-pack-hugo-boss-deo-spray-bottled-hugo-man-the-scent-150ml\/"},"modified":"2026-04-13T12:23:30","modified_gmt":"2026-04-13T12:23:30","slug":"3-pack-hugo-boss-deo-spray-bottled-hugo-man-the-scent-150ml","status":"publish","type":"product","link":"https:\/\/stylingagenten.com\/da\/produkt\/3-pack-hugo-boss-deo-spray-bottled-hugo-man-the-scent-150ml\/","title":{"rendered":"3-pack Hugo Boss Deo Spray Bottled + Hugo Man + The Scent 150ml"},"content":{"rendered":"<p><strong>3-pak Hugo Boss Deo Spray &nbsp;&#8211; The Scent, Bottled, Hugo Man<br \/><\/strong>Deodorant spray i samme gode duft som parfumerne.<\/p>\n<p><strong>Hugo Boss The Scent&nbsp;<\/strong><br \/>Duften har en perfekt balance mellem selvtillid og nonchalance og holder l\u00e6nge.<br \/>Duftnoter<strong>:<\/strong> ingef\u00e6r, lavendel, maninka frugt &amp; l\u00e6der.<\/p>\n<p><strong>Hugo Boss Bottled<\/strong> er en frisk og sensuel duft med en blanding af \u00e6ble, krydderier og sensuelle tr\u00e6noter.<br \/>En rigtig klassiker for den moderne mand.<br \/>Duftnoter<strong>:<\/strong> bergamot, \u00e6ble, kanel, tagetes, nelliker, cedertr\u00e6, sandeltr\u00e6, patchouli, rav, vetiver &amp; oliventr\u00e6.<\/p>\n<p><strong>Hugo Boss Hugo Man<\/strong> &auml;er en frisk og sporty duft med noter af citrus, &auml;\u00e6ble og sandeltr\u00e6&auml;.<br \/>Duftnoter: citrus, &amp;auml \u00e6ble, gr\u00f8n mynte, lavendel, jasmin, salvie, fyrren\u00e5le, nelliker, rom og amp; sandeltr\u00e6&auml;.<\/p>\n","protected":false},"excerpt":{"rendered":"<p>3-pak Hugo Boss Deo Spray &nbsp;&#8211; The Scent, Bottled, Hugo ManDeodorant spray i samme gode duft som parfumerne. Hugo Boss The Scent&nbsp;Duften har en perfekt balance mellem selvtillid og nonchalance og holder l\u00e6nge.Duftnoter: ingef\u00e6r, lavendel, maninka frugt &amp; l\u00e6der. Hugo Boss Bottled er en frisk og sensuel duft med en blanding af \u00e6ble, krydderier og [&hellip;]<\/p>\n","protected":false},"featured_media":120581,"comment_status":"open","ping_status":"closed","template":"","meta":{"_trash_the_other_posts":false},"product_brand":[],"product_cat":[1003,735,1000,670],"product_tag":[],"berocket_brand":[1339],"class_list":{"0":"post-120584","1":"product","2":"type-product","3":"status-publish","4":"has-post-thumbnail","6":"product_cat-bestsellere","7":"product_cat-kampagne","8":"product_cat-kampagnetilbud-til-ham","9":"product_cat-multipack-deodorant","10":"pa_brand-hugo-boss","11":"berocket_brand-hugo-boss","13":"first","14":"instock","15":"sale","16":"taxable","17":"shipping-taxable","18":"purchasable","19":"product-type-simple"},"_links":{"self":[{"href":"https:\/\/stylingagenten.com\/da\/wp-json\/wp\/v2\/product\/120584","targetHints":{"allow":["GET"]}}],"collection":[{"href":"https:\/\/stylingagenten.com\/da\/wp-json\/wp\/v2\/product"}],"about":[{"href":"https:\/\/stylingagenten.com\/da\/wp-json\/wp\/v2\/types\/product"}],"replies":[{"embeddable":true,"href":"https:\/\/stylingagenten.com\/da\/wp-json\/wp\/v2\/comments?post=120584"}],"version-history":[{"count":0,"href":"https:\/\/stylingagenten.com\/da\/wp-json\/wp\/v2\/product\/120584\/revisions"}],"wp:featuredmedia":[{"embeddable":true,"href":"https:\/\/stylingagenten.com\/da\/wp-json\/wp\/v2\/media\/120581"}],"wp:attachment":[{"href":"https:\/\/stylingagenten.com\/da\/wp-json\/wp\/v2\/media?parent=120584"}],"wp:term":[{"taxonomy":"product_brand","embeddable":true,"href":"https:\/\/stylingagenten.com\/da\/wp-json\/wp\/v2\/product_brand?post=120584"},{"taxonomy":"product_cat","embeddable":true,"href":"https:\/\/stylingagenten.com\/da\/wp-json\/wp\/v2\/product_cat?post=120584"},{"taxonomy":"product_tag","embeddable":true,"href":"https:\/\/stylingagenten.com\/da\/wp-json\/wp\/v2\/product_tag?post=120584"},{"taxonomy":"berocket_brand","embeddable":true,"href":"https:\/\/stylingagenten.com\/da\/wp-json\/wp\/v2\/berocket_brand?post=120584"}],"curies":[{"name":"wp","href":"https:\/\/api.w.org\/{rel}","templated":true}]}}