{"id":120573,"date":"2025-05-18T21:33:14","date_gmt":"2025-05-18T21:33:14","guid":{"rendered":"https:\/\/staging2.stylingagenten.com\/da\/produkt\/2-pack-max-factor-false-lash-effect-mascara-black-131ml\/"},"modified":"2026-04-06T23:58:31","modified_gmt":"2026-04-06T23:58:31","slug":"2-pack-max-factor-false-lash-effect-mascara-black-131ml","status":"publish","type":"product","link":"https:\/\/stylingagenten.com\/da\/produkt\/2-pack-max-factor-false-lash-effect-mascara-black-131ml\/","title":{"rendered":"2-pack Max Factor False Lash Effect Mascara Black 13,1ml"},"content":{"rendered":"<p>Max FactorFalse Lash Effect Mascara fordobler st\u00f8rrelsen af dine vipper og giver et resultat du kun troede naturlige vipper kunne give. Det er s\u00e6sonens must blandt makeupartister. Hemmeligheden er en kombination af Max Factors st\u00f8rste b\u00f8rste nogensinde og formlen med Liquid Lash-teknologi. For hvert volumin\u00f8st strygning af b\u00f8rsten over vipperne, fordeler den mascara rundt om hele vippen uden at klumpe, hvilket giver dig vipper, du kun har dr\u00f8mt om.<\/p>\n<p><strong>Anvendelse:<\/strong> Bedste teknik: B\u00f8j dine vipper i flere sm\u00e5 spring fra bunden af \u200b\u200bvipperne til toppen s\u00e5; at du f\u00e5r en afrunding. Brug alt; ikke et eneste print, d&aring; resultatet er i stedet en unaturlig V-form. Tilf\u00f8j derefter False Lash Effect, s\u00e5 har du begge \u00e5bne? udseende, plus fantastisk volumen og definition p&aring; nul tid.<\/p>\n<p><strong>Farve:<\/strong> Sort<\/p>\n","protected":false},"excerpt":{"rendered":"<p>Max FactorFalse Lash Effect Mascara fordobler st\u00f8rrelsen af dine vipper og giver et resultat du kun troede naturlige vipper kunne give. Det er s\u00e6sonens must blandt makeupartister. Hemmeligheden er en kombination af Max Factors st\u00f8rste b\u00f8rste nogensinde og formlen med Liquid Lash-teknologi. For hvert volumin\u00f8st strygning af b\u00f8rsten over vipperne, fordeler den mascara rundt om [&hellip;]<\/p>\n","protected":false},"featured_media":120568,"comment_status":"open","ping_status":"closed","template":"","meta":{"_trash_the_other_posts":false},"product_brand":[],"product_cat":[1003,673],"product_tag":[],"berocket_brand":[1013],"class_list":{"0":"post-120573","1":"product","2":"type-product","3":"status-publish","4":"has-post-thumbnail","6":"product_cat-bestsellere","7":"product_cat-multipack-make-up","8":"pa_brand-max-factor","9":"berocket_brand-max-factor","11":"first","12":"instock","13":"sale","14":"taxable","15":"shipping-taxable","16":"purchasable","17":"product-type-simple"},"_links":{"self":[{"href":"https:\/\/stylingagenten.com\/da\/wp-json\/wp\/v2\/product\/120573","targetHints":{"allow":["GET"]}}],"collection":[{"href":"https:\/\/stylingagenten.com\/da\/wp-json\/wp\/v2\/product"}],"about":[{"href":"https:\/\/stylingagenten.com\/da\/wp-json\/wp\/v2\/types\/product"}],"replies":[{"embeddable":true,"href":"https:\/\/stylingagenten.com\/da\/wp-json\/wp\/v2\/comments?post=120573"}],"version-history":[{"count":0,"href":"https:\/\/stylingagenten.com\/da\/wp-json\/wp\/v2\/product\/120573\/revisions"}],"wp:featuredmedia":[{"embeddable":true,"href":"https:\/\/stylingagenten.com\/da\/wp-json\/wp\/v2\/media\/120568"}],"wp:attachment":[{"href":"https:\/\/stylingagenten.com\/da\/wp-json\/wp\/v2\/media?parent=120573"}],"wp:term":[{"taxonomy":"product_brand","embeddable":true,"href":"https:\/\/stylingagenten.com\/da\/wp-json\/wp\/v2\/product_brand?post=120573"},{"taxonomy":"product_cat","embeddable":true,"href":"https:\/\/stylingagenten.com\/da\/wp-json\/wp\/v2\/product_cat?post=120573"},{"taxonomy":"product_tag","embeddable":true,"href":"https:\/\/stylingagenten.com\/da\/wp-json\/wp\/v2\/product_tag?post=120573"},{"taxonomy":"berocket_brand","embeddable":true,"href":"https:\/\/stylingagenten.com\/da\/wp-json\/wp\/v2\/berocket_brand?post=120573"}],"curies":[{"name":"wp","href":"https:\/\/api.w.org\/{rel}","templated":true}]}}