{"id":120571,"date":"2025-05-18T21:33:14","date_gmt":"2025-05-18T21:33:14","guid":{"rendered":"https:\/\/staging2.stylingagenten.com\/da\/produkt\/2-pack-schwarzkopf-osis-freeze-500ml\/"},"modified":"2026-04-11T10:18:36","modified_gmt":"2026-04-11T10:18:36","slug":"2-pack-schwarzkopf-osis-freeze-500ml","status":"publish","type":"product","link":"https:\/\/stylingagenten.com\/da\/produkt\/2-pack-schwarzkopf-osis-freeze-500ml\/","title":{"rendered":"2-pack Schwarzkopf Osis Freeze 500ml"},"content":{"rendered":"<p>Osis Freeze 500 ml giver et st\u00e6rkt hold og langvarig stylingkontrol. Den er hurtigt\u00f8rrende og indeholder UV-beskyttelse. Style med en bidende kulde, der trodser tyngdeloven. Osis Freeze er ogs\u00e5 let at b\u00f8rste ud.<\/p>\n<p>Indhold: 2 x 500 ml<\/p>\n","protected":false},"excerpt":{"rendered":"<p>Osis Freeze 500 ml giver et st\u00e6rkt hold og langvarig stylingkontrol. Den er hurtigt\u00f8rrende og indeholder UV-beskyttelse. Style med en bidende kulde, der trodser tyngdeloven. Osis Freeze er ogs\u00e5 let at b\u00f8rste ud. Indhold: 2 x 500 ml<\/p>\n","protected":false},"featured_media":120567,"comment_status":"open","ping_status":"closed","template":"","meta":{"_trash_the_other_posts":false},"product_brand":[],"product_cat":[576,672],"product_tag":[],"berocket_brand":[1060],"class_list":{"0":"post-120571","1":"product","2":"type-product","3":"status-publish","4":"has-post-thumbnail","6":"product_cat-harpiksspray","7":"product_cat-multipack-har","8":"pa_brand-schwarzkopf","9":"berocket_brand-schwarzkopf","11":"first","12":"instock","13":"sale","14":"taxable","15":"shipping-taxable","16":"purchasable","17":"product-type-simple"},"_links":{"self":[{"href":"https:\/\/stylingagenten.com\/da\/wp-json\/wp\/v2\/product\/120571","targetHints":{"allow":["GET"]}}],"collection":[{"href":"https:\/\/stylingagenten.com\/da\/wp-json\/wp\/v2\/product"}],"about":[{"href":"https:\/\/stylingagenten.com\/da\/wp-json\/wp\/v2\/types\/product"}],"replies":[{"embeddable":true,"href":"https:\/\/stylingagenten.com\/da\/wp-json\/wp\/v2\/comments?post=120571"}],"version-history":[{"count":0,"href":"https:\/\/stylingagenten.com\/da\/wp-json\/wp\/v2\/product\/120571\/revisions"}],"wp:featuredmedia":[{"embeddable":true,"href":"https:\/\/stylingagenten.com\/da\/wp-json\/wp\/v2\/media\/120567"}],"wp:attachment":[{"href":"https:\/\/stylingagenten.com\/da\/wp-json\/wp\/v2\/media?parent=120571"}],"wp:term":[{"taxonomy":"product_brand","embeddable":true,"href":"https:\/\/stylingagenten.com\/da\/wp-json\/wp\/v2\/product_brand?post=120571"},{"taxonomy":"product_cat","embeddable":true,"href":"https:\/\/stylingagenten.com\/da\/wp-json\/wp\/v2\/product_cat?post=120571"},{"taxonomy":"product_tag","embeddable":true,"href":"https:\/\/stylingagenten.com\/da\/wp-json\/wp\/v2\/product_tag?post=120571"},{"taxonomy":"berocket_brand","embeddable":true,"href":"https:\/\/stylingagenten.com\/da\/wp-json\/wp\/v2\/berocket_brand?post=120571"}],"curies":[{"name":"wp","href":"https:\/\/api.w.org\/{rel}","templated":true}]}}