{"id":120564,"date":"2025-05-18T21:33:13","date_gmt":"2025-05-18T21:33:13","guid":{"rendered":"https:\/\/staging2.stylingagenten.com\/da\/produkt\/3-pack-max-factor-masterpiece-max-mascara-black-72ml\/"},"modified":"2026-04-05T10:48:37","modified_gmt":"2026-04-05T10:48:37","slug":"3-pack-max-factor-masterpiece-max-mascara-black-72ml","status":"publish","type":"product","link":"https:\/\/stylingagenten.com\/da\/produkt\/3-pack-max-factor-masterpiece-max-mascara-black-72ml\/","title":{"rendered":"3-pack Max Factor Masterpiece Max Mascara Black 7,2ml"},"content":{"rendered":"<p>Max Factor Masterpiece Max Mascara giver op til 400 % volumen!&nbsp;<\/p>\n<p>Det kan v\u00e6re en udfordring at finde en effektiv volumengivende mascara, der ikke efterlader dine vipper klumpete og klistrede. Masterpiece Max Mascara er n\u00e6ste generations mascara. Den giver fyldige, tykke vipper med op til 400% volumen, men definerer og bl\u00f8dg\u00f8r p\u00e5 samme tid og giver en meget elegant effekt. Et str\u00f8g med den h\u00f8jteknologiske iFX-b\u00f8rste giver dig et smart catwalk-resultat p\u00e5 f\u00e5 sekunder.<\/p>\n<p><strong>Indhold:<\/strong> 7,2 ml<\/p>\n","protected":false},"excerpt":{"rendered":"<p>Max Factor Masterpiece Max Mascara giver op til 400 % volumen!&nbsp; Det kan v\u00e6re en udfordring at finde en effektiv volumengivende mascara, der ikke efterlader dine vipper klumpete og klistrede. Masterpiece Max Mascara er n\u00e6ste generations mascara. Den giver fyldige, tykke vipper med op til 400% volumen, men definerer og bl\u00f8dg\u00f8r p\u00e5 samme tid og [&hellip;]<\/p>\n","protected":false},"featured_media":120561,"comment_status":"open","ping_status":"closed","template":"","meta":{"_trash_the_other_posts":false},"product_brand":[],"product_cat":[1003,673],"product_tag":[],"berocket_brand":[1013],"class_list":{"0":"post-120564","1":"product","2":"type-product","3":"status-publish","4":"has-post-thumbnail","6":"product_cat-bestsellere","7":"product_cat-multipack-make-up","8":"pa_brand-max-factor","9":"berocket_brand-max-factor","11":"first","12":"instock","13":"sale","14":"taxable","15":"shipping-taxable","16":"purchasable","17":"product-type-simple"},"_links":{"self":[{"href":"https:\/\/stylingagenten.com\/da\/wp-json\/wp\/v2\/product\/120564","targetHints":{"allow":["GET"]}}],"collection":[{"href":"https:\/\/stylingagenten.com\/da\/wp-json\/wp\/v2\/product"}],"about":[{"href":"https:\/\/stylingagenten.com\/da\/wp-json\/wp\/v2\/types\/product"}],"replies":[{"embeddable":true,"href":"https:\/\/stylingagenten.com\/da\/wp-json\/wp\/v2\/comments?post=120564"}],"version-history":[{"count":0,"href":"https:\/\/stylingagenten.com\/da\/wp-json\/wp\/v2\/product\/120564\/revisions"}],"wp:featuredmedia":[{"embeddable":true,"href":"https:\/\/stylingagenten.com\/da\/wp-json\/wp\/v2\/media\/120561"}],"wp:attachment":[{"href":"https:\/\/stylingagenten.com\/da\/wp-json\/wp\/v2\/media?parent=120564"}],"wp:term":[{"taxonomy":"product_brand","embeddable":true,"href":"https:\/\/stylingagenten.com\/da\/wp-json\/wp\/v2\/product_brand?post=120564"},{"taxonomy":"product_cat","embeddable":true,"href":"https:\/\/stylingagenten.com\/da\/wp-json\/wp\/v2\/product_cat?post=120564"},{"taxonomy":"product_tag","embeddable":true,"href":"https:\/\/stylingagenten.com\/da\/wp-json\/wp\/v2\/product_tag?post=120564"},{"taxonomy":"berocket_brand","embeddable":true,"href":"https:\/\/stylingagenten.com\/da\/wp-json\/wp\/v2\/berocket_brand?post=120564"}],"curies":[{"name":"wp","href":"https:\/\/api.w.org\/{rel}","templated":true}]}}