{"id":120553,"date":"2025-05-18T21:33:10","date_gmt":"2025-05-18T21:33:10","guid":{"rendered":"https:\/\/staging2.stylingagenten.com\/da\/produkt\/2-pack-paco-rabanne-1-million-invictus-deostick-75ml\/"},"modified":"2026-04-02T17:58:58","modified_gmt":"2026-04-02T17:58:58","slug":"2-pack-paco-rabanne-1-million-invictus-deostick-75ml","status":"publish","type":"product","link":"https:\/\/stylingagenten.com\/da\/produkt\/2-pack-paco-rabanne-1-million-invictus-deostick-75ml\/","title":{"rendered":"2-pack Paco Rabanne 1 Million + Invictus Deostick 75ml"},"content":{"rendered":"<p>Deodorant kl\u00e6ber i samme gode duft som parfumerne.<br \/>Paco Rabanne 1 Million er en luksuri\u00f8s og sensuel duft med noter af pebermynte, mandarin og kanel.<br \/>Duftnoter: mandarin, appelsin, grapefrugt, pebermynte, rose, kanel , krydrede noter, l\u00e6der, patchouli, hvide tr\u00e6noter og rav.<br \/>Paco Rabanne Invictus er en elegant duft til manden, der er vovet, innovativ og skarp. En duft til manden, der elsker, n\u00e5r adrenalinen pumper, som er elegant og t\u00f8r tage plads! Parfumen \u00e5bner med s\u00f8de dufte af grapefrugt, laurb\u00e6rblade og marine noter og g\u00e5r derefter over i et maskulint hjerte af patchouli og tr\u00e6agtige noter. Duften lander derefter bl\u00f8dt og sensuelt i en base af ambra.<\/p>\n<p>Duftnoter: grapefrugt, laurb\u00e6rblade, marine noter, patchouli, tr\u00e6agtige noter og ambra.<\/p>\n","protected":false},"excerpt":{"rendered":"<p>Deodorant kl\u00e6ber i samme gode duft som parfumerne.Paco Rabanne 1 Million er en luksuri\u00f8s og sensuel duft med noter af pebermynte, mandarin og kanel.Duftnoter: mandarin, appelsin, grapefrugt, pebermynte, rose, kanel , krydrede noter, l\u00e6der, patchouli, hvide tr\u00e6noter og rav.Paco Rabanne Invictus er en elegant duft til manden, der er vovet, innovativ og skarp. En duft [&hellip;]<\/p>\n","protected":false},"featured_media":120552,"comment_status":"open","ping_status":"closed","template":"","meta":{"_trash_the_other_posts":false},"product_brand":[],"product_cat":[670],"product_tag":[],"berocket_brand":[1048],"class_list":{"0":"post-120553","1":"product","2":"type-product","3":"status-publish","4":"has-post-thumbnail","6":"product_cat-multipack-deodorant","7":"pa_brand-paco-rabanne","8":"berocket_brand-paco-rabanne","10":"first","11":"instock","12":"sale","13":"taxable","14":"shipping-taxable","15":"purchasable","16":"product-type-simple"},"_links":{"self":[{"href":"https:\/\/stylingagenten.com\/da\/wp-json\/wp\/v2\/product\/120553","targetHints":{"allow":["GET"]}}],"collection":[{"href":"https:\/\/stylingagenten.com\/da\/wp-json\/wp\/v2\/product"}],"about":[{"href":"https:\/\/stylingagenten.com\/da\/wp-json\/wp\/v2\/types\/product"}],"replies":[{"embeddable":true,"href":"https:\/\/stylingagenten.com\/da\/wp-json\/wp\/v2\/comments?post=120553"}],"version-history":[{"count":0,"href":"https:\/\/stylingagenten.com\/da\/wp-json\/wp\/v2\/product\/120553\/revisions"}],"wp:featuredmedia":[{"embeddable":true,"href":"https:\/\/stylingagenten.com\/da\/wp-json\/wp\/v2\/media\/120552"}],"wp:attachment":[{"href":"https:\/\/stylingagenten.com\/da\/wp-json\/wp\/v2\/media?parent=120553"}],"wp:term":[{"taxonomy":"product_brand","embeddable":true,"href":"https:\/\/stylingagenten.com\/da\/wp-json\/wp\/v2\/product_brand?post=120553"},{"taxonomy":"product_cat","embeddable":true,"href":"https:\/\/stylingagenten.com\/da\/wp-json\/wp\/v2\/product_cat?post=120553"},{"taxonomy":"product_tag","embeddable":true,"href":"https:\/\/stylingagenten.com\/da\/wp-json\/wp\/v2\/product_tag?post=120553"},{"taxonomy":"berocket_brand","embeddable":true,"href":"https:\/\/stylingagenten.com\/da\/wp-json\/wp\/v2\/berocket_brand?post=120553"}],"curies":[{"name":"wp","href":"https:\/\/api.w.org\/{rel}","templated":true}]}}