{"id":120518,"date":"2025-05-18T21:33:04","date_gmt":"2025-05-18T21:33:04","guid":{"rendered":"https:\/\/staging2.stylingagenten.com\/da\/produkt\/3-pack-brave-new-hair-color-schampoo-conditioner-mask\/"},"modified":"2026-04-14T13:48:28","modified_gmt":"2026-04-14T13:48:28","slug":"3-pack-brave-new-hair-color-schampoo-conditioner-mask","status":"publish","type":"product","link":"https:\/\/stylingagenten.com\/da\/produkt\/3-pack-brave-new-hair-color-schampoo-conditioner-mask\/","title":{"rendered":"3-pack Brave. New. Hair. Color Schampoo + Conditioner + Mask"},"content":{"rendered":"<p><strong>Color Shampoo<\/strong> fra Brave New Hair er en sulfatfri shampoo, der bevarer din h\u00e5rfarve og giver glans ved hj\u00e6lp af quinoa, UV-filtre og frugtsyrer.<br \/>10 fordele:<br \/>\u2014 Vedligeholder farven og skyggen i dit h\u00e5r<br \/>\u2014 Forbedrer h\u00e5rets klarhed og glans p\u00e5 grund af en anti-kalkeffekt<br \/>\u2014 Beskytter mod milj\u00f8forurening<br \/>\u2014 Letter stylingen<br \/>\u2014 Forbedrer h\u00e5rstrukturen<br \/>\u2014 Antistatisk effekt <br \/>\u2014 Forbedrer h\u00e5rets udseende og fremh\u00e6ver h\u00e5rets glans<br \/>\u2014 \u00d8ger absorptionen af \u200b\u200bpigment i h\u00e5ret efter omfarvning<br \/>\u2014 Endnu bedre farvebevarelse efter omfarvning<\/p>\n<p>Anvendelse: Mass\u00e9r shampooen ind i v\u00e5dt h\u00e5r og skyl med vand. Gentag processen og mass\u00e9r h\u00e5r og hovedbund, indtil det skummer godt, og skyl derefter grundigt med vand. Regelm\u00e6ssig brug anbefales for at opn\u00e5 optimale resultater.<\/p>\n<p>Fri for:<br \/>sulfater<br \/>silikoner<br \/>Tilsat salt<br \/>Ingredienser af animalsk oprindelse<br \/>vaselin<\/p>\n<p><strong> Color Conditioner<\/strong> fra Brave New Hair er en h\u00e5rbalsam til farvebevarelse og glans med quinoa, UV-filter, frugtsyrer og valn\u00f8ddeekstrakt.<br \/>10 fordele:<br \/>\u2014 Bevarer farven og nuancen af \u200b\u200bdit h\u00e5r<br \/>\u2014 Forbedrer h\u00e5rets lysstyrke p\u00e5 grund af en anti-kalk coating effekt<br \/>\u2014 Beskytter mod milj\u00f8forurening<br \/>\u2014 Giver langsigtet beskyttelse mod frie radikaler<br \/>\u2014 Letter styling<br \/>\u2014 Forbedrer h\u00e5rets udseende og fremh\u00e6ver h\u00e5rglans<br \/>\u2014 \u00d8ger optagelsen af \u200b\u200bpigmenter i h\u00e5ret efter nyfarvning<\/p>\n<p>Anvendelse: Efter shampoo med den farvebevarende shampoo i samme serie, p\u00e5f\u00f8r en gener\u00f8s m\u00e6ngde h\u00e5rbalsam. Arbejd forsigtigt balsamen gennem h\u00e5ret, og s\u00f8rg for, at den d\u00e6kker hele vejen til spidserne. Vent tre minutter, og skyl derefter grundigt.<\/p>\n<p>Fri for:<br \/>sulfater<br \/>silikoner<br \/>Tilsat salt<br \/>Ingredienser af animalsk oprindelse<br \/>vaseline<\/p>\n<p><strong> Color Mask Concentrate<\/strong> fra Brave New Hair er en h\u00e5rmaske, der giver farvebevarelse og glans med quinoa, UV-filtre, frugtsyrer og valn\u00f8ddeekstrakt.<br \/>10 fordele:<br \/>\u2014 Bevarer farven og nuancen af \u200b\u200bdin h\u00e5r<br \/>\u2014 Forbedrer h\u00e5rets klarhed og glans p\u00e5 grund af en anti-forkalkningseffekt<br \/>\u2014 Beskytter mod milj\u00f8forurening<br \/>\u2014 Giver langtidsbeskyttelse mod frie radikaler<br \/>\u2014 Letterer styling<br \/>\u2014 Forbedrer h\u00e5rets udseende og fremh\u00e6ver h\u00e5rets glans<br \/>\u2014 \u00d8ger optagelsen af \u200b\u200bpigment i h\u00e5ret efter omfarvning<\/p>\n<p>Anvendelse: Brug h\u00e5rmasken efter den farvebevarende shampoo i samme serie. Lad virke i fem minutter, og skyl grundigt med vand.<\/p>\n<p>Fri for:<br \/>sulfater<br \/>silikoner<br \/>Tilsat salt<br \/>Ingredienser af animalsk oprindelse<br \/>vaseline<\/p>\n","protected":false},"excerpt":{"rendered":"<p>Color Shampoo fra Brave New Hair er en sulfatfri shampoo, der bevarer din h\u00e5rfarve og giver glans ved hj\u00e6lp af quinoa, UV-filtre og frugtsyrer.10 fordele:\u2014 Vedligeholder farven og skyggen i dit h\u00e5r\u2014 Forbedrer h\u00e5rets klarhed og glans p\u00e5 grund af en anti-kalkeffekt\u2014 Beskytter mod milj\u00f8forurening\u2014 Letter stylingen\u2014 Forbedrer h\u00e5rstrukturen\u2014 Antistatisk effekt \u2014 Forbedrer h\u00e5rets udseende [&hellip;]<\/p>\n","protected":false},"featured_media":120517,"comment_status":"open","ping_status":"closed","template":"","meta":{"_trash_the_other_posts":false},"product_brand":[],"product_cat":[672],"product_tag":[],"berocket_brand":[1211],"class_list":{"0":"post-120518","1":"product","2":"type-product","3":"status-publish","4":"has-post-thumbnail","6":"product_cat-multipack-har","7":"pa_brand-brave-new-hair","8":"berocket_brand-brave-new-hair","10":"first","11":"instock","12":"sale","13":"taxable","14":"shipping-taxable","15":"purchasable","16":"product-type-simple"},"_links":{"self":[{"href":"https:\/\/stylingagenten.com\/da\/wp-json\/wp\/v2\/product\/120518","targetHints":{"allow":["GET"]}}],"collection":[{"href":"https:\/\/stylingagenten.com\/da\/wp-json\/wp\/v2\/product"}],"about":[{"href":"https:\/\/stylingagenten.com\/da\/wp-json\/wp\/v2\/types\/product"}],"replies":[{"embeddable":true,"href":"https:\/\/stylingagenten.com\/da\/wp-json\/wp\/v2\/comments?post=120518"}],"version-history":[{"count":0,"href":"https:\/\/stylingagenten.com\/da\/wp-json\/wp\/v2\/product\/120518\/revisions"}],"wp:featuredmedia":[{"embeddable":true,"href":"https:\/\/stylingagenten.com\/da\/wp-json\/wp\/v2\/media\/120517"}],"wp:attachment":[{"href":"https:\/\/stylingagenten.com\/da\/wp-json\/wp\/v2\/media?parent=120518"}],"wp:term":[{"taxonomy":"product_brand","embeddable":true,"href":"https:\/\/stylingagenten.com\/da\/wp-json\/wp\/v2\/product_brand?post=120518"},{"taxonomy":"product_cat","embeddable":true,"href":"https:\/\/stylingagenten.com\/da\/wp-json\/wp\/v2\/product_cat?post=120518"},{"taxonomy":"product_tag","embeddable":true,"href":"https:\/\/stylingagenten.com\/da\/wp-json\/wp\/v2\/product_tag?post=120518"},{"taxonomy":"berocket_brand","embeddable":true,"href":"https:\/\/stylingagenten.com\/da\/wp-json\/wp\/v2\/berocket_brand?post=120518"}],"curies":[{"name":"wp","href":"https:\/\/api.w.org\/{rel}","templated":true}]}}