{"id":120516,"date":"2025-05-18T21:33:04","date_gmt":"2025-05-18T21:33:04","guid":{"rendered":"https:\/\/staging2.stylingagenten.com\/da\/produkt\/2-pack-fudge-matte-hed-85ml\/"},"modified":"2026-03-14T20:43:29","modified_gmt":"2026-03-14T20:43:29","slug":"2-pack-fudge-matte-hed-85ml","status":"publish","type":"product","link":"https:\/\/stylingagenten.com\/da\/produkt\/2-pack-fudge-matte-hed-85ml\/","title":{"rendered":"2-pack Fudge Matte Hed 85ml"},"content":{"rendered":"<p>Fudge Matte Hed skaber definition og tekstur og giver en supermat, fleksibel, fast og t\u00f8r finish. Denne voks beskytter mod udt\u00f8rring og beskytter h\u00e5rets naturlige konditionering gennem organiske n\u00e6rende stoffer. Duft af k\u00f8lig agurk og melon.<\/p>\n","protected":false},"excerpt":{"rendered":"<p>Fudge Matte Hed skaber definition og tekstur og giver en supermat, fleksibel, fast og t\u00f8r finish. Denne voks beskytter mod udt\u00f8rring og beskytter h\u00e5rets naturlige konditionering gennem organiske n\u00e6rende stoffer. Duft af k\u00f8lig agurk og melon.<\/p>\n","protected":false},"featured_media":120512,"comment_status":"open","ping_status":"closed","template":"","meta":{"_trash_the_other_posts":false},"product_brand":[],"product_cat":[671],"product_tag":[],"berocket_brand":[1319],"class_list":{"0":"post-120516","1":"product","2":"type-product","3":"status-publish","4":"has-post-thumbnail","6":"product_cat-multipak-voks","7":"pa_brand-fudge","8":"berocket_brand-fudge","10":"first","11":"instock","12":"sale","13":"taxable","14":"shipping-taxable","15":"purchasable","16":"product-type-simple"},"_links":{"self":[{"href":"https:\/\/stylingagenten.com\/da\/wp-json\/wp\/v2\/product\/120516","targetHints":{"allow":["GET"]}}],"collection":[{"href":"https:\/\/stylingagenten.com\/da\/wp-json\/wp\/v2\/product"}],"about":[{"href":"https:\/\/stylingagenten.com\/da\/wp-json\/wp\/v2\/types\/product"}],"replies":[{"embeddable":true,"href":"https:\/\/stylingagenten.com\/da\/wp-json\/wp\/v2\/comments?post=120516"}],"version-history":[{"count":0,"href":"https:\/\/stylingagenten.com\/da\/wp-json\/wp\/v2\/product\/120516\/revisions"}],"wp:featuredmedia":[{"embeddable":true,"href":"https:\/\/stylingagenten.com\/da\/wp-json\/wp\/v2\/media\/120512"}],"wp:attachment":[{"href":"https:\/\/stylingagenten.com\/da\/wp-json\/wp\/v2\/media?parent=120516"}],"wp:term":[{"taxonomy":"product_brand","embeddable":true,"href":"https:\/\/stylingagenten.com\/da\/wp-json\/wp\/v2\/product_brand?post=120516"},{"taxonomy":"product_cat","embeddable":true,"href":"https:\/\/stylingagenten.com\/da\/wp-json\/wp\/v2\/product_cat?post=120516"},{"taxonomy":"product_tag","embeddable":true,"href":"https:\/\/stylingagenten.com\/da\/wp-json\/wp\/v2\/product_tag?post=120516"},{"taxonomy":"berocket_brand","embeddable":true,"href":"https:\/\/stylingagenten.com\/da\/wp-json\/wp\/v2\/berocket_brand?post=120516"}],"curies":[{"name":"wp","href":"https:\/\/api.w.org\/{rel}","templated":true}]}}