{"id":120513,"date":"2025-05-18T21:33:04","date_gmt":"2025-05-18T21:33:04","guid":{"rendered":"https:\/\/staging2.stylingagenten.com\/da\/produkt\/2-pack-fudge-matte-hed-extra-85g\/"},"modified":"2026-04-02T13:57:37","modified_gmt":"2026-04-02T13:57:37","slug":"2-pack-fudge-matte-hed-extra-85g","status":"publish","type":"product","link":"https:\/\/stylingagenten.com\/da\/produkt\/2-pack-fudge-matte-hed-extra-85g\/","title":{"rendered":"2-pack Fudge Matte Hed Extra 85g"},"content":{"rendered":"<p>Fudge Matte Hed Extra er en mat tekstureret pasta med et fast hold. Det giver struktur og former h\u00e5ret med en ekstra mat finish. Fudge Matte Hed Extra giver volumen og glat h\u00e5roverflade, mens den giver kontrol ved hj\u00e6lp af Chinaclay og organisk voks. \u00d8kologiske plejende stoffer forhindrer fugttab og bevarer h\u00e5rets naturlige kvalitet. Mild duft af agurk og melon.<\/p>\n","protected":false},"excerpt":{"rendered":"<p>Fudge Matte Hed Extra er en mat tekstureret pasta med et fast hold. Det giver struktur og former h\u00e5ret med en ekstra mat finish. Fudge Matte Hed Extra giver volumen og glat h\u00e5roverflade, mens den giver kontrol ved hj\u00e6lp af Chinaclay og organisk voks. \u00d8kologiske plejende stoffer forhindrer fugttab og bevarer h\u00e5rets naturlige kvalitet. Mild [&hellip;]<\/p>\n","protected":false},"featured_media":120510,"comment_status":"open","ping_status":"closed","template":"","meta":{"_trash_the_other_posts":false},"product_brand":[],"product_cat":[671],"product_tag":[],"berocket_brand":[1319],"class_list":{"0":"post-120513","1":"product","2":"type-product","3":"status-publish","4":"has-post-thumbnail","6":"product_cat-multipak-voks","7":"pa_brand-fudge","8":"berocket_brand-fudge","10":"first","11":"instock","12":"sale","13":"taxable","14":"shipping-taxable","15":"purchasable","16":"product-type-simple"},"_links":{"self":[{"href":"https:\/\/stylingagenten.com\/da\/wp-json\/wp\/v2\/product\/120513","targetHints":{"allow":["GET"]}}],"collection":[{"href":"https:\/\/stylingagenten.com\/da\/wp-json\/wp\/v2\/product"}],"about":[{"href":"https:\/\/stylingagenten.com\/da\/wp-json\/wp\/v2\/types\/product"}],"replies":[{"embeddable":true,"href":"https:\/\/stylingagenten.com\/da\/wp-json\/wp\/v2\/comments?post=120513"}],"version-history":[{"count":0,"href":"https:\/\/stylingagenten.com\/da\/wp-json\/wp\/v2\/product\/120513\/revisions"}],"wp:featuredmedia":[{"embeddable":true,"href":"https:\/\/stylingagenten.com\/da\/wp-json\/wp\/v2\/media\/120510"}],"wp:attachment":[{"href":"https:\/\/stylingagenten.com\/da\/wp-json\/wp\/v2\/media?parent=120513"}],"wp:term":[{"taxonomy":"product_brand","embeddable":true,"href":"https:\/\/stylingagenten.com\/da\/wp-json\/wp\/v2\/product_brand?post=120513"},{"taxonomy":"product_cat","embeddable":true,"href":"https:\/\/stylingagenten.com\/da\/wp-json\/wp\/v2\/product_cat?post=120513"},{"taxonomy":"product_tag","embeddable":true,"href":"https:\/\/stylingagenten.com\/da\/wp-json\/wp\/v2\/product_tag?post=120513"},{"taxonomy":"berocket_brand","embeddable":true,"href":"https:\/\/stylingagenten.com\/da\/wp-json\/wp\/v2\/berocket_brand?post=120513"}],"curies":[{"name":"wp","href":"https:\/\/api.w.org\/{rel}","templated":true}]}}