{"id":120353,"date":"2025-05-18T21:32:39","date_gmt":"2025-05-18T21:32:39","guid":{"rendered":"https:\/\/staging2.stylingagenten.com\/da\/produkt\/kokie-velvet-smooth-eyeliner-gilded-gold\/"},"modified":"2026-03-15T16:37:53","modified_gmt":"2026-03-15T16:37:53","slug":"kokie-velvet-smooth-eyeliner-gilded-gold","status":"publish","type":"product","link":"https:\/\/stylingagenten.com\/da\/produkt\/kokie-velvet-smooth-eyeliner-gilded-gold\/","title":{"rendered":"Kokie Velvet Smooth Eyeliner &#8211; Gilded Gold"},"content":{"rendered":"<p>Kokie Cosmetics pr\u00e6senterer en vandt\u00e6t gel eyeliner, der glider p\u00e5&aring; glat og holder hele dagen. <br \/>Den semi-matte finish kl\u00e6ber ikke eller flager og leverer et holdbart resultat i op til 14 timer. <br \/>Med den tynde spids indrammer du nemt \u00f8jnene for en intens definition eller blender din eyeliner ud med en lille b\u00f8rste for at opn\u00e5; et bl\u00f8dere look.<\/p>\n<p>F\u00e5s i farverne: lys bl\u00e5, bronze, champagne, koksgr\u00e5, chokolade, dyb navy, dybeste sort, aubergine, skovgr\u00f8n, forgyldt guld, kongebl\u00e5 og sterlings\u00f8lv<\/p>\n<p> p&gt;<\/p>\n","protected":false},"excerpt":{"rendered":"<p>Kokie Cosmetics pr\u00e6senterer en vandt\u00e6t gel eyeliner, der glider p\u00e5&aring; glat og holder hele dagen. Den semi-matte finish kl\u00e6ber ikke eller flager og leverer et holdbart resultat i op til 14 timer. Med den tynde spids indrammer du nemt \u00f8jnene for en intens definition eller blender din eyeliner ud med en lille b\u00f8rste for at [&hellip;]<\/p>\n","protected":false},"featured_media":120345,"comment_status":"open","ping_status":"closed","template":"","meta":{"_trash_the_other_posts":false},"product_brand":[],"product_cat":[568],"product_tag":[3171],"berocket_brand":[1198],"class_list":{"0":"post-120353","1":"product","2":"type-product","3":"status-publish","4":"has-post-thumbnail","6":"product_cat-eyeliner-kajal","7":"product_tag-kokie-velvet-smooth-eyeliner","8":"pa_brand-kokie-cosmetics","9":"pa_variant-gilded-gold","10":"berocket_brand-kokie-cosmetics","12":"first","13":"instock","14":"sale","15":"taxable","16":"shipping-taxable","17":"purchasable","18":"product-type-simple"},"_links":{"self":[{"href":"https:\/\/stylingagenten.com\/da\/wp-json\/wp\/v2\/product\/120353","targetHints":{"allow":["GET"]}}],"collection":[{"href":"https:\/\/stylingagenten.com\/da\/wp-json\/wp\/v2\/product"}],"about":[{"href":"https:\/\/stylingagenten.com\/da\/wp-json\/wp\/v2\/types\/product"}],"replies":[{"embeddable":true,"href":"https:\/\/stylingagenten.com\/da\/wp-json\/wp\/v2\/comments?post=120353"}],"version-history":[{"count":0,"href":"https:\/\/stylingagenten.com\/da\/wp-json\/wp\/v2\/product\/120353\/revisions"}],"wp:featuredmedia":[{"embeddable":true,"href":"https:\/\/stylingagenten.com\/da\/wp-json\/wp\/v2\/media\/120345"}],"wp:attachment":[{"href":"https:\/\/stylingagenten.com\/da\/wp-json\/wp\/v2\/media?parent=120353"}],"wp:term":[{"taxonomy":"product_brand","embeddable":true,"href":"https:\/\/stylingagenten.com\/da\/wp-json\/wp\/v2\/product_brand?post=120353"},{"taxonomy":"product_cat","embeddable":true,"href":"https:\/\/stylingagenten.com\/da\/wp-json\/wp\/v2\/product_cat?post=120353"},{"taxonomy":"product_tag","embeddable":true,"href":"https:\/\/stylingagenten.com\/da\/wp-json\/wp\/v2\/product_tag?post=120353"},{"taxonomy":"berocket_brand","embeddable":true,"href":"https:\/\/stylingagenten.com\/da\/wp-json\/wp\/v2\/berocket_brand?post=120353"}],"curies":[{"name":"wp","href":"https:\/\/api.w.org\/{rel}","templated":true}]}}