{"id":120311,"date":"2025-05-18T21:32:31","date_gmt":"2025-05-18T21:32:31","guid":{"rendered":"https:\/\/staging2.stylingagenten.com\/da\/produkt\/max-factor-kohl-pencil-010-white\/"},"modified":"2026-04-01T07:38:58","modified_gmt":"2026-04-01T07:38:58","slug":"max-factor-kohl-pencil-010-white","status":"publish","type":"product","link":"https:\/\/stylingagenten.com\/da\/produkt\/max-factor-kohl-pencil-010-white\/","title":{"rendered":"Max Factor Kohl Pencil 010 White"},"content":{"rendered":"<p>Max Factor Kohl Pencil Eyeliner er blid og nem at p\u00e5f\u00f8re. <br \/>Blyanten er fast nok til en elegant definition og bl\u00f8d nok til en sofistikeret r\u00f8get finish.<\/p>\n","protected":false},"excerpt":{"rendered":"<p>Max Factor Kohl Pencil Eyeliner er blid og nem at p\u00e5f\u00f8re. Blyanten er fast nok til en elegant definition og bl\u00f8d nok til en sofistikeret r\u00f8get finish.<\/p>\n","protected":false},"featured_media":120300,"comment_status":"open","ping_status":"closed","template":"","meta":{"_trash_the_other_posts":false},"product_brand":[],"product_cat":[568],"product_tag":[3481],"berocket_brand":[1013],"class_list":{"0":"post-120311","1":"product","2":"type-product","3":"status-publish","4":"has-post-thumbnail","6":"product_cat-eyeliner-kajal","7":"product_tag-max-factor-kohl-pencil","8":"pa_brand-max-factor","9":"pa_variant-010-white","10":"berocket_brand-max-factor","12":"first","13":"instock","14":"sale","15":"taxable","16":"shipping-taxable","17":"purchasable","18":"product-type-simple"},"_links":{"self":[{"href":"https:\/\/stylingagenten.com\/da\/wp-json\/wp\/v2\/product\/120311","targetHints":{"allow":["GET"]}}],"collection":[{"href":"https:\/\/stylingagenten.com\/da\/wp-json\/wp\/v2\/product"}],"about":[{"href":"https:\/\/stylingagenten.com\/da\/wp-json\/wp\/v2\/types\/product"}],"replies":[{"embeddable":true,"href":"https:\/\/stylingagenten.com\/da\/wp-json\/wp\/v2\/comments?post=120311"}],"version-history":[{"count":0,"href":"https:\/\/stylingagenten.com\/da\/wp-json\/wp\/v2\/product\/120311\/revisions"}],"wp:featuredmedia":[{"embeddable":true,"href":"https:\/\/stylingagenten.com\/da\/wp-json\/wp\/v2\/media\/120300"}],"wp:attachment":[{"href":"https:\/\/stylingagenten.com\/da\/wp-json\/wp\/v2\/media?parent=120311"}],"wp:term":[{"taxonomy":"product_brand","embeddable":true,"href":"https:\/\/stylingagenten.com\/da\/wp-json\/wp\/v2\/product_brand?post=120311"},{"taxonomy":"product_cat","embeddable":true,"href":"https:\/\/stylingagenten.com\/da\/wp-json\/wp\/v2\/product_cat?post=120311"},{"taxonomy":"product_tag","embeddable":true,"href":"https:\/\/stylingagenten.com\/da\/wp-json\/wp\/v2\/product_tag?post=120311"},{"taxonomy":"berocket_brand","embeddable":true,"href":"https:\/\/stylingagenten.com\/da\/wp-json\/wp\/v2\/berocket_brand?post=120311"}],"curies":[{"name":"wp","href":"https:\/\/api.w.org\/{rel}","templated":true}]}}