{"id":120293,"date":"2025-05-18T21:32:28","date_gmt":"2025-05-18T21:32:28","guid":{"rendered":"https:\/\/staging2.stylingagenten.com\/da\/produkt\/nyx-prof-makeup-epic-wear-liquid-liner-white\/"},"modified":"2025-12-18T21:53:56","modified_gmt":"2025-12-18T21:53:56","slug":"nyx-prof-makeup-epic-wear-liquid-liner-white","status":"publish","type":"product","link":"https:\/\/stylingagenten.com\/da\/produkt\/nyx-prof-makeup-epic-wear-liquid-liner-white\/","title":{"rendered":"NYX PROF. MAKEUP Epic Wear Liquid Liner &#8211; White"},"content":{"rendered":"<p>NYX PROF. MAKEUP Epic Wear Liquid Liner &#8211; Hvid &#8211; 3,5 ml<br \/>Med en slank og fleksibel filtb\u00f8rstespids giver denne intenst pigmenterede, vandt\u00e6tte eyelinerblyant dig pr\u00e6cise, s\u00f8de, brune linjer uden problemer. Hvert slag er utroligt flydende og kontrolleret for en defineret finish. Tjek tykkelsen af dine linjer ved at trykke forsigtigt. Fint og naturligt til bredt og fedt \u2013 eyeliner-looket er altid op til dig!<\/p>\n","protected":false},"excerpt":{"rendered":"<p>NYX PROF. MAKEUP Epic Wear Liquid Liner &#8211; Hvid &#8211; 3,5 mlMed en slank og fleksibel filtb\u00f8rstespids giver denne intenst pigmenterede, vandt\u00e6tte eyelinerblyant dig pr\u00e6cise, s\u00f8de, brune linjer uden problemer. Hvert slag er utroligt flydende og kontrolleret for en defineret finish. Tjek tykkelsen af dine linjer ved at trykke forsigtigt. Fint og naturligt til bredt [&hellip;]<\/p>\n","protected":false},"featured_media":120270,"comment_status":"open","ping_status":"closed","template":"","meta":{"_trash_the_other_posts":false},"product_brand":[],"product_cat":[568,1005],"product_tag":[3664],"berocket_brand":[1025],"class_list":{"0":"post-120293","1":"product","2":"type-product","3":"status-publish","4":"has-post-thumbnail","6":"product_cat-eyeliner-kajal","7":"product_cat-outlet","8":"product_tag-nyx-prof-makeup-epic-wear-liquid-liner","9":"pa_brand-nyx","10":"pa_variant-white","11":"berocket_brand-nyx","13":"first","14":"instock","15":"sale","16":"taxable","17":"shipping-taxable","18":"purchasable","19":"product-type-simple"},"_links":{"self":[{"href":"https:\/\/stylingagenten.com\/da\/wp-json\/wp\/v2\/product\/120293","targetHints":{"allow":["GET"]}}],"collection":[{"href":"https:\/\/stylingagenten.com\/da\/wp-json\/wp\/v2\/product"}],"about":[{"href":"https:\/\/stylingagenten.com\/da\/wp-json\/wp\/v2\/types\/product"}],"replies":[{"embeddable":true,"href":"https:\/\/stylingagenten.com\/da\/wp-json\/wp\/v2\/comments?post=120293"}],"version-history":[{"count":0,"href":"https:\/\/stylingagenten.com\/da\/wp-json\/wp\/v2\/product\/120293\/revisions"}],"wp:featuredmedia":[{"embeddable":true,"href":"https:\/\/stylingagenten.com\/da\/wp-json\/wp\/v2\/media\/120270"}],"wp:attachment":[{"href":"https:\/\/stylingagenten.com\/da\/wp-json\/wp\/v2\/media?parent=120293"}],"wp:term":[{"taxonomy":"product_brand","embeddable":true,"href":"https:\/\/stylingagenten.com\/da\/wp-json\/wp\/v2\/product_brand?post=120293"},{"taxonomy":"product_cat","embeddable":true,"href":"https:\/\/stylingagenten.com\/da\/wp-json\/wp\/v2\/product_cat?post=120293"},{"taxonomy":"product_tag","embeddable":true,"href":"https:\/\/stylingagenten.com\/da\/wp-json\/wp\/v2\/product_tag?post=120293"},{"taxonomy":"berocket_brand","embeddable":true,"href":"https:\/\/stylingagenten.com\/da\/wp-json\/wp\/v2\/berocket_brand?post=120293"}],"curies":[{"name":"wp","href":"https:\/\/api.w.org\/{rel}","templated":true}]}}