{"id":120267,"date":"2025-05-18T21:32:25","date_gmt":"2025-05-18T21:32:25","guid":{"rendered":"https:\/\/staging2.stylingagenten.com\/da\/produkt\/nyx-prof-makeup-epic-wear-liquid-liner-lilac\/"},"modified":"2025-12-18T21:54:02","modified_gmt":"2025-12-18T21:54:02","slug":"nyx-prof-makeup-epic-wear-liquid-liner-lilac","status":"publish","type":"product","link":"https:\/\/stylingagenten.com\/da\/produkt\/nyx-prof-makeup-epic-wear-liquid-liner-lilac\/","title":{"rendered":"NYX PROF. MAKEUP Epic Wear Liquid Liner &#8211; Lilac"},"content":{"rendered":"<p>NYX PROF. MAKEUP Epic Wear Liquid Liner &#8211; Lila &#8211; 3ml<br \/>Med en slank og fleksibel filtb\u00f8rstespids giver denne intenst pigmenterede, vandt\u00e6tte eyelinerpen dig pr\u00e6cise, s\u00f8de, brune linjer uden problemer. Hvert slag er utroligt flydende og kontrolleret for en defineret finish. Tjek tykkelsen af dine linjer ved at trykke forsigtigt. Fint og naturligt til bredt og fedt \u2013 eyeliner-looket er altid op til dig!<\/p>\n","protected":false},"excerpt":{"rendered":"<p>NYX PROF. MAKEUP Epic Wear Liquid Liner &#8211; Lila &#8211; 3mlMed en slank og fleksibel filtb\u00f8rstespids giver denne intenst pigmenterede, vandt\u00e6tte eyelinerpen dig pr\u00e6cise, s\u00f8de, brune linjer uden problemer. Hvert slag er utroligt flydende og kontrolleret for en defineret finish. Tjek tykkelsen af dine linjer ved at trykke forsigtigt. Fint og naturligt til bredt og [&hellip;]<\/p>\n","protected":false},"featured_media":120237,"comment_status":"open","ping_status":"closed","template":"","meta":{"_trash_the_other_posts":false},"product_brand":[],"product_cat":[568],"product_tag":[3664],"berocket_brand":[1025],"class_list":{"0":"post-120267","1":"product","2":"type-product","3":"status-publish","4":"has-post-thumbnail","6":"product_cat-eyeliner-kajal","7":"product_tag-nyx-prof-makeup-epic-wear-liquid-liner","8":"pa_brand-nyx","9":"pa_variant-lilac","10":"berocket_brand-nyx","12":"first","13":"instock","14":"sale","15":"taxable","16":"shipping-taxable","17":"purchasable","18":"product-type-simple"},"_links":{"self":[{"href":"https:\/\/stylingagenten.com\/da\/wp-json\/wp\/v2\/product\/120267","targetHints":{"allow":["GET"]}}],"collection":[{"href":"https:\/\/stylingagenten.com\/da\/wp-json\/wp\/v2\/product"}],"about":[{"href":"https:\/\/stylingagenten.com\/da\/wp-json\/wp\/v2\/types\/product"}],"replies":[{"embeddable":true,"href":"https:\/\/stylingagenten.com\/da\/wp-json\/wp\/v2\/comments?post=120267"}],"version-history":[{"count":0,"href":"https:\/\/stylingagenten.com\/da\/wp-json\/wp\/v2\/product\/120267\/revisions"}],"wp:featuredmedia":[{"embeddable":true,"href":"https:\/\/stylingagenten.com\/da\/wp-json\/wp\/v2\/media\/120237"}],"wp:attachment":[{"href":"https:\/\/stylingagenten.com\/da\/wp-json\/wp\/v2\/media?parent=120267"}],"wp:term":[{"taxonomy":"product_brand","embeddable":true,"href":"https:\/\/stylingagenten.com\/da\/wp-json\/wp\/v2\/product_brand?post=120267"},{"taxonomy":"product_cat","embeddable":true,"href":"https:\/\/stylingagenten.com\/da\/wp-json\/wp\/v2\/product_cat?post=120267"},{"taxonomy":"product_tag","embeddable":true,"href":"https:\/\/stylingagenten.com\/da\/wp-json\/wp\/v2\/product_tag?post=120267"},{"taxonomy":"berocket_brand","embeddable":true,"href":"https:\/\/stylingagenten.com\/da\/wp-json\/wp\/v2\/berocket_brand?post=120267"}],"curies":[{"name":"wp","href":"https:\/\/api.w.org\/{rel}","templated":true}]}}