{"id":120224,"date":"2025-05-18T21:32:21","date_gmt":"2025-05-18T21:32:21","guid":{"rendered":"https:\/\/staging2.stylingagenten.com\/da\/produkt\/max-factor-kohl-eye-pencil-black-020-4g\/"},"modified":"2026-04-06T09:21:34","modified_gmt":"2026-04-06T09:21:34","slug":"max-factor-kohl-eye-pencil-black-020-4g","status":"publish","type":"product","link":"https:\/\/stylingagenten.com\/da\/produkt\/max-factor-kohl-eye-pencil-black-020-4g\/","title":{"rendered":"Max Factor Kohl Eye Pencil Black 020 4g"},"content":{"rendered":"<p>Max Factor Khol Eye Pencil er dit hemmelige v\u00e5ben, n\u00e5r du vil have sexede og i\u00f8jnefaldende \u00f8jne! Den bl\u00f8de blyant er nem at p\u00e5f\u00f8re og skaber \u00f8jeblikkeligt en f\u00f8lelse af glamour, uanset om du skal fra arbejde til arbejde, fitnesscentret eller dansegulvet!<\/p>\n","protected":false},"excerpt":{"rendered":"<p>Max Factor Khol Eye Pencil er dit hemmelige v\u00e5ben, n\u00e5r du vil have sexede og i\u00f8jnefaldende \u00f8jne! Den bl\u00f8de blyant er nem at p\u00e5f\u00f8re og skaber \u00f8jeblikkeligt en f\u00f8lelse af glamour, uanset om du skal fra arbejde til arbejde, fitnesscentret eller dansegulvet!<\/p>\n","protected":false},"featured_media":120217,"comment_status":"open","ping_status":"closed","template":"","meta":{"_trash_the_other_posts":false},"product_brand":[],"product_cat":[1003,568],"product_tag":[],"berocket_brand":[1013],"class_list":{"0":"post-120224","1":"product","2":"type-product","3":"status-publish","4":"has-post-thumbnail","6":"product_cat-bestsellere","7":"product_cat-eyeliner-kajal","8":"pa_brand-max-factor","9":"berocket_brand-max-factor","11":"first","12":"instock","13":"sale","14":"taxable","15":"shipping-taxable","16":"purchasable","17":"product-type-simple"},"_links":{"self":[{"href":"https:\/\/stylingagenten.com\/da\/wp-json\/wp\/v2\/product\/120224","targetHints":{"allow":["GET"]}}],"collection":[{"href":"https:\/\/stylingagenten.com\/da\/wp-json\/wp\/v2\/product"}],"about":[{"href":"https:\/\/stylingagenten.com\/da\/wp-json\/wp\/v2\/types\/product"}],"replies":[{"embeddable":true,"href":"https:\/\/stylingagenten.com\/da\/wp-json\/wp\/v2\/comments?post=120224"}],"version-history":[{"count":0,"href":"https:\/\/stylingagenten.com\/da\/wp-json\/wp\/v2\/product\/120224\/revisions"}],"wp:featuredmedia":[{"embeddable":true,"href":"https:\/\/stylingagenten.com\/da\/wp-json\/wp\/v2\/media\/120217"}],"wp:attachment":[{"href":"https:\/\/stylingagenten.com\/da\/wp-json\/wp\/v2\/media?parent=120224"}],"wp:term":[{"taxonomy":"product_brand","embeddable":true,"href":"https:\/\/stylingagenten.com\/da\/wp-json\/wp\/v2\/product_brand?post=120224"},{"taxonomy":"product_cat","embeddable":true,"href":"https:\/\/stylingagenten.com\/da\/wp-json\/wp\/v2\/product_cat?post=120224"},{"taxonomy":"product_tag","embeddable":true,"href":"https:\/\/stylingagenten.com\/da\/wp-json\/wp\/v2\/product_tag?post=120224"},{"taxonomy":"berocket_brand","embeddable":true,"href":"https:\/\/stylingagenten.com\/da\/wp-json\/wp\/v2\/berocket_brand?post=120224"}],"curies":[{"name":"wp","href":"https:\/\/api.w.org\/{rel}","templated":true}]}}