{"id":120209,"date":"2025-05-18T21:32:18","date_gmt":"2025-05-18T21:32:18","guid":{"rendered":"https:\/\/staging2.stylingagenten.com\/da\/produkt\/kokie-retractable-liquid-eyeliner-ultimate-black\/"},"modified":"2025-12-18T21:49:09","modified_gmt":"2025-12-18T21:49:09","slug":"kokie-retractable-liquid-eyeliner-ultimate-black","status":"publish","type":"product","link":"https:\/\/stylingagenten.com\/da\/produkt\/kokie-retractable-liquid-eyeliner-ultimate-black\/","title":{"rendered":"Kokie Retractable Liquid Eyeliner Ultimate Black"},"content":{"rendered":"<p>Kokie Retractable liquid eyeliner er en eyeliner i en udtr\u00e6kkelig pen for at g\u00f8re din makeup-rutine speciel; s\u00e5 let som muligt. Denne fantastiske eyeliner tilbyder jetsort bl\u00e6k og en spids filtspids &ndash; hvilket g\u00f8r det meget nemt at medbringe; for at perfektionere den perfekte eyeliner.<\/p>\n<p>Anvendelse: Fjern h\u00e6tten for at udvide produktet til fuld st\u00f8rrelse, ryst godt f\u00f8r brug.<\/p>\n","protected":false},"excerpt":{"rendered":"<p>Kokie Retractable liquid eyeliner er en eyeliner i en udtr\u00e6kkelig pen for at g\u00f8re din makeup-rutine speciel; s\u00e5 let som muligt. Denne fantastiske eyeliner tilbyder jetsort bl\u00e6k og en spids filtspids &ndash; hvilket g\u00f8r det meget nemt at medbringe; for at perfektionere den perfekte eyeliner. Anvendelse: Fjern h\u00e6tten for at udvide produktet til fuld st\u00f8rrelse, [&hellip;]<\/p>\n","protected":false},"featured_media":120204,"comment_status":"open","ping_status":"closed","template":"","meta":{"_trash_the_other_posts":false},"product_brand":[],"product_cat":[568],"product_tag":[],"berocket_brand":[1198],"class_list":{"0":"post-120209","1":"product","2":"type-product","3":"status-publish","4":"has-post-thumbnail","6":"product_cat-eyeliner-kajal","7":"pa_brand-kokie-cosmetics","8":"berocket_brand-kokie-cosmetics","10":"first","11":"instock","12":"sale","13":"taxable","14":"shipping-taxable","15":"purchasable","16":"product-type-simple"},"_links":{"self":[{"href":"https:\/\/stylingagenten.com\/da\/wp-json\/wp\/v2\/product\/120209","targetHints":{"allow":["GET"]}}],"collection":[{"href":"https:\/\/stylingagenten.com\/da\/wp-json\/wp\/v2\/product"}],"about":[{"href":"https:\/\/stylingagenten.com\/da\/wp-json\/wp\/v2\/types\/product"}],"replies":[{"embeddable":true,"href":"https:\/\/stylingagenten.com\/da\/wp-json\/wp\/v2\/comments?post=120209"}],"version-history":[{"count":0,"href":"https:\/\/stylingagenten.com\/da\/wp-json\/wp\/v2\/product\/120209\/revisions"}],"wp:featuredmedia":[{"embeddable":true,"href":"https:\/\/stylingagenten.com\/da\/wp-json\/wp\/v2\/media\/120204"}],"wp:attachment":[{"href":"https:\/\/stylingagenten.com\/da\/wp-json\/wp\/v2\/media?parent=120209"}],"wp:term":[{"taxonomy":"product_brand","embeddable":true,"href":"https:\/\/stylingagenten.com\/da\/wp-json\/wp\/v2\/product_brand?post=120209"},{"taxonomy":"product_cat","embeddable":true,"href":"https:\/\/stylingagenten.com\/da\/wp-json\/wp\/v2\/product_cat?post=120209"},{"taxonomy":"product_tag","embeddable":true,"href":"https:\/\/stylingagenten.com\/da\/wp-json\/wp\/v2\/product_tag?post=120209"},{"taxonomy":"berocket_brand","embeddable":true,"href":"https:\/\/stylingagenten.com\/da\/wp-json\/wp\/v2\/berocket_brand?post=120209"}],"curies":[{"name":"wp","href":"https:\/\/api.w.org\/{rel}","templated":true}]}}