{"id":120201,"date":"2025-05-18T21:32:16","date_gmt":"2025-05-18T21:32:16","guid":{"rendered":"https:\/\/staging2.stylingagenten.com\/da\/produkt\/nyx-prof-makeup-jumbo-eye-pencil-iced-mocha\/"},"modified":"2026-04-04T18:27:31","modified_gmt":"2026-04-04T18:27:31","slug":"nyx-prof-makeup-jumbo-eye-pencil-iced-mocha","status":"publish","type":"product","link":"https:\/\/stylingagenten.com\/da\/produkt\/nyx-prof-makeup-jumbo-eye-pencil-iced-mocha\/","title":{"rendered":"NYX PROF. MAKEUP Jumbo Eye Pencil Iced Mocha"},"content":{"rendered":"<p>NYX PROFESSIONAL MAKEUP Jumbo Eye Pencil Iced Mocha kan bruges som eyeliner s\u00e5vel som skygge. Formlen med mineralske olier og pudder udt\u00f8rrer ikke dine \u00f8jenl\u00e5g og glider let p\u00e5.<\/p>\n","protected":false},"excerpt":{"rendered":"<p>NYX PROFESSIONAL MAKEUP Jumbo Eye Pencil Iced Mocha kan bruges som eyeliner s\u00e5vel som skygge. Formlen med mineralske olier og pudder udt\u00f8rrer ikke dine \u00f8jenl\u00e5g og glider let p\u00e5.<\/p>\n","protected":false},"featured_media":120197,"comment_status":"open","ping_status":"closed","template":"","meta":{"_trash_the_other_posts":false},"product_brand":[],"product_cat":[568],"product_tag":[3676],"berocket_brand":[1025],"class_list":{"0":"post-120201","1":"product","2":"type-product","3":"status-publish","4":"has-post-thumbnail","6":"product_cat-eyeliner-kajal","7":"product_tag-nyx-prof-makeup-jumbo-eye-pencil","8":"pa_brand-nyx","9":"pa_variant-iced-mocha","10":"berocket_brand-nyx","12":"first","13":"outofstock","14":"sale","15":"taxable","16":"shipping-taxable","17":"purchasable","18":"product-type-simple"},"_links":{"self":[{"href":"https:\/\/stylingagenten.com\/da\/wp-json\/wp\/v2\/product\/120201","targetHints":{"allow":["GET"]}}],"collection":[{"href":"https:\/\/stylingagenten.com\/da\/wp-json\/wp\/v2\/product"}],"about":[{"href":"https:\/\/stylingagenten.com\/da\/wp-json\/wp\/v2\/types\/product"}],"replies":[{"embeddable":true,"href":"https:\/\/stylingagenten.com\/da\/wp-json\/wp\/v2\/comments?post=120201"}],"version-history":[{"count":0,"href":"https:\/\/stylingagenten.com\/da\/wp-json\/wp\/v2\/product\/120201\/revisions"}],"wp:featuredmedia":[{"embeddable":true,"href":"https:\/\/stylingagenten.com\/da\/wp-json\/wp\/v2\/media\/120197"}],"wp:attachment":[{"href":"https:\/\/stylingagenten.com\/da\/wp-json\/wp\/v2\/media?parent=120201"}],"wp:term":[{"taxonomy":"product_brand","embeddable":true,"href":"https:\/\/stylingagenten.com\/da\/wp-json\/wp\/v2\/product_brand?post=120201"},{"taxonomy":"product_cat","embeddable":true,"href":"https:\/\/stylingagenten.com\/da\/wp-json\/wp\/v2\/product_cat?post=120201"},{"taxonomy":"product_tag","embeddable":true,"href":"https:\/\/stylingagenten.com\/da\/wp-json\/wp\/v2\/product_tag?post=120201"},{"taxonomy":"berocket_brand","embeddable":true,"href":"https:\/\/stylingagenten.com\/da\/wp-json\/wp\/v2\/berocket_brand?post=120201"}],"curies":[{"name":"wp","href":"https:\/\/api.w.org\/{rel}","templated":true}]}}