{"id":120200,"date":"2025-05-18T21:32:16","date_gmt":"2025-05-18T21:32:16","guid":{"rendered":"https:\/\/staging2.stylingagenten.com\/da\/produkt\/thebalm-mr-write-now-eyeliner-raj-navy-028g\/"},"modified":"2026-03-12T19:27:56","modified_gmt":"2026-03-12T19:27:56","slug":"thebalm-mr-write-now-eyeliner-raj-navy-028g","status":"publish","type":"product","link":"https:\/\/stylingagenten.com\/da\/produkt\/thebalm-mr-write-now-eyeliner-raj-navy-028g\/","title":{"rendered":"theBalm Mr Write Now Eyeliner Raj Navy 0,28g"},"content":{"rendered":"<p>theBalm Mr Write (nu) har en skygge til hver dag i ugen &#8230; og lidt til! M\u00f8d den nye kollektion af attraktive eyeliners, der virkelig smigrer \u00f8jnene. Disse blyanter leverer de langtidsholdbare farver, du har ledt efter, og har indbyggede spidsere. de er altid klar, n\u00e5r du er. B\u00e6rbare nuancer og en satinbl\u00f8d tekstur.<\/p>\n<p>Farve: Navy<\/p>\n","protected":false},"excerpt":{"rendered":"<p>theBalm Mr Write (nu) har en skygge til hver dag i ugen &#8230; og lidt til! M\u00f8d den nye kollektion af attraktive eyeliners, der virkelig smigrer \u00f8jnene. Disse blyanter leverer de langtidsholdbare farver, du har ledt efter, og har indbyggede spidsere. de er altid klar, n\u00e5r du er. B\u00e6rbare nuancer og en satinbl\u00f8d tekstur. Farve: [&hellip;]<\/p>\n","protected":false},"featured_media":120199,"comment_status":"open","ping_status":"closed","template":"","meta":{"_trash_the_other_posts":false},"product_brand":[],"product_cat":[568],"product_tag":[4009],"berocket_brand":[1118],"class_list":{"0":"post-120200","1":"product","2":"type-product","3":"status-publish","4":"has-post-thumbnail","6":"product_cat-eyeliner-kajal","7":"product_tag-thebalm-mr-write-now-eyeliner-028g","8":"pa_brand-thebalm","9":"pa_variant-raj-navy","10":"berocket_brand-thebalm","12":"first","13":"instock","14":"sale","15":"taxable","16":"shipping-taxable","17":"purchasable","18":"product-type-simple"},"_links":{"self":[{"href":"https:\/\/stylingagenten.com\/da\/wp-json\/wp\/v2\/product\/120200","targetHints":{"allow":["GET"]}}],"collection":[{"href":"https:\/\/stylingagenten.com\/da\/wp-json\/wp\/v2\/product"}],"about":[{"href":"https:\/\/stylingagenten.com\/da\/wp-json\/wp\/v2\/types\/product"}],"replies":[{"embeddable":true,"href":"https:\/\/stylingagenten.com\/da\/wp-json\/wp\/v2\/comments?post=120200"}],"version-history":[{"count":0,"href":"https:\/\/stylingagenten.com\/da\/wp-json\/wp\/v2\/product\/120200\/revisions"}],"wp:featuredmedia":[{"embeddable":true,"href":"https:\/\/stylingagenten.com\/da\/wp-json\/wp\/v2\/media\/120199"}],"wp:attachment":[{"href":"https:\/\/stylingagenten.com\/da\/wp-json\/wp\/v2\/media?parent=120200"}],"wp:term":[{"taxonomy":"product_brand","embeddable":true,"href":"https:\/\/stylingagenten.com\/da\/wp-json\/wp\/v2\/product_brand?post=120200"},{"taxonomy":"product_cat","embeddable":true,"href":"https:\/\/stylingagenten.com\/da\/wp-json\/wp\/v2\/product_cat?post=120200"},{"taxonomy":"product_tag","embeddable":true,"href":"https:\/\/stylingagenten.com\/da\/wp-json\/wp\/v2\/product_tag?post=120200"},{"taxonomy":"berocket_brand","embeddable":true,"href":"https:\/\/stylingagenten.com\/da\/wp-json\/wp\/v2\/berocket_brand?post=120200"}],"curies":[{"name":"wp","href":"https:\/\/api.w.org\/{rel}","templated":true}]}}