{"id":120171,"date":"2025-05-18T21:32:11","date_gmt":"2025-05-18T21:32:11","guid":{"rendered":"https:\/\/staging2.stylingagenten.com\/da\/produkt\/beauty-uk-double-ended-jumbo-pencil-no-1-blackwhite\/"},"modified":"2026-03-16T12:07:47","modified_gmt":"2026-03-16T12:07:47","slug":"beauty-uk-double-ended-jumbo-pencil-no-1-blackwhite","status":"publish","type":"product","link":"https:\/\/stylingagenten.com\/da\/produkt\/beauty-uk-double-ended-jumbo-pencil-no-1-blackwhite\/","title":{"rendered":"Beauty UK Double Ended Jumbo Pencil no.1 &#8211; Black&amp;White"},"content":{"rendered":"<p>Beauty UK Double Ended Jumbo Pencil no.1 &#8211; Black&amp;White. En revolution inden for stil og bekvemmelighed &#8211; denne dobbeltsidede pen giver med den sorte &ouml;pen et perfekt og fl\u00f8jlsbl\u00f8dt resultat og en &quot;metallisk finish&quot; med &ouml;gon-skyggen. Det ideelle vingeslag til at skabe et pr\u00e6-risikofyldt farvespring p\u00e5; &ouml; tulle. Fungerer perfekt som base til at bygge \u00f8jenskyggen og skabe det \u00f8nskede look.<\/p>\n<p>Farve &#8211; Sort Eyeliner \/ Hvid \u00f8jenskygge<\/p>\n","protected":false},"excerpt":{"rendered":"<p>Beauty UK Double Ended Jumbo Pencil no.1 &#8211; Black&amp;White. En revolution inden for stil og bekvemmelighed &#8211; denne dobbeltsidede pen giver med den sorte &ouml;pen et perfekt og fl\u00f8jlsbl\u00f8dt resultat og en &quot;metallisk finish&quot; med &ouml;gon-skyggen. Det ideelle vingeslag til at skabe et pr\u00e6-risikofyldt farvespring p\u00e5; &ouml; tulle. Fungerer perfekt som base til at bygge [&hellip;]<\/p>\n","protected":false},"featured_media":120169,"comment_status":"open","ping_status":"closed","template":"","meta":{"_trash_the_other_posts":false},"product_brand":[],"product_cat":[568],"product_tag":[2493],"berocket_brand":[1059],"class_list":{"0":"post-120171","1":"product","2":"type-product","3":"status-publish","4":"has-post-thumbnail","6":"product_cat-eyeliner-kajal","7":"product_tag-beauty-uk-double-ended-jumbo-pencil","8":"pa_brand-beautyuk","9":"pa_variant-no-1-blackwhite","10":"berocket_brand-beautyuk","12":"first","13":"instock","14":"sale","15":"taxable","16":"shipping-taxable","17":"purchasable","18":"product-type-simple"},"_links":{"self":[{"href":"https:\/\/stylingagenten.com\/da\/wp-json\/wp\/v2\/product\/120171","targetHints":{"allow":["GET"]}}],"collection":[{"href":"https:\/\/stylingagenten.com\/da\/wp-json\/wp\/v2\/product"}],"about":[{"href":"https:\/\/stylingagenten.com\/da\/wp-json\/wp\/v2\/types\/product"}],"replies":[{"embeddable":true,"href":"https:\/\/stylingagenten.com\/da\/wp-json\/wp\/v2\/comments?post=120171"}],"version-history":[{"count":0,"href":"https:\/\/stylingagenten.com\/da\/wp-json\/wp\/v2\/product\/120171\/revisions"}],"wp:featuredmedia":[{"embeddable":true,"href":"https:\/\/stylingagenten.com\/da\/wp-json\/wp\/v2\/media\/120169"}],"wp:attachment":[{"href":"https:\/\/stylingagenten.com\/da\/wp-json\/wp\/v2\/media?parent=120171"}],"wp:term":[{"taxonomy":"product_brand","embeddable":true,"href":"https:\/\/stylingagenten.com\/da\/wp-json\/wp\/v2\/product_brand?post=120171"},{"taxonomy":"product_cat","embeddable":true,"href":"https:\/\/stylingagenten.com\/da\/wp-json\/wp\/v2\/product_cat?post=120171"},{"taxonomy":"product_tag","embeddable":true,"href":"https:\/\/stylingagenten.com\/da\/wp-json\/wp\/v2\/product_tag?post=120171"},{"taxonomy":"berocket_brand","embeddable":true,"href":"https:\/\/stylingagenten.com\/da\/wp-json\/wp\/v2\/berocket_brand?post=120171"}],"curies":[{"name":"wp","href":"https:\/\/api.w.org\/{rel}","templated":true}]}}