{"id":120161,"date":"2025-05-18T21:32:08","date_gmt":"2025-05-18T21:32:08","guid":{"rendered":"https:\/\/staging2.stylingagenten.com\/da\/produkt\/kokie-gel-ink-dual-ended-liner-black\/"},"modified":"2026-03-11T19:37:37","modified_gmt":"2026-03-11T19:37:37","slug":"kokie-gel-ink-dual-ended-liner-black","status":"publish","type":"product","link":"https:\/\/stylingagenten.com\/da\/produkt\/kokie-gel-ink-dual-ended-liner-black\/","title":{"rendered":"Kokie Gel-Ink Dual Ended Liner Black"},"content":{"rendered":"<p>Kokie Gel Ink Dual Ended Eyeliner har alt hvad du beh\u00f8ver for at skabe \u00f8jenmakeup p\u00e5 enhver \u00f8jenform. Indeholder en tynd flydende liner p\u00e5 den ene side og en gelpen p\u00e5 den anden. Formuleret til at holde i op til 12 timers brug med en matsort formel. Dette unikke design giver dig mulighed for at skabe en simpel eyeliner eller et multidimensionelt \u00f8jenlook &#8211; et must i din makeuptaske.<\/p>\n<p>Vandafvisende<br \/>Snavsfri<br \/>Matsort finish<br \/>Op til 12 timers holdbarhed<\/p>\n","protected":false},"excerpt":{"rendered":"<p>Kokie Gel Ink Dual Ended Eyeliner har alt hvad du beh\u00f8ver for at skabe \u00f8jenmakeup p\u00e5 enhver \u00f8jenform. Indeholder en tynd flydende liner p\u00e5 den ene side og en gelpen p\u00e5 den anden. Formuleret til at holde i op til 12 timers brug med en matsort formel. Dette unikke design giver dig mulighed for at [&hellip;]<\/p>\n","protected":false},"featured_media":120142,"comment_status":"open","ping_status":"closed","template":"","meta":{"_trash_the_other_posts":false},"product_brand":[],"product_cat":[568],"product_tag":[],"berocket_brand":[1198],"class_list":{"0":"post-120161","1":"product","2":"type-product","3":"status-publish","4":"has-post-thumbnail","6":"product_cat-eyeliner-kajal","7":"pa_brand-kokie-cosmetics","8":"berocket_brand-kokie-cosmetics","10":"first","11":"instock","12":"sale","13":"taxable","14":"shipping-taxable","15":"purchasable","16":"product-type-simple"},"_links":{"self":[{"href":"https:\/\/stylingagenten.com\/da\/wp-json\/wp\/v2\/product\/120161","targetHints":{"allow":["GET"]}}],"collection":[{"href":"https:\/\/stylingagenten.com\/da\/wp-json\/wp\/v2\/product"}],"about":[{"href":"https:\/\/stylingagenten.com\/da\/wp-json\/wp\/v2\/types\/product"}],"replies":[{"embeddable":true,"href":"https:\/\/stylingagenten.com\/da\/wp-json\/wp\/v2\/comments?post=120161"}],"version-history":[{"count":0,"href":"https:\/\/stylingagenten.com\/da\/wp-json\/wp\/v2\/product\/120161\/revisions"}],"wp:featuredmedia":[{"embeddable":true,"href":"https:\/\/stylingagenten.com\/da\/wp-json\/wp\/v2\/media\/120142"}],"wp:attachment":[{"href":"https:\/\/stylingagenten.com\/da\/wp-json\/wp\/v2\/media?parent=120161"}],"wp:term":[{"taxonomy":"product_brand","embeddable":true,"href":"https:\/\/stylingagenten.com\/da\/wp-json\/wp\/v2\/product_brand?post=120161"},{"taxonomy":"product_cat","embeddable":true,"href":"https:\/\/stylingagenten.com\/da\/wp-json\/wp\/v2\/product_cat?post=120161"},{"taxonomy":"product_tag","embeddable":true,"href":"https:\/\/stylingagenten.com\/da\/wp-json\/wp\/v2\/product_tag?post=120161"},{"taxonomy":"berocket_brand","embeddable":true,"href":"https:\/\/stylingagenten.com\/da\/wp-json\/wp\/v2\/berocket_brand?post=120161"}],"curies":[{"name":"wp","href":"https:\/\/api.w.org\/{rel}","templated":true}]}}