{"id":120114,"date":"2025-05-18T21:32:03","date_gmt":"2025-05-18T21:32:03","guid":{"rendered":"https:\/\/staging2.stylingagenten.com\/da\/produkt\/artdeco-soft-eyeliner-waterproof-10-black-1-2g\/"},"modified":"2026-04-07T19:38:44","modified_gmt":"2026-04-07T19:38:44","slug":"artdeco-soft-eyeliner-waterproof-10-black-1-2g","status":"publish","type":"product","link":"https:\/\/stylingagenten.com\/da\/produkt\/artdeco-soft-eyeliner-waterproof-10-black-1-2g\/","title":{"rendered":"Artdeco Soft Eyeliner Waterproof 10 Black 1.2g"},"content":{"rendered":"<p>Artdeco Soft Eyeliner Waterproof 10 Black 1,2g<br \/>Soft Eye Liner er en us\u00e6dvanlig holdbar eyeliner, der er nem at p\u00e5f\u00f8re takket v\u00e6re dens cremede og glatte tekstur. S\u00e5 snart det t\u00f8rrer, er det ogs\u00e5 vandt\u00e6t og snavsfrit. Kan ogs\u00e5 slettes for bl\u00f8dere linjer. Indeholder naturlige antioxidanter og E-vitamin. Uden parfume.<br \/>\u2022 Let at p\u00e5f\u00f8re og langvarige resultater<br \/>\u2022 Vandt\u00e6t og pletterfri<br \/>\u2022 Kan slettes for glattere linjer<br \/>\u2022 Indeholder naturlige antioxidanter og E-vitamin<br \/>\u2022 Duft -gratis<\/p>\n","protected":false},"excerpt":{"rendered":"<p>Artdeco Soft Eyeliner Waterproof 10 Black 1,2gSoft Eye Liner er en us\u00e6dvanlig holdbar eyeliner, der er nem at p\u00e5f\u00f8re takket v\u00e6re dens cremede og glatte tekstur. S\u00e5 snart det t\u00f8rrer, er det ogs\u00e5 vandt\u00e6t og snavsfrit. Kan ogs\u00e5 slettes for bl\u00f8dere linjer. Indeholder naturlige antioxidanter og E-vitamin. Uden parfume.\u2022 Let at p\u00e5f\u00f8re og langvarige resultater\u2022 [&hellip;]<\/p>\n","protected":false},"featured_media":120101,"comment_status":"open","ping_status":"closed","template":"","meta":{"_trash_the_other_posts":false},"product_brand":[],"product_cat":[568],"product_tag":[2446],"berocket_brand":[1385],"class_list":{"0":"post-120114","1":"product","2":"type-product","3":"status-publish","4":"has-post-thumbnail","6":"product_cat-eyeliner-kajal","7":"product_tag-artdeco-soft-eyeliner-waterproof-1-2g","8":"pa_brand-artdeco","9":"pa_variant-10-black","10":"berocket_brand-artdeco","12":"first","13":"outofstock","14":"sale","15":"taxable","16":"shipping-taxable","17":"purchasable","18":"product-type-simple"},"_links":{"self":[{"href":"https:\/\/stylingagenten.com\/da\/wp-json\/wp\/v2\/product\/120114","targetHints":{"allow":["GET"]}}],"collection":[{"href":"https:\/\/stylingagenten.com\/da\/wp-json\/wp\/v2\/product"}],"about":[{"href":"https:\/\/stylingagenten.com\/da\/wp-json\/wp\/v2\/types\/product"}],"replies":[{"embeddable":true,"href":"https:\/\/stylingagenten.com\/da\/wp-json\/wp\/v2\/comments?post=120114"}],"version-history":[{"count":0,"href":"https:\/\/stylingagenten.com\/da\/wp-json\/wp\/v2\/product\/120114\/revisions"}],"wp:featuredmedia":[{"embeddable":true,"href":"https:\/\/stylingagenten.com\/da\/wp-json\/wp\/v2\/media\/120101"}],"wp:attachment":[{"href":"https:\/\/stylingagenten.com\/da\/wp-json\/wp\/v2\/media?parent=120114"}],"wp:term":[{"taxonomy":"product_brand","embeddable":true,"href":"https:\/\/stylingagenten.com\/da\/wp-json\/wp\/v2\/product_brand?post=120114"},{"taxonomy":"product_cat","embeddable":true,"href":"https:\/\/stylingagenten.com\/da\/wp-json\/wp\/v2\/product_cat?post=120114"},{"taxonomy":"product_tag","embeddable":true,"href":"https:\/\/stylingagenten.com\/da\/wp-json\/wp\/v2\/product_tag?post=120114"},{"taxonomy":"berocket_brand","embeddable":true,"href":"https:\/\/stylingagenten.com\/da\/wp-json\/wp\/v2\/berocket_brand?post=120114"}],"curies":[{"name":"wp","href":"https:\/\/api.w.org\/{rel}","templated":true}]}}