{"id":120045,"date":"2025-05-18T21:31:54","date_gmt":"2025-05-18T21:31:54","guid":{"rendered":"https:\/\/staging2.stylingagenten.com\/da\/produkt\/beard-monkey-hair-body-wash-lemongrass-rain-250ml\/"},"modified":"2026-04-15T04:29:38","modified_gmt":"2026-04-15T04:29:38","slug":"beard-monkey-hair-body-wash-lemongrass-rain-250ml","status":"publish","type":"product","link":"https:\/\/stylingagenten.com\/da\/produkt\/beard-monkey-hair-body-wash-lemongrass-rain-250ml\/","title":{"rendered":"Beard Monkey Hair &amp; Body Wash Lemongrass Rain 250ml"},"content":{"rendered":"<p style='margin-top:0cm;margin-right:0cm;margin-bottom:8.0pt;margin-left:0cm;font-size:15px;font-family:\"Calibri\",sans-serif'> Sk\u00e6gabeh\u00e5r &amp; Body Wash Lemongrass Rain er en 2-i-1 vask, der er n\u00e6rende og rensende. Vasket\u00f8jet er udviklet til at skabe en forfriskende og frisk f\u00f8lelse i b\u00e5de h\u00e5r og hud. Vaskeriet indeholder flere gode ingredienser herunder; som arganolie og gr\u00f8n te.<\/p>\n<p style='margin: 0cm 0cm 8pt;font-family: \"Calibri\", sans-serif'>250 ml<\/p>\n<p><\/p>\n","protected":false},"excerpt":{"rendered":"<p>Sk\u00e6gabeh\u00e5r &amp; Body Wash Lemongrass Rain er en 2-i-1 vask, der er n\u00e6rende og rensende. Vasket\u00f8jet er udviklet til at skabe en forfriskende og frisk f\u00f8lelse i b\u00e5de h\u00e5r og hud. Vaskeriet indeholder flere gode ingredienser herunder; som arganolie og gr\u00f8n te. 250 ml<\/p>\n","protected":false},"featured_media":120042,"comment_status":"open","ping_status":"closed","template":"","meta":{"_trash_the_other_posts":false},"product_brand":[],"product_cat":[560,682],"product_tag":[],"berocket_brand":[1077],"class_list":{"0":"post-120045","1":"product","2":"type-product","3":"status-publish","4":"has-post-thumbnail","6":"product_cat-badesaebe","7":"product_cat-hudvard-mand","8":"pa_brand-beard-monkey","9":"berocket_brand-beard-monkey","11":"first","12":"instock","13":"sale","14":"taxable","15":"shipping-taxable","16":"purchasable","17":"product-type-simple"},"_links":{"self":[{"href":"https:\/\/stylingagenten.com\/da\/wp-json\/wp\/v2\/product\/120045","targetHints":{"allow":["GET"]}}],"collection":[{"href":"https:\/\/stylingagenten.com\/da\/wp-json\/wp\/v2\/product"}],"about":[{"href":"https:\/\/stylingagenten.com\/da\/wp-json\/wp\/v2\/types\/product"}],"replies":[{"embeddable":true,"href":"https:\/\/stylingagenten.com\/da\/wp-json\/wp\/v2\/comments?post=120045"}],"version-history":[{"count":1,"href":"https:\/\/stylingagenten.com\/da\/wp-json\/wp\/v2\/product\/120045\/revisions"}],"predecessor-version":[{"id":2000703,"href":"https:\/\/stylingagenten.com\/da\/wp-json\/wp\/v2\/product\/120045\/revisions\/2000703"}],"wp:featuredmedia":[{"embeddable":true,"href":"https:\/\/stylingagenten.com\/da\/wp-json\/wp\/v2\/media\/120042"}],"wp:attachment":[{"href":"https:\/\/stylingagenten.com\/da\/wp-json\/wp\/v2\/media?parent=120045"}],"wp:term":[{"taxonomy":"product_brand","embeddable":true,"href":"https:\/\/stylingagenten.com\/da\/wp-json\/wp\/v2\/product_brand?post=120045"},{"taxonomy":"product_cat","embeddable":true,"href":"https:\/\/stylingagenten.com\/da\/wp-json\/wp\/v2\/product_cat?post=120045"},{"taxonomy":"product_tag","embeddable":true,"href":"https:\/\/stylingagenten.com\/da\/wp-json\/wp\/v2\/product_tag?post=120045"},{"taxonomy":"berocket_brand","embeddable":true,"href":"https:\/\/stylingagenten.com\/da\/wp-json\/wp\/v2\/berocket_brand?post=120045"}],"curies":[{"name":"wp","href":"https:\/\/api.w.org\/{rel}","templated":true}]}}