{"id":119911,"date":"2025-05-18T21:31:33","date_gmt":"2025-05-18T21:31:33","guid":{"rendered":"https:\/\/staging2.stylingagenten.com\/da\/produkt\/jean-paul-gaultier-scandal-shower-gel-200ml\/"},"modified":"2025-12-23T07:37:29","modified_gmt":"2025-12-23T07:37:29","slug":"jean-paul-gaultier-scandal-shower-gel-200ml","status":"publish","type":"product","link":"https:\/\/stylingagenten.com\/da\/produkt\/jean-paul-gaultier-scandal-shower-gel-200ml\/","title":{"rendered":"Jean Paul Gaultier Scandal Shower Gel 200ml"},"content":{"rendered":"<p>En f\u00f8lelse af friskhed og sensualitet. Scandal Shower Gel g\u00f8r huden bl\u00f8d og glat takket v\u00e6re dens skummende tekstur. En bruses\u00e6be med en duft af skandale.<\/p>\n","protected":false},"excerpt":{"rendered":"<p>En f\u00f8lelse af friskhed og sensualitet. Scandal Shower Gel g\u00f8r huden bl\u00f8d og glat takket v\u00e6re dens skummende tekstur. En bruses\u00e6be med en duft af skandale.<\/p>\n","protected":false},"featured_media":119909,"comment_status":"open","ping_status":"closed","template":"","meta":{"_trash_the_other_posts":false},"product_brand":[],"product_cat":[560,1005],"product_tag":[],"berocket_brand":[1353],"class_list":{"0":"post-119911","1":"product","2":"type-product","3":"status-publish","4":"has-post-thumbnail","6":"product_cat-badesaebe","7":"product_cat-outlet","8":"pa_brand-jean-paul-gaultier","9":"berocket_brand-jean-paul-gaultier","11":"first","12":"instock","13":"sale","14":"taxable","15":"shipping-taxable","16":"purchasable","17":"product-type-simple"},"_links":{"self":[{"href":"https:\/\/stylingagenten.com\/da\/wp-json\/wp\/v2\/product\/119911","targetHints":{"allow":["GET"]}}],"collection":[{"href":"https:\/\/stylingagenten.com\/da\/wp-json\/wp\/v2\/product"}],"about":[{"href":"https:\/\/stylingagenten.com\/da\/wp-json\/wp\/v2\/types\/product"}],"replies":[{"embeddable":true,"href":"https:\/\/stylingagenten.com\/da\/wp-json\/wp\/v2\/comments?post=119911"}],"version-history":[{"count":0,"href":"https:\/\/stylingagenten.com\/da\/wp-json\/wp\/v2\/product\/119911\/revisions"}],"wp:featuredmedia":[{"embeddable":true,"href":"https:\/\/stylingagenten.com\/da\/wp-json\/wp\/v2\/media\/119909"}],"wp:attachment":[{"href":"https:\/\/stylingagenten.com\/da\/wp-json\/wp\/v2\/media?parent=119911"}],"wp:term":[{"taxonomy":"product_brand","embeddable":true,"href":"https:\/\/stylingagenten.com\/da\/wp-json\/wp\/v2\/product_brand?post=119911"},{"taxonomy":"product_cat","embeddable":true,"href":"https:\/\/stylingagenten.com\/da\/wp-json\/wp\/v2\/product_cat?post=119911"},{"taxonomy":"product_tag","embeddable":true,"href":"https:\/\/stylingagenten.com\/da\/wp-json\/wp\/v2\/product_tag?post=119911"},{"taxonomy":"berocket_brand","embeddable":true,"href":"https:\/\/stylingagenten.com\/da\/wp-json\/wp\/v2\/berocket_brand?post=119911"}],"curies":[{"name":"wp","href":"https:\/\/api.w.org\/{rel}","templated":true}]}}