{"id":119842,"date":"2025-05-18T21:31:19","date_gmt":"2025-05-18T21:31:19","guid":{"rendered":"https:\/\/staging2.stylingagenten.com\/da\/produkt\/carolina-herrera-good-girl-shower-gel-200ml\/"},"modified":"2026-04-14T07:08:39","modified_gmt":"2026-04-14T07:08:39","slug":"carolina-herrera-good-girl-shower-gel-200ml","status":"publish","type":"product","link":"https:\/\/stylingagenten.com\/da\/produkt\/carolina-herrera-good-girl-shower-gel-200ml\/","title":{"rendered":"Carolina Herrera Good Girl Shower Gel 200ml"},"content":{"rendered":"<p>Carolina Herrera Good Girl Shower Gel er en shower gel med den samme vidunderlige duft som Carolina Herrera Good Girl; en sensuel og forf\u00f8rende duft med en dualitet, der repr\u00e6senterer den moderne kvinde. Duften er meget feminin, sofistikeret og sensuel, men samtidig kraftfuld og uafh\u00e6ngig.<\/p>\n<p>De s\u00f8de og forf\u00f8rende egenskaber hos jasmin giver Good Girl en lys og feminin pr\u00e6g. Velduftende kakao og berusende tonkab\u00f8nner repr\u00e6senterer den gode piges mystiske side, mens mandel og kaffe giver forfriskende energi.<\/p>\n<p>Topnote: Mandel<br \/>\n<br \/>Hjertenoter: Tuberose og Jasmin<br \/>\n<br \/>Basenoter: Tonkab\u00f8nner og Kakao<\/p>\n<p>200ml<br \/><\/p>\n","protected":false},"excerpt":{"rendered":"<p>Carolina Herrera Good Girl Shower Gel er en shower gel med den samme vidunderlige duft som Carolina Herrera Good Girl; en sensuel og forf\u00f8rende duft med en dualitet, der repr\u00e6senterer den moderne kvinde. Duften er meget feminin, sofistikeret og sensuel, men samtidig kraftfuld og uafh\u00e6ngig. De s\u00f8de og forf\u00f8rende egenskaber hos jasmin giver Good Girl [&hellip;]<\/p>\n","protected":false},"featured_media":119840,"comment_status":"open","ping_status":"closed","template":"","meta":{"_trash_the_other_posts":false},"product_brand":[],"product_cat":[560],"product_tag":[],"berocket_brand":[1099],"class_list":{"0":"post-119842","1":"product","2":"type-product","3":"status-publish","4":"has-post-thumbnail","6":"product_cat-badesaebe","7":"pa_brand-carolina-herrera","8":"berocket_brand-carolina-herrera","10":"first","11":"instock","12":"sale","13":"taxable","14":"shipping-taxable","15":"purchasable","16":"product-type-simple"},"_links":{"self":[{"href":"https:\/\/stylingagenten.com\/da\/wp-json\/wp\/v2\/product\/119842","targetHints":{"allow":["GET"]}}],"collection":[{"href":"https:\/\/stylingagenten.com\/da\/wp-json\/wp\/v2\/product"}],"about":[{"href":"https:\/\/stylingagenten.com\/da\/wp-json\/wp\/v2\/types\/product"}],"replies":[{"embeddable":true,"href":"https:\/\/stylingagenten.com\/da\/wp-json\/wp\/v2\/comments?post=119842"}],"version-history":[{"count":1,"href":"https:\/\/stylingagenten.com\/da\/wp-json\/wp\/v2\/product\/119842\/revisions"}],"predecessor-version":[{"id":2000660,"href":"https:\/\/stylingagenten.com\/da\/wp-json\/wp\/v2\/product\/119842\/revisions\/2000660"}],"wp:featuredmedia":[{"embeddable":true,"href":"https:\/\/stylingagenten.com\/da\/wp-json\/wp\/v2\/media\/119840"}],"wp:attachment":[{"href":"https:\/\/stylingagenten.com\/da\/wp-json\/wp\/v2\/media?parent=119842"}],"wp:term":[{"taxonomy":"product_brand","embeddable":true,"href":"https:\/\/stylingagenten.com\/da\/wp-json\/wp\/v2\/product_brand?post=119842"},{"taxonomy":"product_cat","embeddable":true,"href":"https:\/\/stylingagenten.com\/da\/wp-json\/wp\/v2\/product_cat?post=119842"},{"taxonomy":"product_tag","embeddable":true,"href":"https:\/\/stylingagenten.com\/da\/wp-json\/wp\/v2\/product_tag?post=119842"},{"taxonomy":"berocket_brand","embeddable":true,"href":"https:\/\/stylingagenten.com\/da\/wp-json\/wp\/v2\/berocket_brand?post=119842"}],"curies":[{"name":"wp","href":"https:\/\/api.w.org\/{rel}","templated":true}]}}