{"id":119834,"date":"2025-05-18T21:31:17","date_gmt":"2025-05-18T21:31:17","guid":{"rendered":"https:\/\/staging2.stylingagenten.com\/da\/produkt\/elizabeth-arden-green-tea-energizing-bath-shower-gel-200ml\/"},"modified":"2026-03-19T10:17:31","modified_gmt":"2026-03-19T10:17:31","slug":"elizabeth-arden-green-tea-energizing-bath-shower-gel-200ml","status":"publish","type":"product","link":"https:\/\/stylingagenten.com\/da\/produkt\/elizabeth-arden-green-tea-energizing-bath-shower-gel-200ml\/","title":{"rendered":"Elizabeth Arden Green Tea Energizing Bath &amp; Shower Gel 200ml"},"content":{"rendered":"<p>De friske, sprudlende duftnoter og naturlige planteekstrakter i Elizabeth Arden Green Tea giver kroppen ny energi, pirrer sanserne og l\u00f8fter sj\u00e6len. Energizing Bath &amp; Shower Gel har en let skummende, s\u00e6befri formel, der renser huden uden at fjerne dens naturlige olier.<br \/>\n<br \/>200ml<\/p>\n","protected":false},"excerpt":{"rendered":"<p>De friske, sprudlende duftnoter og naturlige planteekstrakter i Elizabeth Arden Green Tea giver kroppen ny energi, pirrer sanserne og l\u00f8fter sj\u00e6len. Energizing Bath &amp; Shower Gel har en let skummende, s\u00e6befri formel, der renser huden uden at fjerne dens naturlige olier. 200ml<\/p>\n","protected":false},"featured_media":119833,"comment_status":"open","ping_status":"closed","template":"","meta":{"_trash_the_other_posts":false},"product_brand":[],"product_cat":[560],"product_tag":[],"berocket_brand":[1303],"class_list":{"0":"post-119834","1":"product","2":"type-product","3":"status-publish","4":"has-post-thumbnail","6":"product_cat-badesaebe","7":"pa_brand-elizabeth-arden","8":"berocket_brand-elizabeth-arden","10":"first","11":"instock","12":"sale","13":"taxable","14":"shipping-taxable","15":"purchasable","16":"product-type-simple"},"_links":{"self":[{"href":"https:\/\/stylingagenten.com\/da\/wp-json\/wp\/v2\/product\/119834","targetHints":{"allow":["GET"]}}],"collection":[{"href":"https:\/\/stylingagenten.com\/da\/wp-json\/wp\/v2\/product"}],"about":[{"href":"https:\/\/stylingagenten.com\/da\/wp-json\/wp\/v2\/types\/product"}],"replies":[{"embeddable":true,"href":"https:\/\/stylingagenten.com\/da\/wp-json\/wp\/v2\/comments?post=119834"}],"version-history":[{"count":0,"href":"https:\/\/stylingagenten.com\/da\/wp-json\/wp\/v2\/product\/119834\/revisions"}],"wp:featuredmedia":[{"embeddable":true,"href":"https:\/\/stylingagenten.com\/da\/wp-json\/wp\/v2\/media\/119833"}],"wp:attachment":[{"href":"https:\/\/stylingagenten.com\/da\/wp-json\/wp\/v2\/media?parent=119834"}],"wp:term":[{"taxonomy":"product_brand","embeddable":true,"href":"https:\/\/stylingagenten.com\/da\/wp-json\/wp\/v2\/product_brand?post=119834"},{"taxonomy":"product_cat","embeddable":true,"href":"https:\/\/stylingagenten.com\/da\/wp-json\/wp\/v2\/product_cat?post=119834"},{"taxonomy":"product_tag","embeddable":true,"href":"https:\/\/stylingagenten.com\/da\/wp-json\/wp\/v2\/product_tag?post=119834"},{"taxonomy":"berocket_brand","embeddable":true,"href":"https:\/\/stylingagenten.com\/da\/wp-json\/wp\/v2\/berocket_brand?post=119834"}],"curies":[{"name":"wp","href":"https:\/\/api.w.org\/{rel}","templated":true}]}}