{"id":119826,"date":"2025-05-18T21:31:15","date_gmt":"2025-05-18T21:31:15","guid":{"rendered":"https:\/\/staging2.stylingagenten.com\/da\/produkt\/laura-biagiotti-roma-uomo-shower-gel-200ml\/"},"modified":"2026-04-13T19:58:51","modified_gmt":"2026-04-13T19:58:51","slug":"laura-biagiotti-roma-uomo-shower-gel-200ml","status":"publish","type":"product","link":"https:\/\/stylingagenten.com\/da\/produkt\/laura-biagiotti-roma-uomo-shower-gel-200ml\/","title":{"rendered":"Laura Biagiotti Roma Uomo Shower Gel 200ml"},"content":{"rendered":"<p>Forvandl din daglige bruser eller bad til en vidunderlig oplevelse, som du vil se frem til hele dagen. Duschproduktet Laura Biagiotti Roma Uomo for men giver din hud en dejlig duft og gl\u00e6der dine sanser.<br \/>\n<br \/>Duft af basilikum, lavendel, sandeltr\u00e6, vanilje, cedertr\u00e6<\/p>\n<p>200ml<\/p>\n","protected":false},"excerpt":{"rendered":"<p>Forvandl din daglige bruser eller bad til en vidunderlig oplevelse, som du vil se frem til hele dagen. Duschproduktet Laura Biagiotti Roma Uomo for men giver din hud en dejlig duft og gl\u00e6der dine sanser. Duft af basilikum, lavendel, sandeltr\u00e6, vanilje, cedertr\u00e6 200ml<\/p>\n","protected":false},"featured_media":119824,"comment_status":"open","ping_status":"closed","template":"","meta":{"_trash_the_other_posts":false},"product_brand":[],"product_cat":[560],"product_tag":[],"berocket_brand":[1112],"class_list":{"0":"post-119826","1":"product","2":"type-product","3":"status-publish","4":"has-post-thumbnail","6":"product_cat-badesaebe","7":"pa_brand-laura-biagiotti","8":"berocket_brand-laura-biagiotti","10":"first","11":"instock","12":"sale","13":"taxable","14":"shipping-taxable","15":"purchasable","16":"product-type-simple"},"_links":{"self":[{"href":"https:\/\/stylingagenten.com\/da\/wp-json\/wp\/v2\/product\/119826","targetHints":{"allow":["GET"]}}],"collection":[{"href":"https:\/\/stylingagenten.com\/da\/wp-json\/wp\/v2\/product"}],"about":[{"href":"https:\/\/stylingagenten.com\/da\/wp-json\/wp\/v2\/types\/product"}],"replies":[{"embeddable":true,"href":"https:\/\/stylingagenten.com\/da\/wp-json\/wp\/v2\/comments?post=119826"}],"version-history":[{"count":0,"href":"https:\/\/stylingagenten.com\/da\/wp-json\/wp\/v2\/product\/119826\/revisions"}],"wp:featuredmedia":[{"embeddable":true,"href":"https:\/\/stylingagenten.com\/da\/wp-json\/wp\/v2\/media\/119824"}],"wp:attachment":[{"href":"https:\/\/stylingagenten.com\/da\/wp-json\/wp\/v2\/media?parent=119826"}],"wp:term":[{"taxonomy":"product_brand","embeddable":true,"href":"https:\/\/stylingagenten.com\/da\/wp-json\/wp\/v2\/product_brand?post=119826"},{"taxonomy":"product_cat","embeddable":true,"href":"https:\/\/stylingagenten.com\/da\/wp-json\/wp\/v2\/product_cat?post=119826"},{"taxonomy":"product_tag","embeddable":true,"href":"https:\/\/stylingagenten.com\/da\/wp-json\/wp\/v2\/product_tag?post=119826"},{"taxonomy":"berocket_brand","embeddable":true,"href":"https:\/\/stylingagenten.com\/da\/wp-json\/wp\/v2\/berocket_brand?post=119826"}],"curies":[{"name":"wp","href":"https:\/\/api.w.org\/{rel}","templated":true}]}}