{"id":119214,"date":"2025-05-18T21:29:03","date_gmt":"2025-05-18T21:29:03","guid":{"rendered":"https:\/\/staging2.stylingagenten.com\/da\/produkt\/elemis-orangery-candle-210g\/"},"modified":"2026-01-23T09:11:31","modified_gmt":"2026-01-23T09:11:31","slug":"elemis-orangery-candle-210g","status":"publish","type":"product","link":"https:\/\/stylingagenten.com\/da\/produkt\/elemis-orangery-candle-210g\/","title":{"rendered":"Elemis Orangery Candle 210g"},"content":{"rendered":"<p>Den perfekte gave at s\u00e6tte i en str\u00f8mpe eller et t\u00f8rkl\u00e6de; ind med sl\u00f8jfe s\u00e6tter dette vandrelyst-inspirerede, h\u00e5ndh\u00e6ldte lys scenen med et festligt flimmer. Uds\u00f8gte aromaer af Orange Blossom, Neroli og Petitgrain, dette lys oplyser dit hjem med en hyggelig, gl\u00e6despredende gl\u00f8d, der helt sikkert vil behage. N\u00e5r den br\u00e6nder ud, kan den flotte krukke genbruges som blomstervase, kugleholder og alt derimellem.<\/p>\n<p>Br\u00e6ndetid: 40 timer<\/p>\n","protected":false},"excerpt":{"rendered":"<p>Den perfekte gave at s\u00e6tte i en str\u00f8mpe eller et t\u00f8rkl\u00e6de; ind med sl\u00f8jfe s\u00e6tter dette vandrelyst-inspirerede, h\u00e5ndh\u00e6ldte lys scenen med et festligt flimmer. Uds\u00f8gte aromaer af Orange Blossom, Neroli og Petitgrain, dette lys oplyser dit hjem med en hyggelig, gl\u00e6despredende gl\u00f8d, der helt sikkert vil behage. N\u00e5r den br\u00e6nder ud, kan den flotte krukke [&hellip;]<\/p>\n","protected":false},"featured_media":119210,"comment_status":"open","ping_status":"closed","template":"","meta":{"_trash_the_other_posts":false},"product_brand":[],"product_cat":[540,1005],"product_tag":[],"berocket_brand":[1301],"class_list":{"0":"post-119214","1":"product","2":"type-product","3":"status-publish","4":"has-post-thumbnail","6":"product_cat-tuoksu","7":"product_cat-outlet","8":"pa_brand-elemis","9":"berocket_brand-elemis","11":"first","12":"instock","13":"sale","14":"taxable","15":"shipping-taxable","16":"purchasable","17":"product-type-simple"},"_links":{"self":[{"href":"https:\/\/stylingagenten.com\/da\/wp-json\/wp\/v2\/product\/119214","targetHints":{"allow":["GET"]}}],"collection":[{"href":"https:\/\/stylingagenten.com\/da\/wp-json\/wp\/v2\/product"}],"about":[{"href":"https:\/\/stylingagenten.com\/da\/wp-json\/wp\/v2\/types\/product"}],"replies":[{"embeddable":true,"href":"https:\/\/stylingagenten.com\/da\/wp-json\/wp\/v2\/comments?post=119214"}],"version-history":[{"count":0,"href":"https:\/\/stylingagenten.com\/da\/wp-json\/wp\/v2\/product\/119214\/revisions"}],"wp:featuredmedia":[{"embeddable":true,"href":"https:\/\/stylingagenten.com\/da\/wp-json\/wp\/v2\/media\/119210"}],"wp:attachment":[{"href":"https:\/\/stylingagenten.com\/da\/wp-json\/wp\/v2\/media?parent=119214"}],"wp:term":[{"taxonomy":"product_brand","embeddable":true,"href":"https:\/\/stylingagenten.com\/da\/wp-json\/wp\/v2\/product_brand?post=119214"},{"taxonomy":"product_cat","embeddable":true,"href":"https:\/\/stylingagenten.com\/da\/wp-json\/wp\/v2\/product_cat?post=119214"},{"taxonomy":"product_tag","embeddable":true,"href":"https:\/\/stylingagenten.com\/da\/wp-json\/wp\/v2\/product_tag?post=119214"},{"taxonomy":"berocket_brand","embeddable":true,"href":"https:\/\/stylingagenten.com\/da\/wp-json\/wp\/v2\/berocket_brand?post=119214"}],"curies":[{"name":"wp","href":"https:\/\/api.w.org\/{rel}","templated":true}]}}