{"id":118317,"date":"2025-05-18T21:23:26","date_gmt":"2025-05-18T21:23:26","guid":{"rendered":"https:\/\/staging2.stylingagenten.com\/da\/produkt\/cerruti-1881-homme-deostick-75ml\/"},"modified":"2026-04-09T11:38:29","modified_gmt":"2026-04-09T11:38:29","slug":"cerruti-1881-homme-deostick-75ml","status":"publish","type":"product","link":"https:\/\/stylingagenten.com\/da\/produkt\/cerruti-1881-homme-deostick-75ml\/","title":{"rendered":"Cerruti 1881 Homme Deostick 75ml"},"content":{"rendered":"<p>Cerrutti 1881 For Men er en aromatisk og tr\u00e6agtig parfume med en maskulin krydret karakter, der giver dig et klassisk, friskt og rent look.<\/p>\n<p><strong>Duftnoter:<\/strong> bergamot, eneb\u00e6r, galbanum , nellike, lavendel, solb\u00e6r, ylang-ylang, maybells, vetiver, sandeltr\u00e6, cedertr\u00e6, egemos &amp; patchouli.<\/p>\n","protected":false},"excerpt":{"rendered":"<p>Cerrutti 1881 For Men er en aromatisk og tr\u00e6agtig parfume med en maskulin krydret karakter, der giver dig et klassisk, friskt og rent look. Duftnoter: bergamot, eneb\u00e6r, galbanum , nellike, lavendel, solb\u00e6r, ylang-ylang, maybells, vetiver, sandeltr\u00e6, cedertr\u00e6, egemos &amp; patchouli.<\/p>\n","protected":false},"featured_media":118316,"comment_status":"open","ping_status":"closed","template":"","meta":{"_trash_the_other_posts":false},"product_brand":[],"product_cat":[720,735,1000],"product_tag":[],"berocket_brand":[1075],"class_list":{"0":"post-118317","1":"product","2":"type-product","3":"status-publish","4":"has-post-thumbnail","6":"product_cat-deostick-herre","7":"product_cat-kampagne","8":"product_cat-kampagnetilbud-til-ham","9":"pa_brand-cerruti","10":"berocket_brand-cerruti","12":"first","13":"instock","14":"sale","15":"taxable","16":"shipping-taxable","17":"purchasable","18":"product-type-simple"},"_links":{"self":[{"href":"https:\/\/stylingagenten.com\/da\/wp-json\/wp\/v2\/product\/118317","targetHints":{"allow":["GET"]}}],"collection":[{"href":"https:\/\/stylingagenten.com\/da\/wp-json\/wp\/v2\/product"}],"about":[{"href":"https:\/\/stylingagenten.com\/da\/wp-json\/wp\/v2\/types\/product"}],"replies":[{"embeddable":true,"href":"https:\/\/stylingagenten.com\/da\/wp-json\/wp\/v2\/comments?post=118317"}],"version-history":[{"count":0,"href":"https:\/\/stylingagenten.com\/da\/wp-json\/wp\/v2\/product\/118317\/revisions"}],"wp:featuredmedia":[{"embeddable":true,"href":"https:\/\/stylingagenten.com\/da\/wp-json\/wp\/v2\/media\/118316"}],"wp:attachment":[{"href":"https:\/\/stylingagenten.com\/da\/wp-json\/wp\/v2\/media?parent=118317"}],"wp:term":[{"taxonomy":"product_brand","embeddable":true,"href":"https:\/\/stylingagenten.com\/da\/wp-json\/wp\/v2\/product_brand?post=118317"},{"taxonomy":"product_cat","embeddable":true,"href":"https:\/\/stylingagenten.com\/da\/wp-json\/wp\/v2\/product_cat?post=118317"},{"taxonomy":"product_tag","embeddable":true,"href":"https:\/\/stylingagenten.com\/da\/wp-json\/wp\/v2\/product_tag?post=118317"},{"taxonomy":"berocket_brand","embeddable":true,"href":"https:\/\/stylingagenten.com\/da\/wp-json\/wp\/v2\/berocket_brand?post=118317"}],"curies":[{"name":"wp","href":"https:\/\/api.w.org\/{rel}","templated":true}]}}