{"id":118274,"date":"2025-05-18T21:23:01","date_gmt":"2025-05-18T21:23:01","guid":{"rendered":"https:\/\/staging2.stylingagenten.com\/da\/produkt\/armani-acqua-di-gio-pour-homme-deostick-75ml\/"},"modified":"2026-04-01T11:28:38","modified_gmt":"2026-04-01T11:28:38","slug":"armani-acqua-di-gio-pour-homme-deostick-75ml","status":"publish","type":"product","link":"https:\/\/stylingagenten.com\/da\/produkt\/armani-acqua-di-gio-pour-homme-deostick-75ml\/","title":{"rendered":"Armani Acqua Di Gio Pour Homme Deostick 75ml"},"content":{"rendered":"<p>Armani Acqua Di Gio Pour Homme er en ren, frisk og sporty parfume med en duft af citrus, tr\u00e6; og marine noter. En rigtig klassiker!<\/p>\n<p><strong>&nbsp;Duftnoter:<\/strong> bergamot, gr\u00f8n mandarin, jasminblad, rosmarin, persimmontr\u00e6, rav, patchouli og marine accord.<\/p>\n","protected":false},"excerpt":{"rendered":"<p>Armani Acqua Di Gio Pour Homme er en ren, frisk og sporty parfume med en duft af citrus, tr\u00e6; og marine noter. En rigtig klassiker! &nbsp;Duftnoter: bergamot, gr\u00f8n mandarin, jasminblad, rosmarin, persimmontr\u00e6, rav, patchouli og marine accord.<\/p>\n","protected":false},"featured_media":118270,"comment_status":"open","ping_status":"closed","template":"","meta":{"_trash_the_other_posts":false},"product_brand":[],"product_cat":[720,735,1000],"product_tag":[],"berocket_brand":[1038],"class_list":{"0":"post-118274","1":"product","2":"type-product","3":"status-publish","4":"has-post-thumbnail","6":"product_cat-deostick-herre","7":"product_cat-kampagne","8":"product_cat-kampagnetilbud-til-ham","9":"pa_brand-armani","10":"berocket_brand-armani","12":"first","13":"instock","14":"sale","15":"taxable","16":"shipping-taxable","17":"purchasable","18":"product-type-simple"},"_links":{"self":[{"href":"https:\/\/stylingagenten.com\/da\/wp-json\/wp\/v2\/product\/118274","targetHints":{"allow":["GET"]}}],"collection":[{"href":"https:\/\/stylingagenten.com\/da\/wp-json\/wp\/v2\/product"}],"about":[{"href":"https:\/\/stylingagenten.com\/da\/wp-json\/wp\/v2\/types\/product"}],"replies":[{"embeddable":true,"href":"https:\/\/stylingagenten.com\/da\/wp-json\/wp\/v2\/comments?post=118274"}],"version-history":[{"count":0,"href":"https:\/\/stylingagenten.com\/da\/wp-json\/wp\/v2\/product\/118274\/revisions"}],"wp:featuredmedia":[{"embeddable":true,"href":"https:\/\/stylingagenten.com\/da\/wp-json\/wp\/v2\/media\/118270"}],"wp:attachment":[{"href":"https:\/\/stylingagenten.com\/da\/wp-json\/wp\/v2\/media?parent=118274"}],"wp:term":[{"taxonomy":"product_brand","embeddable":true,"href":"https:\/\/stylingagenten.com\/da\/wp-json\/wp\/v2\/product_brand?post=118274"},{"taxonomy":"product_cat","embeddable":true,"href":"https:\/\/stylingagenten.com\/da\/wp-json\/wp\/v2\/product_cat?post=118274"},{"taxonomy":"product_tag","embeddable":true,"href":"https:\/\/stylingagenten.com\/da\/wp-json\/wp\/v2\/product_tag?post=118274"},{"taxonomy":"berocket_brand","embeddable":true,"href":"https:\/\/stylingagenten.com\/da\/wp-json\/wp\/v2\/berocket_brand?post=118274"}],"curies":[{"name":"wp","href":"https:\/\/api.w.org\/{rel}","templated":true}]}}