{"id":118070,"date":"2025-05-18T21:22:18","date_gmt":"2025-05-18T21:22:18","guid":{"rendered":"https:\/\/staging2.stylingagenten.com\/da\/produkt\/jean-paul-gaultier-scandal-pour-homme-deodorant-spray-150ml\/"},"modified":"2026-03-30T20:17:36","modified_gmt":"2026-03-30T20:17:36","slug":"jean-paul-gaultier-scandal-pour-homme-deodorant-spray-150ml","status":"publish","type":"product","link":"https:\/\/stylingagenten.com\/da\/produkt\/jean-paul-gaultier-scandal-pour-homme-deodorant-spray-150ml\/","title":{"rendered":"Jean Paul Gaultier Scandal Pour Homme Deodorant Spray 150ml"},"content":{"rendered":"<p>P\u00e5f\u00f8rt med atletisk flair forl\u00e6nger denne deodorantspray duften af \u200b\u200bScandal Pour Homme med en viril og sensuel afh\u00e6ngighed. Langvarig, alkoholfri beskyttelse, der giver dig en frisk f\u00f8lelse af komfort hele dagen.<\/p>\n","protected":false},"excerpt":{"rendered":"<p>P\u00e5f\u00f8rt med atletisk flair forl\u00e6nger denne deodorantspray duften af \u200b\u200bScandal Pour Homme med en viril og sensuel afh\u00e6ngighed. Langvarig, alkoholfri beskyttelse, der giver dig en frisk f\u00f8lelse af komfort hele dagen.<\/p>\n","protected":false},"featured_media":118068,"comment_status":"open","ping_status":"closed","template":"","meta":{"_trash_the_other_posts":false},"product_brand":[],"product_cat":[722],"product_tag":[],"berocket_brand":[1353],"class_list":{"0":"post-118070","1":"product","2":"type-product","3":"status-publish","4":"has-post-thumbnail","6":"product_cat-deospray-mr","7":"pa_brand-jean-paul-gaultier","8":"berocket_brand-jean-paul-gaultier","10":"first","11":"instock","12":"taxable","13":"shipping-taxable","14":"purchasable","15":"product-type-simple"},"_links":{"self":[{"href":"https:\/\/stylingagenten.com\/da\/wp-json\/wp\/v2\/product\/118070","targetHints":{"allow":["GET"]}}],"collection":[{"href":"https:\/\/stylingagenten.com\/da\/wp-json\/wp\/v2\/product"}],"about":[{"href":"https:\/\/stylingagenten.com\/da\/wp-json\/wp\/v2\/types\/product"}],"replies":[{"embeddable":true,"href":"https:\/\/stylingagenten.com\/da\/wp-json\/wp\/v2\/comments?post=118070"}],"version-history":[{"count":0,"href":"https:\/\/stylingagenten.com\/da\/wp-json\/wp\/v2\/product\/118070\/revisions"}],"wp:featuredmedia":[{"embeddable":true,"href":"https:\/\/stylingagenten.com\/da\/wp-json\/wp\/v2\/media\/118068"}],"wp:attachment":[{"href":"https:\/\/stylingagenten.com\/da\/wp-json\/wp\/v2\/media?parent=118070"}],"wp:term":[{"taxonomy":"product_brand","embeddable":true,"href":"https:\/\/stylingagenten.com\/da\/wp-json\/wp\/v2\/product_brand?post=118070"},{"taxonomy":"product_cat","embeddable":true,"href":"https:\/\/stylingagenten.com\/da\/wp-json\/wp\/v2\/product_cat?post=118070"},{"taxonomy":"product_tag","embeddable":true,"href":"https:\/\/stylingagenten.com\/da\/wp-json\/wp\/v2\/product_tag?post=118070"},{"taxonomy":"berocket_brand","embeddable":true,"href":"https:\/\/stylingagenten.com\/da\/wp-json\/wp\/v2\/berocket_brand?post=118070"}],"curies":[{"name":"wp","href":"https:\/\/api.w.org\/{rel}","templated":true}]}}