{"id":117697,"date":"2025-05-18T21:21:04","date_gmt":"2025-05-18T21:21:04","guid":{"rendered":"https:\/\/staging2.stylingagenten.com\/da\/produkt\/kokie-cream-contour-palette-light-medium\/"},"modified":"2026-04-09T08:48:40","modified_gmt":"2026-04-09T08:48:40","slug":"kokie-cream-contour-palette-light-medium","status":"publish","type":"product","link":"https:\/\/stylingagenten.com\/da\/produkt\/kokie-cream-contour-palette-light-medium\/","title":{"rendered":"Kokie Cream Contour Palette &#8211; Light\/Medium"},"content":{"rendered":"<p>Opk\u00f8b; professionelle resultater med Kokie Professional Cream Contour Palette. <br \/>Seks bygbare, cremede nuancer i lyse, mellemstore og m\u00f8rke toner for at definere og fremh\u00e6ve dine tr\u00e6k. <br \/>Paletten indeholder tre blandbare nuancer til fremh\u00e6vning og tre nuancer til konturering.<\/p>\n","protected":false},"excerpt":{"rendered":"<p>Opk\u00f8b; professionelle resultater med Kokie Professional Cream Contour Palette. Seks bygbare, cremede nuancer i lyse, mellemstore og m\u00f8rke toner for at definere og fremh\u00e6ve dine tr\u00e6k. Paletten indeholder tre blandbare nuancer til fremh\u00e6vning og tre nuancer til konturering.<\/p>\n","protected":false},"featured_media":117694,"comment_status":"open","ping_status":"closed","template":"","meta":{"_trash_the_other_posts":false},"product_brand":[],"product_cat":[639],"product_tag":[3138],"berocket_brand":[1198],"class_list":{"0":"post-117697","1":"product","2":"type-product","3":"status-publish","4":"has-post-thumbnail","6":"product_cat-kontur","7":"product_tag-kokie-cream-contour-palette","8":"pa_brand-kokie-cosmetics","9":"pa_variant-light-medium-2","10":"berocket_brand-kokie-cosmetics","12":"first","13":"instock","14":"sale","15":"taxable","16":"shipping-taxable","17":"purchasable","18":"product-type-simple"},"_links":{"self":[{"href":"https:\/\/stylingagenten.com\/da\/wp-json\/wp\/v2\/product\/117697","targetHints":{"allow":["GET"]}}],"collection":[{"href":"https:\/\/stylingagenten.com\/da\/wp-json\/wp\/v2\/product"}],"about":[{"href":"https:\/\/stylingagenten.com\/da\/wp-json\/wp\/v2\/types\/product"}],"replies":[{"embeddable":true,"href":"https:\/\/stylingagenten.com\/da\/wp-json\/wp\/v2\/comments?post=117697"}],"version-history":[{"count":0,"href":"https:\/\/stylingagenten.com\/da\/wp-json\/wp\/v2\/product\/117697\/revisions"}],"wp:featuredmedia":[{"embeddable":true,"href":"https:\/\/stylingagenten.com\/da\/wp-json\/wp\/v2\/media\/117694"}],"wp:attachment":[{"href":"https:\/\/stylingagenten.com\/da\/wp-json\/wp\/v2\/media?parent=117697"}],"wp:term":[{"taxonomy":"product_brand","embeddable":true,"href":"https:\/\/stylingagenten.com\/da\/wp-json\/wp\/v2\/product_brand?post=117697"},{"taxonomy":"product_cat","embeddable":true,"href":"https:\/\/stylingagenten.com\/da\/wp-json\/wp\/v2\/product_cat?post=117697"},{"taxonomy":"product_tag","embeddable":true,"href":"https:\/\/stylingagenten.com\/da\/wp-json\/wp\/v2\/product_tag?post=117697"},{"taxonomy":"berocket_brand","embeddable":true,"href":"https:\/\/stylingagenten.com\/da\/wp-json\/wp\/v2\/berocket_brand?post=117697"}],"curies":[{"name":"wp","href":"https:\/\/api.w.org\/{rel}","templated":true}]}}