{"id":117556,"date":"2025-05-18T21:20:37","date_gmt":"2025-05-18T21:20:37","guid":{"rendered":"https:\/\/staging2.stylingagenten.com\/da\/produkt\/makeup-revolution-fast-base-concealer-c1\/"},"modified":"2025-11-19T11:06:54","modified_gmt":"2025-11-19T11:06:54","slug":"makeup-revolution-fast-base-concealer-c1","status":"publish","type":"product","link":"https:\/\/stylingagenten.com\/da\/produkt\/makeup-revolution-fast-base-concealer-c1\/","title":{"rendered":"Makeup Revolution Fast Base Concealer C1"},"content":{"rendered":"<p>Fremh\u00e6v, lys og d\u00e6k undertonerne. Skjul m\u00f8rke rande ved blot at placere et par prikker af concealeren under \u00f8jet med den lille pudeapplikator. Blend forsigtigt produktet med dine fingre, en b\u00f8rste eller en svamp for str\u00e5lende \u00f8jne. Den perfekte concealer med medium, opbyggelig d\u00e6kning.<\/p>\n","protected":false},"excerpt":{"rendered":"<p>Fremh\u00e6v, lys og d\u00e6k undertonerne. Skjul m\u00f8rke rande ved blot at placere et par prikker af concealeren under \u00f8jet med den lille pudeapplikator. Blend forsigtigt produktet med dine fingre, en b\u00f8rste eller en svamp for str\u00e5lende \u00f8jne. Den perfekte concealer med medium, opbyggelig d\u00e6kning.<\/p>\n","protected":false},"featured_media":117553,"comment_status":"open","ping_status":"closed","template":"","meta":{"_trash_the_other_posts":false},"product_brand":[],"product_cat":[567],"product_tag":[3305],"berocket_brand":[1050],"class_list":{"0":"post-117556","1":"product","2":"type-product","3":"status-publish","4":"has-post-thumbnail","6":"product_cat-concealer","7":"product_tag-makeup-revolution-fast-base-concealer","8":"pa_brand-makeup-revolution","9":"pa_variant-c1","10":"berocket_brand-makeup-revolution","12":"first","13":"instock","14":"sale","15":"taxable","16":"shipping-taxable","17":"purchasable","18":"product-type-simple"},"_links":{"self":[{"href":"https:\/\/stylingagenten.com\/da\/wp-json\/wp\/v2\/product\/117556","targetHints":{"allow":["GET"]}}],"collection":[{"href":"https:\/\/stylingagenten.com\/da\/wp-json\/wp\/v2\/product"}],"about":[{"href":"https:\/\/stylingagenten.com\/da\/wp-json\/wp\/v2\/types\/product"}],"replies":[{"embeddable":true,"href":"https:\/\/stylingagenten.com\/da\/wp-json\/wp\/v2\/comments?post=117556"}],"version-history":[{"count":0,"href":"https:\/\/stylingagenten.com\/da\/wp-json\/wp\/v2\/product\/117556\/revisions"}],"wp:featuredmedia":[{"embeddable":true,"href":"https:\/\/stylingagenten.com\/da\/wp-json\/wp\/v2\/media\/117553"}],"wp:attachment":[{"href":"https:\/\/stylingagenten.com\/da\/wp-json\/wp\/v2\/media?parent=117556"}],"wp:term":[{"taxonomy":"product_brand","embeddable":true,"href":"https:\/\/stylingagenten.com\/da\/wp-json\/wp\/v2\/product_brand?post=117556"},{"taxonomy":"product_cat","embeddable":true,"href":"https:\/\/stylingagenten.com\/da\/wp-json\/wp\/v2\/product_cat?post=117556"},{"taxonomy":"product_tag","embeddable":true,"href":"https:\/\/stylingagenten.com\/da\/wp-json\/wp\/v2\/product_tag?post=117556"},{"taxonomy":"berocket_brand","embeddable":true,"href":"https:\/\/stylingagenten.com\/da\/wp-json\/wp\/v2\/berocket_brand?post=117556"}],"curies":[{"name":"wp","href":"https:\/\/api.w.org\/{rel}","templated":true}]}}