{"id":117471,"date":"2025-05-18T21:20:19","date_gmt":"2025-05-18T21:20:19","guid":{"rendered":"https:\/\/staging2.stylingagenten.com\/da\/produkt\/nyx-prof-makeup-cant-stop-wont-stop-contour-concealer-beige\/"},"modified":"2025-12-18T21:53:44","modified_gmt":"2025-12-18T21:53:44","slug":"nyx-prof-makeup-cant-stop-wont-stop-contour-concealer-beige","status":"publish","type":"product","link":"https:\/\/stylingagenten.com\/da\/produkt\/nyx-prof-makeup-cant-stop-wont-stop-contour-concealer-beige\/","title":{"rendered":"NYX PROF. MAKEUP Can\u00b4t Stop Won\u00b4t Stop Contour Concealer &#8211; Beige"},"content":{"rendered":"<p>Can&rsquo;t Stop Won&rsquo;t Stop Contour Concealer &auml;er en let og flydende concealer, der f\u00e5s i flere superpigmenterende nuancer.<br \/>Du kan bruge denne matte formel, der &auml; tt til at fade ud for at korrigere, lysne ansigt eller fremh\u00e6ve dine tr\u00e6k gennem konturering.<br \/>Denne cremede multitasker giver et fuldd\u00e6kkende resultat med en finish, der holder i op til 24 timer. <br \/>Brug sammen med nuancerne fra Can&rsquo;t Won&rsquo;t Stop Full Coverage Foundation og Powder Foundation for det ultimative look.<\/p>\n","protected":false},"excerpt":{"rendered":"<p>Can&rsquo;t Stop Won&rsquo;t Stop Contour Concealer &auml;er en let og flydende concealer, der f\u00e5s i flere superpigmenterende nuancer.Du kan bruge denne matte formel, der &auml; tt til at fade ud for at korrigere, lysne ansigt eller fremh\u00e6ve dine tr\u00e6k gennem konturering.Denne cremede multitasker giver et fuldd\u00e6kkende resultat med en finish, der holder i op til [&hellip;]<\/p>\n","protected":false},"featured_media":117457,"comment_status":"open","ping_status":"closed","template":"","meta":{"_trash_the_other_posts":false},"product_brand":[],"product_cat":[567],"product_tag":[3657],"berocket_brand":[1025],"class_list":{"0":"post-117471","1":"product","2":"type-product","3":"status-publish","4":"has-post-thumbnail","6":"product_cat-concealer","7":"product_tag-nyx-prof-makeup-cant-stop-wont-stop-contour-concealer","8":"pa_brand-nyx","9":"pa_variant-beige","10":"berocket_brand-nyx","12":"first","13":"instock","14":"sale","15":"taxable","16":"shipping-taxable","17":"purchasable","18":"product-type-simple"},"_links":{"self":[{"href":"https:\/\/stylingagenten.com\/da\/wp-json\/wp\/v2\/product\/117471","targetHints":{"allow":["GET"]}}],"collection":[{"href":"https:\/\/stylingagenten.com\/da\/wp-json\/wp\/v2\/product"}],"about":[{"href":"https:\/\/stylingagenten.com\/da\/wp-json\/wp\/v2\/types\/product"}],"replies":[{"embeddable":true,"href":"https:\/\/stylingagenten.com\/da\/wp-json\/wp\/v2\/comments?post=117471"}],"version-history":[{"count":0,"href":"https:\/\/stylingagenten.com\/da\/wp-json\/wp\/v2\/product\/117471\/revisions"}],"wp:featuredmedia":[{"embeddable":true,"href":"https:\/\/stylingagenten.com\/da\/wp-json\/wp\/v2\/media\/117457"}],"wp:attachment":[{"href":"https:\/\/stylingagenten.com\/da\/wp-json\/wp\/v2\/media?parent=117471"}],"wp:term":[{"taxonomy":"product_brand","embeddable":true,"href":"https:\/\/stylingagenten.com\/da\/wp-json\/wp\/v2\/product_brand?post=117471"},{"taxonomy":"product_cat","embeddable":true,"href":"https:\/\/stylingagenten.com\/da\/wp-json\/wp\/v2\/product_cat?post=117471"},{"taxonomy":"product_tag","embeddable":true,"href":"https:\/\/stylingagenten.com\/da\/wp-json\/wp\/v2\/product_tag?post=117471"},{"taxonomy":"berocket_brand","embeddable":true,"href":"https:\/\/stylingagenten.com\/da\/wp-json\/wp\/v2\/berocket_brand?post=117471"}],"curies":[{"name":"wp","href":"https:\/\/api.w.org\/{rel}","templated":true}]}}