{"id":117311,"date":"2025-05-18T21:19:48","date_gmt":"2025-05-18T21:19:48","guid":{"rendered":"https:\/\/staging2.stylingagenten.com\/da\/produkt\/maybelline-instant-anti-age-eraser-concealer-01-light\/"},"modified":"2026-04-07T19:08:58","modified_gmt":"2026-04-07T19:08:58","slug":"maybelline-instant-anti-age-eraser-concealer-01-light","status":"publish","type":"product","link":"https:\/\/stylingagenten.com\/da\/produkt\/maybelline-instant-anti-age-eraser-concealer-01-light\/","title":{"rendered":"Maybelline Instant Anti Age Eraser Concealer &#8211; 01 Light"},"content":{"rendered":"<p>Maybelline Instant Anti-Age Eraser Concealer er en prisvindende concealer, der d\u00e6kker m\u00f8rke rande, fine linjer og opfrisker omr\u00e5det under \u00f8jnene. Denne koncentrerede concealer er beriget med gojib\u00e6r og haloxyl. Den har en indbygget svampeapplikator for en snavsfri og nem p\u00e5f\u00f8ring.<\/p>\n","protected":false},"excerpt":{"rendered":"<p>Maybelline Instant Anti-Age Eraser Concealer er en prisvindende concealer, der d\u00e6kker m\u00f8rke rande, fine linjer og opfrisker omr\u00e5det under \u00f8jnene. Denne koncentrerede concealer er beriget med gojib\u00e6r og haloxyl. Den har en indbygget svampeapplikator for en snavsfri og nem p\u00e5f\u00f8ring.<\/p>\n","protected":false},"featured_media":117308,"comment_status":"open","ping_status":"closed","template":"","meta":{"_trash_the_other_posts":false},"product_brand":[],"product_cat":[567,717],"product_tag":[3506],"berocket_brand":[1016],"class_list":{"0":"post-117311","1":"product","2":"type-product","3":"status-publish","4":"has-post-thumbnail","6":"product_cat-concealer","7":"product_cat-virale-produkter","8":"product_tag-maybelline-instant-anti-age-eraser-concealer","9":"pa_brand-maybelline","10":"pa_variant-01-light","11":"berocket_brand-maybelline","13":"first","14":"instock","15":"sale","16":"taxable","17":"shipping-taxable","18":"purchasable","19":"product-type-simple"},"_links":{"self":[{"href":"https:\/\/stylingagenten.com\/da\/wp-json\/wp\/v2\/product\/117311","targetHints":{"allow":["GET"]}}],"collection":[{"href":"https:\/\/stylingagenten.com\/da\/wp-json\/wp\/v2\/product"}],"about":[{"href":"https:\/\/stylingagenten.com\/da\/wp-json\/wp\/v2\/types\/product"}],"replies":[{"embeddable":true,"href":"https:\/\/stylingagenten.com\/da\/wp-json\/wp\/v2\/comments?post=117311"}],"version-history":[{"count":0,"href":"https:\/\/stylingagenten.com\/da\/wp-json\/wp\/v2\/product\/117311\/revisions"}],"wp:featuredmedia":[{"embeddable":true,"href":"https:\/\/stylingagenten.com\/da\/wp-json\/wp\/v2\/media\/117308"}],"wp:attachment":[{"href":"https:\/\/stylingagenten.com\/da\/wp-json\/wp\/v2\/media?parent=117311"}],"wp:term":[{"taxonomy":"product_brand","embeddable":true,"href":"https:\/\/stylingagenten.com\/da\/wp-json\/wp\/v2\/product_brand?post=117311"},{"taxonomy":"product_cat","embeddable":true,"href":"https:\/\/stylingagenten.com\/da\/wp-json\/wp\/v2\/product_cat?post=117311"},{"taxonomy":"product_tag","embeddable":true,"href":"https:\/\/stylingagenten.com\/da\/wp-json\/wp\/v2\/product_tag?post=117311"},{"taxonomy":"berocket_brand","embeddable":true,"href":"https:\/\/stylingagenten.com\/da\/wp-json\/wp\/v2\/berocket_brand?post=117311"}],"curies":[{"name":"wp","href":"https:\/\/api.w.org\/{rel}","templated":true}]}}