{"id":117304,"date":"2025-05-18T21:19:46","date_gmt":"2025-05-18T21:19:46","guid":{"rendered":"https:\/\/staging2.stylingagenten.com\/da\/produkt\/maybelline-fit-me-concealer-08-nude\/"},"modified":"2026-03-24T11:37:37","modified_gmt":"2026-03-24T11:37:37","slug":"maybelline-fit-me-concealer-08-nude","status":"publish","type":"product","link":"https:\/\/stylingagenten.com\/da\/produkt\/maybelline-fit-me-concealer-08-nude\/","title":{"rendered":"Maybelline Fit Me Concealer 08 Nude"},"content":{"rendered":"<p>Fit Me Concealer fra Maybelline er perfekt til at korrigere ufuldkommenheder og skjule m\u00f8rke rande under \u00f8jnene. <br \/>Concealeren giver en naturlig d\u00e6kning, der g\u00f8r huden frisk og naturlig og sikrer, at huden kan \u00e5nde. Tilstopper ikke porerne.&nbsp;<\/p>\n<p>6,8 ml<\/p>\n","protected":false},"excerpt":{"rendered":"<p>Fit Me Concealer fra Maybelline er perfekt til at korrigere ufuldkommenheder og skjule m\u00f8rke rande under \u00f8jnene. Concealeren giver en naturlig d\u00e6kning, der g\u00f8r huden frisk og naturlig og sikrer, at huden kan \u00e5nde. Tilstopper ikke porerne.&nbsp; 6,8 ml<\/p>\n","protected":false},"featured_media":117301,"comment_status":"open","ping_status":"closed","template":"","meta":{"_trash_the_other_posts":false},"product_brand":[],"product_cat":[567],"product_tag":[3501],"berocket_brand":[1016],"class_list":{"0":"post-117304","1":"product","2":"type-product","3":"status-publish","4":"has-post-thumbnail","6":"product_cat-concealer","7":"product_tag-maybelline-fit-me-concealer","8":"pa_brand-maybelline","9":"pa_variant-08-nude","10":"berocket_brand-maybelline","12":"first","13":"instock","14":"sale","15":"taxable","16":"shipping-taxable","17":"purchasable","18":"product-type-simple"},"_links":{"self":[{"href":"https:\/\/stylingagenten.com\/da\/wp-json\/wp\/v2\/product\/117304","targetHints":{"allow":["GET"]}}],"collection":[{"href":"https:\/\/stylingagenten.com\/da\/wp-json\/wp\/v2\/product"}],"about":[{"href":"https:\/\/stylingagenten.com\/da\/wp-json\/wp\/v2\/types\/product"}],"replies":[{"embeddable":true,"href":"https:\/\/stylingagenten.com\/da\/wp-json\/wp\/v2\/comments?post=117304"}],"version-history":[{"count":0,"href":"https:\/\/stylingagenten.com\/da\/wp-json\/wp\/v2\/product\/117304\/revisions"}],"wp:featuredmedia":[{"embeddable":true,"href":"https:\/\/stylingagenten.com\/da\/wp-json\/wp\/v2\/media\/117301"}],"wp:attachment":[{"href":"https:\/\/stylingagenten.com\/da\/wp-json\/wp\/v2\/media?parent=117304"}],"wp:term":[{"taxonomy":"product_brand","embeddable":true,"href":"https:\/\/stylingagenten.com\/da\/wp-json\/wp\/v2\/product_brand?post=117304"},{"taxonomy":"product_cat","embeddable":true,"href":"https:\/\/stylingagenten.com\/da\/wp-json\/wp\/v2\/product_cat?post=117304"},{"taxonomy":"product_tag","embeddable":true,"href":"https:\/\/stylingagenten.com\/da\/wp-json\/wp\/v2\/product_tag?post=117304"},{"taxonomy":"berocket_brand","embeddable":true,"href":"https:\/\/stylingagenten.com\/da\/wp-json\/wp\/v2\/berocket_brand?post=117304"}],"curies":[{"name":"wp","href":"https:\/\/api.w.org\/{rel}","templated":true}]}}