{"id":117296,"date":"2025-05-18T21:19:44","date_gmt":"2025-05-18T21:19:44","guid":{"rendered":"https:\/\/staging2.stylingagenten.com\/da\/produkt\/beauty-uk-conceal-correct-liquid-concealer-no-2\/"},"modified":"2026-03-26T07:59:13","modified_gmt":"2026-03-26T07:59:13","slug":"beauty-uk-conceal-correct-liquid-concealer-no-2","status":"publish","type":"product","link":"https:\/\/stylingagenten.com\/da\/produkt\/beauty-uk-conceal-correct-liquid-concealer-no-2\/","title":{"rendered":"Beauty UK Conceal &amp; Correct Liquid Concealer No.2"},"content":{"rendered":"<p>Beauty UK Skjul &amp; Correct er en ny flydende concealer, der et meget effektivt s\u00e6t skjuler m\u00f8rke rande, r\u00f8dme og pigmentpletter. Den f\u00e5s i de tre nuancer fair, medium og dark og er meget nem at p\u00e5f\u00f8re.<\/p>\n<p>&nbsp;<\/p>\n","protected":false},"excerpt":{"rendered":"<p>Beauty UK Skjul &amp; Correct er en ny flydende concealer, der et meget effektivt s\u00e6t skjuler m\u00f8rke rande, r\u00f8dme og pigmentpletter. Den f\u00e5s i de tre nuancer fair, medium og dark og er meget nem at p\u00e5f\u00f8re. &nbsp;<\/p>\n","protected":false},"featured_media":117291,"comment_status":"open","ping_status":"closed","template":"","meta":{"_trash_the_other_posts":false},"product_brand":[],"product_cat":[567],"product_tag":[2491],"berocket_brand":[1059],"class_list":{"0":"post-117296","1":"product","2":"type-product","3":"status-publish","4":"has-post-thumbnail","6":"product_cat-concealer","7":"product_tag-beauty-uk-conceal-correct-liquid-concealer","8":"pa_brand-beautyuk","9":"pa_variant-no-2","10":"berocket_brand-beautyuk","12":"first","13":"instock","14":"sale","15":"taxable","16":"shipping-taxable","17":"purchasable","18":"product-type-simple"},"_links":{"self":[{"href":"https:\/\/stylingagenten.com\/da\/wp-json\/wp\/v2\/product\/117296","targetHints":{"allow":["GET"]}}],"collection":[{"href":"https:\/\/stylingagenten.com\/da\/wp-json\/wp\/v2\/product"}],"about":[{"href":"https:\/\/stylingagenten.com\/da\/wp-json\/wp\/v2\/types\/product"}],"replies":[{"embeddable":true,"href":"https:\/\/stylingagenten.com\/da\/wp-json\/wp\/v2\/comments?post=117296"}],"version-history":[{"count":0,"href":"https:\/\/stylingagenten.com\/da\/wp-json\/wp\/v2\/product\/117296\/revisions"}],"wp:featuredmedia":[{"embeddable":true,"href":"https:\/\/stylingagenten.com\/da\/wp-json\/wp\/v2\/media\/117291"}],"wp:attachment":[{"href":"https:\/\/stylingagenten.com\/da\/wp-json\/wp\/v2\/media?parent=117296"}],"wp:term":[{"taxonomy":"product_brand","embeddable":true,"href":"https:\/\/stylingagenten.com\/da\/wp-json\/wp\/v2\/product_brand?post=117296"},{"taxonomy":"product_cat","embeddable":true,"href":"https:\/\/stylingagenten.com\/da\/wp-json\/wp\/v2\/product_cat?post=117296"},{"taxonomy":"product_tag","embeddable":true,"href":"https:\/\/stylingagenten.com\/da\/wp-json\/wp\/v2\/product_tag?post=117296"},{"taxonomy":"berocket_brand","embeddable":true,"href":"https:\/\/stylingagenten.com\/da\/wp-json\/wp\/v2\/berocket_brand?post=117296"}],"curies":[{"name":"wp","href":"https:\/\/api.w.org\/{rel}","templated":true}]}}