{"id":117218,"date":"2025-05-18T21:19:27","date_gmt":"2025-05-18T21:19:27","guid":{"rendered":"https:\/\/staging2.stylingagenten.com\/da\/produkt\/nyx-prof-makeup-bare-with-me-concealer-serum-vanilla-96ml\/"},"modified":"2026-04-05T16:27:37","modified_gmt":"2026-04-05T16:27:37","slug":"nyx-prof-makeup-bare-with-me-concealer-serum-vanilla-96ml","status":"publish","type":"product","link":"https:\/\/stylingagenten.com\/da\/produkt\/nyx-prof-makeup-bare-with-me-concealer-serum-vanilla-96ml\/","title":{"rendered":"NYX PROF. MAKEUP Bare With Me Concealer Serum Vanilla 9,6ml"},"content":{"rendered":"<p>Bare With Me Concealer Serum er et serum, der fugter huden i op til 24 timer, samtidig med at den d\u00e6kker problemomr\u00e5der. Beriget med de hudelskende ingredienser tremella, cica og gr\u00f8n te. En vegansk sammens\u00e6tning til ansigt og krop. Fugtgivende og f\u00e5s i flere nuancer. En lille m\u00e6ngde giver medium d\u00e6kning og naturlige resultater.<br \/>S\u00e5dan bruges: P\u00e5f\u00f8r en pumpe Bare With Me Concealer Serum direkte p\u00e5 huden (b\u00e5de ansigt og krop) for at d\u00e6kke og fugte. Brug en blandingsb\u00f8rste til at blende farven ud.<br \/>P\u00e5f\u00f8r to pumps p\u00e5 problemomr\u00e5der (m\u00f8rke rande, pletter\/uj\u00e6vnheder, r\u00f8dme, t\u00f8rre omr\u00e5der) for at opn\u00e5 medium d\u00e6kning.<\/p>\n","protected":false},"excerpt":{"rendered":"<p>Bare With Me Concealer Serum er et serum, der fugter huden i op til 24 timer, samtidig med at den d\u00e6kker problemomr\u00e5der. Beriget med de hudelskende ingredienser tremella, cica og gr\u00f8n te. En vegansk sammens\u00e6tning til ansigt og krop. Fugtgivende og f\u00e5s i flere nuancer. En lille m\u00e6ngde giver medium d\u00e6kning og naturlige resultater.S\u00e5dan bruges: [&hellip;]<\/p>\n","protected":false},"featured_media":117195,"comment_status":"open","ping_status":"closed","template":"","meta":{"_trash_the_other_posts":false},"product_brand":[],"product_cat":[567],"product_tag":[3651],"berocket_brand":[1025],"class_list":{"0":"post-117218","1":"product","2":"type-product","3":"status-publish","4":"has-post-thumbnail","6":"product_cat-concealer","7":"product_tag-nyx-prof-makeup-bare-with-me-concealer-serum-96ml","8":"pa_brand-nyx","9":"pa_variant-vanilla","10":"berocket_brand-nyx","12":"first","13":"outofstock","14":"sale","15":"taxable","16":"shipping-taxable","17":"purchasable","18":"product-type-simple"},"_links":{"self":[{"href":"https:\/\/stylingagenten.com\/da\/wp-json\/wp\/v2\/product\/117218","targetHints":{"allow":["GET"]}}],"collection":[{"href":"https:\/\/stylingagenten.com\/da\/wp-json\/wp\/v2\/product"}],"about":[{"href":"https:\/\/stylingagenten.com\/da\/wp-json\/wp\/v2\/types\/product"}],"replies":[{"embeddable":true,"href":"https:\/\/stylingagenten.com\/da\/wp-json\/wp\/v2\/comments?post=117218"}],"version-history":[{"count":0,"href":"https:\/\/stylingagenten.com\/da\/wp-json\/wp\/v2\/product\/117218\/revisions"}],"wp:featuredmedia":[{"embeddable":true,"href":"https:\/\/stylingagenten.com\/da\/wp-json\/wp\/v2\/media\/117195"}],"wp:attachment":[{"href":"https:\/\/stylingagenten.com\/da\/wp-json\/wp\/v2\/media?parent=117218"}],"wp:term":[{"taxonomy":"product_brand","embeddable":true,"href":"https:\/\/stylingagenten.com\/da\/wp-json\/wp\/v2\/product_brand?post=117218"},{"taxonomy":"product_cat","embeddable":true,"href":"https:\/\/stylingagenten.com\/da\/wp-json\/wp\/v2\/product_cat?post=117218"},{"taxonomy":"product_tag","embeddable":true,"href":"https:\/\/stylingagenten.com\/da\/wp-json\/wp\/v2\/product_tag?post=117218"},{"taxonomy":"berocket_brand","embeddable":true,"href":"https:\/\/stylingagenten.com\/da\/wp-json\/wp\/v2\/berocket_brand?post=117218"}],"curies":[{"name":"wp","href":"https:\/\/api.w.org\/{rel}","templated":true}]}}