{"id":117088,"date":"2025-05-18T21:18:59","date_gmt":"2025-05-18T21:18:59","guid":{"rendered":"https:\/\/staging2.stylingagenten.com\/da\/produkt\/artdeco-perfect-teint-concealer-19-light-beige-2ml\/"},"modified":"2026-04-07T13:25:31","modified_gmt":"2026-04-07T13:25:31","slug":"artdeco-perfect-teint-concealer-19-light-beige-2ml","status":"publish","type":"product","link":"https:\/\/stylingagenten.com\/da\/produkt\/artdeco-perfect-teint-concealer-19-light-beige-2ml\/","title":{"rendered":"Artdeco Perfect Teint Concealer 19 Light Beige 2ml"},"content":{"rendered":"<p>Artdeco Perfect Teint Concealer 19 Light Beige 2ml<br \/>Perfect Teint Concealer har lysreflekterende pigmenter, der skjuler m\u00f8rke rande, fine linjer og rynker. Huden ser glattere ud og f\u00e5r en sund gl\u00f8d. Den lette og glatte formel er vandafvisende og holdbar, og applikatoren har en praktisk drejemekanisme til nem og pr\u00e6cis p\u00e5f\u00f8ring.<br \/>\u2022 Concealer med lysreflekterende pigmenter<br \/>\u2022 Skjuler m\u00f8rke rande, fine linjer og rynker<br \/>\u2022 Langtidsholdbar og vandafvisende formel<br \/>\u2022 Praktisk applikator<\/p>\n","protected":false},"excerpt":{"rendered":"<p>Artdeco Perfect Teint Concealer 19 Light Beige 2mlPerfect Teint Concealer har lysreflekterende pigmenter, der skjuler m\u00f8rke rande, fine linjer og rynker. Huden ser glattere ud og f\u00e5r en sund gl\u00f8d. Den lette og glatte formel er vandafvisende og holdbar, og applikatoren har en praktisk drejemekanisme til nem og pr\u00e6cis p\u00e5f\u00f8ring.\u2022 Concealer med lysreflekterende pigmenter\u2022 Skjuler [&hellip;]<\/p>\n","protected":false},"featured_media":117074,"comment_status":"open","ping_status":"closed","template":"","meta":{"_trash_the_other_posts":false},"product_brand":[],"product_cat":[567],"product_tag":[2442],"berocket_brand":[1385],"class_list":{"0":"post-117088","1":"product","2":"type-product","3":"status-publish","4":"has-post-thumbnail","6":"product_cat-concealer","7":"product_tag-artdeco-perfect-teint-concealer-2ml","8":"pa_brand-artdeco","9":"pa_variant-19-light-beige","10":"berocket_brand-artdeco","12":"first","13":"instock","14":"sale","15":"taxable","16":"shipping-taxable","17":"purchasable","18":"product-type-simple"},"_links":{"self":[{"href":"https:\/\/stylingagenten.com\/da\/wp-json\/wp\/v2\/product\/117088","targetHints":{"allow":["GET"]}}],"collection":[{"href":"https:\/\/stylingagenten.com\/da\/wp-json\/wp\/v2\/product"}],"about":[{"href":"https:\/\/stylingagenten.com\/da\/wp-json\/wp\/v2\/types\/product"}],"replies":[{"embeddable":true,"href":"https:\/\/stylingagenten.com\/da\/wp-json\/wp\/v2\/comments?post=117088"}],"version-history":[{"count":0,"href":"https:\/\/stylingagenten.com\/da\/wp-json\/wp\/v2\/product\/117088\/revisions"}],"wp:featuredmedia":[{"embeddable":true,"href":"https:\/\/stylingagenten.com\/da\/wp-json\/wp\/v2\/media\/117074"}],"wp:attachment":[{"href":"https:\/\/stylingagenten.com\/da\/wp-json\/wp\/v2\/media?parent=117088"}],"wp:term":[{"taxonomy":"product_brand","embeddable":true,"href":"https:\/\/stylingagenten.com\/da\/wp-json\/wp\/v2\/product_brand?post=117088"},{"taxonomy":"product_cat","embeddable":true,"href":"https:\/\/stylingagenten.com\/da\/wp-json\/wp\/v2\/product_cat?post=117088"},{"taxonomy":"product_tag","embeddable":true,"href":"https:\/\/stylingagenten.com\/da\/wp-json\/wp\/v2\/product_tag?post=117088"},{"taxonomy":"berocket_brand","embeddable":true,"href":"https:\/\/stylingagenten.com\/da\/wp-json\/wp\/v2\/berocket_brand?post=117088"}],"curies":[{"name":"wp","href":"https:\/\/api.w.org\/{rel}","templated":true}]}}