{"id":117033,"date":"2025-05-18T21:18:50","date_gmt":"2025-05-18T21:18:50","guid":{"rendered":"https:\/\/staging2.stylingagenten.com\/da\/produkt\/kokie-doubletime-full-cover-concealer-109-light-sand\/"},"modified":"2025-12-18T21:50:03","modified_gmt":"2025-12-18T21:50:03","slug":"kokie-doubletime-full-cover-concealer-109-light-sand","status":"publish","type":"product","link":"https:\/\/stylingagenten.com\/da\/produkt\/kokie-doubletime-full-cover-concealer-109-light-sand\/","title":{"rendered":"Kokie Doubletime Full Cover Concealer &#8211; 109 Light Sand"},"content":{"rendered":"<p>Kokie Doubletime Full Coverage Concealer er designet til at give dig fuld d\u00e6kning, camouflere ufuldkommenheder og give dig en str\u00e5lende, billedsk\u00f8n finish! Med sin avancerede formel og store applikator med d\u00e5efodsdesign giver den overlegen d\u00e6kning og nem p\u00e5f\u00f8ring. Dens rige og cremede tekstur blander sig problemfrit ind i din hud og skjuler effektivt pletter, m\u00f8rke rande, r\u00f8dme og misfarvning. Ikke alene giver concealeren enest\u00e5ende d\u00e6kning, den har ogs\u00e5 en langtidsholdbar, smudsfri formel, der sikrer, at dit look forbliver intakt hele dagen.<\/p>\n<p><em>\u2022 Langvarig<br \/>\u2022 Fuld d\u00e6kning<br \/>\u2022 Udtv\u00e6ringssikker formel<\/em><\/p>\n","protected":false},"excerpt":{"rendered":"<p>Kokie Doubletime Full Coverage Concealer er designet til at give dig fuld d\u00e6kning, camouflere ufuldkommenheder og give dig en str\u00e5lende, billedsk\u00f8n finish! Med sin avancerede formel og store applikator med d\u00e5efodsdesign giver den overlegen d\u00e6kning og nem p\u00e5f\u00f8ring. Dens rige og cremede tekstur blander sig problemfrit ind i din hud og skjuler effektivt pletter, m\u00f8rke [&hellip;]<\/p>\n","protected":false},"featured_media":117024,"comment_status":"open","ping_status":"closed","template":"","meta":{"_trash_the_other_posts":false},"product_brand":[],"product_cat":[567],"product_tag":[3141],"berocket_brand":[1198],"class_list":{"0":"post-117033","1":"product","2":"type-product","3":"status-publish","4":"has-post-thumbnail","6":"product_cat-concealer","7":"product_tag-kokie-doubletime-full-cover-concealer","8":"pa_brand-kokie-cosmetics","9":"pa_variant-109-light-sand","10":"berocket_brand-kokie-cosmetics","12":"first","13":"instock","14":"sale","15":"taxable","16":"shipping-taxable","17":"purchasable","18":"product-type-simple"},"_links":{"self":[{"href":"https:\/\/stylingagenten.com\/da\/wp-json\/wp\/v2\/product\/117033","targetHints":{"allow":["GET"]}}],"collection":[{"href":"https:\/\/stylingagenten.com\/da\/wp-json\/wp\/v2\/product"}],"about":[{"href":"https:\/\/stylingagenten.com\/da\/wp-json\/wp\/v2\/types\/product"}],"replies":[{"embeddable":true,"href":"https:\/\/stylingagenten.com\/da\/wp-json\/wp\/v2\/comments?post=117033"}],"version-history":[{"count":0,"href":"https:\/\/stylingagenten.com\/da\/wp-json\/wp\/v2\/product\/117033\/revisions"}],"wp:featuredmedia":[{"embeddable":true,"href":"https:\/\/stylingagenten.com\/da\/wp-json\/wp\/v2\/media\/117024"}],"wp:attachment":[{"href":"https:\/\/stylingagenten.com\/da\/wp-json\/wp\/v2\/media?parent=117033"}],"wp:term":[{"taxonomy":"product_brand","embeddable":true,"href":"https:\/\/stylingagenten.com\/da\/wp-json\/wp\/v2\/product_brand?post=117033"},{"taxonomy":"product_cat","embeddable":true,"href":"https:\/\/stylingagenten.com\/da\/wp-json\/wp\/v2\/product_cat?post=117033"},{"taxonomy":"product_tag","embeddable":true,"href":"https:\/\/stylingagenten.com\/da\/wp-json\/wp\/v2\/product_tag?post=117033"},{"taxonomy":"berocket_brand","embeddable":true,"href":"https:\/\/stylingagenten.com\/da\/wp-json\/wp\/v2\/berocket_brand?post=117033"}],"curies":[{"name":"wp","href":"https:\/\/api.w.org\/{rel}","templated":true}]}}