{"id":116939,"date":"2025-05-18T21:18:34","date_gmt":"2025-05-18T21:18:34","guid":{"rendered":"https:\/\/staging2.stylingagenten.com\/da\/produkt\/wet-n-wild-megalast-incognito-allday-full-coverage-concealer-5-5ml-light-beige\/"},"modified":"2025-12-18T21:58:26","modified_gmt":"2025-12-18T21:58:26","slug":"wet-n-wild-megalast-incognito-allday-full-coverage-concealer-5-5ml-light-beige","status":"publish","type":"product","link":"https:\/\/stylingagenten.com\/da\/produkt\/wet-n-wild-megalast-incognito-allday-full-coverage-concealer-5-5ml-light-beige\/","title":{"rendered":"Wet n Wild MegaLast Incognito AllDay Full Coverage Concealer 5.5ml &#8211; Light Beige"},"content":{"rendered":"<p>Wet n Wild MegaLast Incognito AllDay Full Coverage Concealer er beriget med n\u00e6rende og fugtgivende ingredienser som sheasm\u00f8r, lakridsrodekstrakt og mangofr\u00f8sm\u00f8r. Den giver langvarig og opbyggelig medium til fuld d\u00e6kning med en mat finish.<\/p>\n<p>Farve: Light Beige<\/p>\n","protected":false},"excerpt":{"rendered":"<p>Wet n Wild MegaLast Incognito AllDay Full Coverage Concealer er beriget med n\u00e6rende og fugtgivende ingredienser som sheasm\u00f8r, lakridsrodekstrakt og mangofr\u00f8sm\u00f8r. Den giver langvarig og opbyggelig medium til fuld d\u00e6kning med en mat finish. Farve: Light Beige<\/p>\n","protected":false},"featured_media":116932,"comment_status":"open","ping_status":"closed","template":"","meta":{"_trash_the_other_posts":false},"product_brand":[],"product_cat":[567],"product_tag":[4099],"berocket_brand":[1035],"class_list":{"0":"post-116939","1":"product","2":"type-product","3":"status-publish","4":"has-post-thumbnail","6":"product_cat-concealer","7":"product_tag-wet-n-wild-megalast-incognito-allday-full-coverage-concealer-5-5ml-light-beige","8":"pa_brand-wet-n-wild","9":"pa_variant-light-beige","10":"berocket_brand-wet-n-wild","12":"first","13":"instock","14":"sale","15":"taxable","16":"shipping-taxable","17":"purchasable","18":"product-type-simple"},"_links":{"self":[{"href":"https:\/\/stylingagenten.com\/da\/wp-json\/wp\/v2\/product\/116939","targetHints":{"allow":["GET"]}}],"collection":[{"href":"https:\/\/stylingagenten.com\/da\/wp-json\/wp\/v2\/product"}],"about":[{"href":"https:\/\/stylingagenten.com\/da\/wp-json\/wp\/v2\/types\/product"}],"replies":[{"embeddable":true,"href":"https:\/\/stylingagenten.com\/da\/wp-json\/wp\/v2\/comments?post=116939"}],"version-history":[{"count":0,"href":"https:\/\/stylingagenten.com\/da\/wp-json\/wp\/v2\/product\/116939\/revisions"}],"wp:featuredmedia":[{"embeddable":true,"href":"https:\/\/stylingagenten.com\/da\/wp-json\/wp\/v2\/media\/116932"}],"wp:attachment":[{"href":"https:\/\/stylingagenten.com\/da\/wp-json\/wp\/v2\/media?parent=116939"}],"wp:term":[{"taxonomy":"product_brand","embeddable":true,"href":"https:\/\/stylingagenten.com\/da\/wp-json\/wp\/v2\/product_brand?post=116939"},{"taxonomy":"product_cat","embeddable":true,"href":"https:\/\/stylingagenten.com\/da\/wp-json\/wp\/v2\/product_cat?post=116939"},{"taxonomy":"product_tag","embeddable":true,"href":"https:\/\/stylingagenten.com\/da\/wp-json\/wp\/v2\/product_tag?post=116939"},{"taxonomy":"berocket_brand","embeddable":true,"href":"https:\/\/stylingagenten.com\/da\/wp-json\/wp\/v2\/berocket_brand?post=116939"}],"curies":[{"name":"wp","href":"https:\/\/api.w.org\/{rel}","templated":true}]}}