{"id":116877,"date":"2025-05-18T21:18:19","date_gmt":"2025-05-18T21:18:19","guid":{"rendered":"https:\/\/staging2.stylingagenten.com\/da\/produkt\/ida-warg-self-tanning-body-lotion-200ml\/"},"modified":"2026-03-26T15:18:38","modified_gmt":"2026-03-26T15:18:38","slug":"ida-warg-self-tanning-body-lotion-200ml","status":"publish","type":"product","link":"https:\/\/stylingagenten.com\/da\/produkt\/ida-warg-self-tanning-body-lotion-200ml\/","title":{"rendered":"Ida Warg Self Tanning Body Lotion 200ml"},"content":{"rendered":"<p>Ida Warg Self Tanning Body Lotion er en bl\u00f8dg\u00f8rende creme, der giver et solkysset resultat p\u00e5; kun 3 timer ved hj\u00e6lp af DHA udvundet af naturligt sukker. Perfekt til dem, der \u00f8nsker at opbygge en gradvis solbr\u00e6ndthed eller styrke allerede solbr\u00e6ndt hud. <br \/>Passer til alle hudtoner. 100 % vegansk!<\/p>\n<p>Brugsvejledning:<br \/>P\u00e5f\u00f8r p&aring; renset, t\u00f8r hud. Vask h\u00e6nder efter brug. OPM\u00c6RKSOMHED! Eksfolier ikke huden inden for 24 timer f\u00f8r behandling. <\/p>\n<p>&nbsp;<\/p>\n<p>&nbsp;<\/p>\n","protected":false},"excerpt":{"rendered":"<p>Ida Warg Self Tanning Body Lotion er en bl\u00f8dg\u00f8rende creme, der giver et solkysset resultat p\u00e5; kun 3 timer ved hj\u00e6lp af DHA udvundet af naturligt sukker. Perfekt til dem, der \u00f8nsker at opbygge en gradvis solbr\u00e6ndthed eller styrke allerede solbr\u00e6ndt hud. Passer til alle hudtoner. 100 % vegansk! Brugsvejledning:P\u00e5f\u00f8r p&aring; renset, t\u00f8r hud. Vask [&hellip;]<\/p>\n","protected":false},"featured_media":116873,"comment_status":"open","ping_status":"closed","template":"","meta":{"_trash_the_other_posts":false},"product_brand":[],"product_cat":[561],"product_tag":[],"berocket_brand":[1346],"class_list":{"0":"post-116877","1":"product","2":"type-product","3":"status-publish","4":"has-post-thumbnail","6":"product_cat-brun-uden-sol","7":"pa_brand-ida-warg","8":"berocket_brand-ida-warg","10":"first","11":"instock","12":"sale","13":"taxable","14":"shipping-taxable","15":"purchasable","16":"product-type-simple"},"_links":{"self":[{"href":"https:\/\/stylingagenten.com\/da\/wp-json\/wp\/v2\/product\/116877","targetHints":{"allow":["GET"]}}],"collection":[{"href":"https:\/\/stylingagenten.com\/da\/wp-json\/wp\/v2\/product"}],"about":[{"href":"https:\/\/stylingagenten.com\/da\/wp-json\/wp\/v2\/types\/product"}],"replies":[{"embeddable":true,"href":"https:\/\/stylingagenten.com\/da\/wp-json\/wp\/v2\/comments?post=116877"}],"version-history":[{"count":0,"href":"https:\/\/stylingagenten.com\/da\/wp-json\/wp\/v2\/product\/116877\/revisions"}],"wp:featuredmedia":[{"embeddable":true,"href":"https:\/\/stylingagenten.com\/da\/wp-json\/wp\/v2\/media\/116873"}],"wp:attachment":[{"href":"https:\/\/stylingagenten.com\/da\/wp-json\/wp\/v2\/media?parent=116877"}],"wp:term":[{"taxonomy":"product_brand","embeddable":true,"href":"https:\/\/stylingagenten.com\/da\/wp-json\/wp\/v2\/product_brand?post=116877"},{"taxonomy":"product_cat","embeddable":true,"href":"https:\/\/stylingagenten.com\/da\/wp-json\/wp\/v2\/product_cat?post=116877"},{"taxonomy":"product_tag","embeddable":true,"href":"https:\/\/stylingagenten.com\/da\/wp-json\/wp\/v2\/product_tag?post=116877"},{"taxonomy":"berocket_brand","embeddable":true,"href":"https:\/\/stylingagenten.com\/da\/wp-json\/wp\/v2\/berocket_brand?post=116877"}],"curies":[{"name":"wp","href":"https:\/\/api.w.org\/{rel}","templated":true}]}}