{"id":116768,"date":"2025-05-18T21:17:45","date_gmt":"2025-05-18T21:17:45","guid":{"rendered":"https:\/\/staging2.stylingagenten.com\/da\/produkt\/b-tan-gimme-the-glow-down-facial-tan-mist-190ml\/"},"modified":"2026-04-06T11:09:09","modified_gmt":"2026-04-06T11:09:09","slug":"b-tan-gimme-the-glow-down-facial-tan-mist-190ml","status":"publish","type":"product","link":"https:\/\/stylingagenten.com\/da\/produkt\/b-tan-gimme-the-glow-down-facial-tan-mist-190ml\/","title":{"rendered":"b.tan Gimme The Glow Down Facial Tan Mist 190ml"},"content":{"rendered":"<p>Gimme The Glow Down Facial Tan Mist er en tan uden sol i t\u00e5geform. Den opbygger gradvist en let, fin og hurtig solbrun farve med en naturlig solkysset gl\u00f8d til ansigt og krop. Beriget med rosenvand, der beroliger og udj\u00e6vner hudtonen, n\u00e5r brunfarven-uden-solen begynder at tr\u00e6de i kraft. Perfekt til at supplere eller forl\u00e6nge din brunfarve, eller til at opbygge en solbeskinnet teint fra bunden. 100 % vegansk og fri for parabener.<\/p>\n<p>Anvendelse:<br \/>Spray j\u00e6vnt p\u00e5 nyvasket og t\u00f8r hud. Hold mundstykket mindst 15 cm fra ansigtet. Lad t\u00f8rre i et par minutter, inden du p\u00e5f\u00f8rer make-up, solcreme eller andre produkter.<\/p>\n","protected":false},"excerpt":{"rendered":"<p>Gimme The Glow Down Facial Tan Mist er en tan uden sol i t\u00e5geform. Den opbygger gradvist en let, fin og hurtig solbrun farve med en naturlig solkysset gl\u00f8d til ansigt og krop. Beriget med rosenvand, der beroliger og udj\u00e6vner hudtonen, n\u00e5r brunfarven-uden-solen begynder at tr\u00e6de i kraft. Perfekt til at supplere eller forl\u00e6nge din [&hellip;]<\/p>\n","protected":false},"featured_media":116763,"comment_status":"open","ping_status":"closed","template":"","meta":{"_trash_the_other_posts":false},"product_brand":[],"product_cat":[561],"product_tag":[],"berocket_brand":[1406],"class_list":{"0":"post-116768","1":"product","2":"type-product","3":"status-publish","4":"has-post-thumbnail","6":"product_cat-brun-uden-sol","7":"pa_brand-b-tan","8":"berocket_brand-btan","10":"first","11":"instock","12":"sale","13":"taxable","14":"shipping-taxable","15":"purchasable","16":"product-type-simple"},"_links":{"self":[{"href":"https:\/\/stylingagenten.com\/da\/wp-json\/wp\/v2\/product\/116768","targetHints":{"allow":["GET"]}}],"collection":[{"href":"https:\/\/stylingagenten.com\/da\/wp-json\/wp\/v2\/product"}],"about":[{"href":"https:\/\/stylingagenten.com\/da\/wp-json\/wp\/v2\/types\/product"}],"replies":[{"embeddable":true,"href":"https:\/\/stylingagenten.com\/da\/wp-json\/wp\/v2\/comments?post=116768"}],"version-history":[{"count":0,"href":"https:\/\/stylingagenten.com\/da\/wp-json\/wp\/v2\/product\/116768\/revisions"}],"wp:featuredmedia":[{"embeddable":true,"href":"https:\/\/stylingagenten.com\/da\/wp-json\/wp\/v2\/media\/116763"}],"wp:attachment":[{"href":"https:\/\/stylingagenten.com\/da\/wp-json\/wp\/v2\/media?parent=116768"}],"wp:term":[{"taxonomy":"product_brand","embeddable":true,"href":"https:\/\/stylingagenten.com\/da\/wp-json\/wp\/v2\/product_brand?post=116768"},{"taxonomy":"product_cat","embeddable":true,"href":"https:\/\/stylingagenten.com\/da\/wp-json\/wp\/v2\/product_cat?post=116768"},{"taxonomy":"product_tag","embeddable":true,"href":"https:\/\/stylingagenten.com\/da\/wp-json\/wp\/v2\/product_tag?post=116768"},{"taxonomy":"berocket_brand","embeddable":true,"href":"https:\/\/stylingagenten.com\/da\/wp-json\/wp\/v2\/berocket_brand?post=116768"}],"curies":[{"name":"wp","href":"https:\/\/api.w.org\/{rel}","templated":true}]}}