{"id":116720,"date":"2025-05-18T21:17:33","date_gmt":"2025-05-18T21:17:33","guid":{"rendered":"https:\/\/staging2.stylingagenten.com\/da\/produkt\/bondi-sands-pure-self-tanning-face-mist-70ml\/"},"modified":"2026-04-15T07:10:11","modified_gmt":"2026-04-15T07:10:11","slug":"bondi-sands-pure-self-tanning-face-mist-70ml","status":"publish","type":"product","link":"https:\/\/stylingagenten.com\/da\/produkt\/bondi-sands-pure-self-tanning-face-mist-70ml\/","title":{"rendered":"Bondi Sands Pure Self Tanning Face Mist 70ml"},"content":{"rendered":"<p>Vores Self Tanning Face Mist giver \u00f8jeblikkelig fugtet hud med en gylden gl\u00f8d. Denne fine mist med en fugtgivende letv\u00e6gtsformel er ikke-poretilstopning, velegnet til alle hudtoner og kan p\u00e5f\u00f8res dag eller nat for en sund gl\u00f8d.<\/p>\n<p>Vores Mist er 100 % genanvendelig og giver mulighed for kontrolleret p\u00e5f\u00f8ring med sin innovativt spr\u00f8jtehoved, uden spiralfjeder af metal. For de bedste resultater, p\u00e5f\u00f8r p\u00e5 ren, t\u00f8r hud og lad virke i 6-8 timer. Vask h\u00e6nder grundigt efter brug.<\/p>\n<p>Passer til alle hudtoner og hudtyper. Pure er pakket i 100 % genanvendelig emballage for at begr\u00e6nse yderligere p\u00e5virkning af vores milj\u00f8.<\/p>\n<p>Med sin gennemsigtige formel kombinerer Bondi Sands sin roste gyldne gl\u00f8d-effekt med aktive hudplejeingredienser; fugtgivende hyaluronsyre, udstr\u00e5lingsgivende C-vitamin og reparerende E-vitamin. Pure er dermatologisk testet, parfumefri og fri for farvestoffer og er derfor velegnet til alle hudtyper, ogs\u00e5 de mest f\u00f8lsomme.<\/p>\n","protected":false},"excerpt":{"rendered":"<p>Vores Self Tanning Face Mist giver \u00f8jeblikkelig fugtet hud med en gylden gl\u00f8d. Denne fine mist med en fugtgivende letv\u00e6gtsformel er ikke-poretilstopning, velegnet til alle hudtoner og kan p\u00e5f\u00f8res dag eller nat for en sund gl\u00f8d. Vores Mist er 100 % genanvendelig og giver mulighed for kontrolleret p\u00e5f\u00f8ring med sin innovativt spr\u00f8jtehoved, uden spiralfjeder af [&hellip;]<\/p>\n","protected":false},"featured_media":116710,"comment_status":"open","ping_status":"closed","template":"","meta":{"_trash_the_other_posts":false},"product_brand":[],"product_cat":[561],"product_tag":[],"berocket_brand":[1376],"class_list":{"0":"post-116720","1":"product","2":"type-product","3":"status-publish","4":"has-post-thumbnail","6":"product_cat-brun-uden-sol","7":"pa_brand-bondi-sands","8":"berocket_brand-bondi-sands","10":"first","11":"instock","12":"sale","13":"taxable","14":"shipping-taxable","15":"purchasable","16":"product-type-simple"},"_links":{"self":[{"href":"https:\/\/stylingagenten.com\/da\/wp-json\/wp\/v2\/product\/116720","targetHints":{"allow":["GET"]}}],"collection":[{"href":"https:\/\/stylingagenten.com\/da\/wp-json\/wp\/v2\/product"}],"about":[{"href":"https:\/\/stylingagenten.com\/da\/wp-json\/wp\/v2\/types\/product"}],"replies":[{"embeddable":true,"href":"https:\/\/stylingagenten.com\/da\/wp-json\/wp\/v2\/comments?post=116720"}],"version-history":[{"count":0,"href":"https:\/\/stylingagenten.com\/da\/wp-json\/wp\/v2\/product\/116720\/revisions"}],"wp:featuredmedia":[{"embeddable":true,"href":"https:\/\/stylingagenten.com\/da\/wp-json\/wp\/v2\/media\/116710"}],"wp:attachment":[{"href":"https:\/\/stylingagenten.com\/da\/wp-json\/wp\/v2\/media?parent=116720"}],"wp:term":[{"taxonomy":"product_brand","embeddable":true,"href":"https:\/\/stylingagenten.com\/da\/wp-json\/wp\/v2\/product_brand?post=116720"},{"taxonomy":"product_cat","embeddable":true,"href":"https:\/\/stylingagenten.com\/da\/wp-json\/wp\/v2\/product_cat?post=116720"},{"taxonomy":"product_tag","embeddable":true,"href":"https:\/\/stylingagenten.com\/da\/wp-json\/wp\/v2\/product_tag?post=116720"},{"taxonomy":"berocket_brand","embeddable":true,"href":"https:\/\/stylingagenten.com\/da\/wp-json\/wp\/v2\/berocket_brand?post=116720"}],"curies":[{"name":"wp","href":"https:\/\/api.w.org\/{rel}","templated":true}]}}