{"id":116717,"date":"2025-05-18T21:17:33","date_gmt":"2025-05-18T21:17:33","guid":{"rendered":"https:\/\/staging2.stylingagenten.com\/da\/produkt\/bondi-sands-liquid-gold-tanning-oil-150ml\/"},"modified":"2026-04-14T20:18:30","modified_gmt":"2026-04-14T20:18:30","slug":"bondi-sands-liquid-gold-tanning-oil-150ml","status":"publish","type":"product","link":"https:\/\/stylingagenten.com\/da\/produkt\/bondi-sands-liquid-gold-tanning-oil-150ml\/","title":{"rendered":"Bondi Sands Liquid Gold Tanning Oil 150ml"},"content":{"rendered":"<p>Sol, strand og hav &#8211; oplev f\u00f8lelsen af \u200b\u200bden australske dr\u00f8m. Bondi Sands Liquid Gold Dry Oil giver din hud en gylden shimmer og t\u00f8rrer p\u00e5 f\u00e5 sekunder.<\/p>\n<p>Trin 1: For en j\u00e6vn gylden tone, rens og bl\u00f8dg\u00f8r huden med Bondi Sands Exfoliating Glove.<\/p>\n<p> Trin 2: Fugt h\u00e6nder, kn\u00e6 og andre t\u00f8rre omr\u00e5der med en let fugtighedscreme f\u00f8r p\u00e5f\u00f8ring.<\/p>\n<p>Trin 3: P\u00e5f\u00f8r Liquid Gold direkte p\u00e5 huden. Brug Bondi Sands-p\u00e5f\u00f8ringshandsken til at arbejde olien ind i ben, arme og krop i lange fejende bev\u00e6gelser. Brug det, der er tilbage i handsken til dit ansigt, albuer og kn\u00e6.<\/p>\n<p>Trin 4: Du beh\u00f8ver ikke g\u00e5 i bad bagefter &#8211; bare tag t\u00f8j p\u00e5, og du er i gang!<\/p>\n","protected":false},"excerpt":{"rendered":"<p>Sol, strand og hav &#8211; oplev f\u00f8lelsen af \u200b\u200bden australske dr\u00f8m. Bondi Sands Liquid Gold Dry Oil giver din hud en gylden shimmer og t\u00f8rrer p\u00e5 f\u00e5 sekunder. Trin 1: For en j\u00e6vn gylden tone, rens og bl\u00f8dg\u00f8r huden med Bondi Sands Exfoliating Glove. Trin 2: Fugt h\u00e6nder, kn\u00e6 og andre t\u00f8rre omr\u00e5der med en [&hellip;]<\/p>\n","protected":false},"featured_media":116711,"comment_status":"open","ping_status":"closed","template":"","meta":{"_trash_the_other_posts":false},"product_brand":[],"product_cat":[561],"product_tag":[],"berocket_brand":[1376],"class_list":{"0":"post-116717","1":"product","2":"type-product","3":"status-publish","4":"has-post-thumbnail","6":"product_cat-brun-uden-sol","7":"pa_brand-bondi-sands","8":"berocket_brand-bondi-sands","10":"first","11":"instock","12":"sale","13":"taxable","14":"shipping-taxable","15":"purchasable","16":"product-type-simple"},"_links":{"self":[{"href":"https:\/\/stylingagenten.com\/da\/wp-json\/wp\/v2\/product\/116717","targetHints":{"allow":["GET"]}}],"collection":[{"href":"https:\/\/stylingagenten.com\/da\/wp-json\/wp\/v2\/product"}],"about":[{"href":"https:\/\/stylingagenten.com\/da\/wp-json\/wp\/v2\/types\/product"}],"replies":[{"embeddable":true,"href":"https:\/\/stylingagenten.com\/da\/wp-json\/wp\/v2\/comments?post=116717"}],"version-history":[{"count":0,"href":"https:\/\/stylingagenten.com\/da\/wp-json\/wp\/v2\/product\/116717\/revisions"}],"wp:featuredmedia":[{"embeddable":true,"href":"https:\/\/stylingagenten.com\/da\/wp-json\/wp\/v2\/media\/116711"}],"wp:attachment":[{"href":"https:\/\/stylingagenten.com\/da\/wp-json\/wp\/v2\/media?parent=116717"}],"wp:term":[{"taxonomy":"product_brand","embeddable":true,"href":"https:\/\/stylingagenten.com\/da\/wp-json\/wp\/v2\/product_brand?post=116717"},{"taxonomy":"product_cat","embeddable":true,"href":"https:\/\/stylingagenten.com\/da\/wp-json\/wp\/v2\/product_cat?post=116717"},{"taxonomy":"product_tag","embeddable":true,"href":"https:\/\/stylingagenten.com\/da\/wp-json\/wp\/v2\/product_tag?post=116717"},{"taxonomy":"berocket_brand","embeddable":true,"href":"https:\/\/stylingagenten.com\/da\/wp-json\/wp\/v2\/berocket_brand?post=116717"}],"curies":[{"name":"wp","href":"https:\/\/api.w.org\/{rel}","templated":true}]}}