{"id":116655,"date":"2025-05-18T21:17:17","date_gmt":"2025-05-18T21:17:17","guid":{"rendered":"https:\/\/staging2.stylingagenten.com\/da\/produkt\/bellapierre-compact-bronzer-04-kisses-10g\/"},"modified":"2025-12-18T21:38:42","modified_gmt":"2025-12-18T21:38:42","slug":"bellapierre-compact-bronzer-04-kisses-10g","status":"publish","type":"product","link":"https:\/\/stylingagenten.com\/da\/produkt\/bellapierre-compact-bronzer-04-kisses-10g\/","title":{"rendered":"Bellapierre Compact Bronzer &#8211; 04 Kisses 10g"},"content":{"rendered":"<p>Bellapierre Loose Bronzer har en prisvindende silkeagtig og bl\u00f8d pudderformel, der tilf\u00f8jer en sund, solkysset fornemmelse til enhver teint. Bronzeren er beriget med beroligende og n\u00e6rende jojobaolie, der holder huden bl\u00f8d, smidig og sund.<\/p>\n<p>Disse bronzere er fri for talkum og parabener og egner sig til alle hudtyper og til ;rh&aring;land.<\/p>\n","protected":false},"excerpt":{"rendered":"<p>Bellapierre Loose Bronzer har en prisvindende silkeagtig og bl\u00f8d pudderformel, der tilf\u00f8jer en sund, solkysset fornemmelse til enhver teint. Bronzeren er beriget med beroligende og n\u00e6rende jojobaolie, der holder huden bl\u00f8d, smidig og sund. Disse bronzere er fri for talkum og parabener og egner sig til alle hudtyper og til ;rh&aring;land.<\/p>\n","protected":false},"featured_media":116654,"comment_status":"open","ping_status":"closed","template":"","meta":{"_trash_the_other_posts":false},"product_brand":[],"product_cat":[659],"product_tag":[],"berocket_brand":[1113],"class_list":{"0":"post-116655","1":"product","2":"type-product","3":"status-publish","4":"has-post-thumbnail","6":"product_cat-bronzer","7":"pa_brand-bellapierre","8":"berocket_brand-bellapierre","10":"first","11":"instock","12":"sale","13":"taxable","14":"shipping-taxable","15":"purchasable","16":"product-type-simple"},"_links":{"self":[{"href":"https:\/\/stylingagenten.com\/da\/wp-json\/wp\/v2\/product\/116655","targetHints":{"allow":["GET"]}}],"collection":[{"href":"https:\/\/stylingagenten.com\/da\/wp-json\/wp\/v2\/product"}],"about":[{"href":"https:\/\/stylingagenten.com\/da\/wp-json\/wp\/v2\/types\/product"}],"replies":[{"embeddable":true,"href":"https:\/\/stylingagenten.com\/da\/wp-json\/wp\/v2\/comments?post=116655"}],"version-history":[{"count":0,"href":"https:\/\/stylingagenten.com\/da\/wp-json\/wp\/v2\/product\/116655\/revisions"}],"wp:featuredmedia":[{"embeddable":true,"href":"https:\/\/stylingagenten.com\/da\/wp-json\/wp\/v2\/media\/116654"}],"wp:attachment":[{"href":"https:\/\/stylingagenten.com\/da\/wp-json\/wp\/v2\/media?parent=116655"}],"wp:term":[{"taxonomy":"product_brand","embeddable":true,"href":"https:\/\/stylingagenten.com\/da\/wp-json\/wp\/v2\/product_brand?post=116655"},{"taxonomy":"product_cat","embeddable":true,"href":"https:\/\/stylingagenten.com\/da\/wp-json\/wp\/v2\/product_cat?post=116655"},{"taxonomy":"product_tag","embeddable":true,"href":"https:\/\/stylingagenten.com\/da\/wp-json\/wp\/v2\/product_tag?post=116655"},{"taxonomy":"berocket_brand","embeddable":true,"href":"https:\/\/stylingagenten.com\/da\/wp-json\/wp\/v2\/berocket_brand?post=116655"}],"curies":[{"name":"wp","href":"https:\/\/api.w.org\/{rel}","templated":true}]}}