{"id":116623,"date":"2025-05-18T21:17:08","date_gmt":"2025-05-18T21:17:08","guid":{"rendered":"https:\/\/staging2.stylingagenten.com\/da\/produkt\/wet-n-wild-color-icon-bronzer-ticket-to-brazil\/"},"modified":"2025-12-18T21:58:06","modified_gmt":"2025-12-18T21:58:06","slug":"wet-n-wild-color-icon-bronzer-ticket-to-brazil","status":"publish","type":"product","link":"https:\/\/stylingagenten.com\/da\/produkt\/wet-n-wild-color-icon-bronzer-ticket-to-brazil\/","title":{"rendered":"Wet n Wild Color Icon Bronzer Ticket To Brazil"},"content":{"rendered":"<p>Wet n Wild&reg; Farveikon&trade; Bronzere kommer i fire fantastiske nuancer, der giver et smukt bronzeret og solkysset look hele \u00e5ret rundt.<br \/>Indeholder perlepigmenter til at bringe en gylden brun glans. Med en ny gel-creme formel f\u00e5r huden en naturlig solkysset gl\u00f8d.<br \/>F\u00e5s i 4 nuancer, cruelty-free, gluten-fri, parfume-fri og veganske nuancer. Alle wet n wild produkter er grusomhedsfrie og PETA godkendte!<\/p>\n","protected":false},"excerpt":{"rendered":"<p>Wet n Wild&reg; Farveikon&trade; Bronzere kommer i fire fantastiske nuancer, der giver et smukt bronzeret og solkysset look hele \u00e5ret rundt.Indeholder perlepigmenter til at bringe en gylden brun glans. Med en ny gel-creme formel f\u00e5r huden en naturlig solkysset gl\u00f8d.F\u00e5s i 4 nuancer, cruelty-free, gluten-fri, parfume-fri og veganske nuancer. Alle wet n wild produkter er [&hellip;]<\/p>\n","protected":false},"featured_media":116619,"comment_status":"open","ping_status":"closed","template":"","meta":{"_trash_the_other_posts":false},"product_brand":[],"product_cat":[659],"product_tag":[4087],"berocket_brand":[1035],"class_list":{"0":"post-116623","1":"product","2":"type-product","3":"status-publish","4":"has-post-thumbnail","6":"product_cat-bronzer","7":"product_tag-wet-n-wild-color-icon-bronzer","8":"pa_brand-wet-n-wild","9":"pa_variant-ticket-to-brazil","10":"berocket_brand-wet-n-wild","12":"first","13":"instock","14":"sale","15":"taxable","16":"shipping-taxable","17":"purchasable","18":"product-type-simple"},"_links":{"self":[{"href":"https:\/\/stylingagenten.com\/da\/wp-json\/wp\/v2\/product\/116623","targetHints":{"allow":["GET"]}}],"collection":[{"href":"https:\/\/stylingagenten.com\/da\/wp-json\/wp\/v2\/product"}],"about":[{"href":"https:\/\/stylingagenten.com\/da\/wp-json\/wp\/v2\/types\/product"}],"replies":[{"embeddable":true,"href":"https:\/\/stylingagenten.com\/da\/wp-json\/wp\/v2\/comments?post=116623"}],"version-history":[{"count":0,"href":"https:\/\/stylingagenten.com\/da\/wp-json\/wp\/v2\/product\/116623\/revisions"}],"wp:featuredmedia":[{"embeddable":true,"href":"https:\/\/stylingagenten.com\/da\/wp-json\/wp\/v2\/media\/116619"}],"wp:attachment":[{"href":"https:\/\/stylingagenten.com\/da\/wp-json\/wp\/v2\/media?parent=116623"}],"wp:term":[{"taxonomy":"product_brand","embeddable":true,"href":"https:\/\/stylingagenten.com\/da\/wp-json\/wp\/v2\/product_brand?post=116623"},{"taxonomy":"product_cat","embeddable":true,"href":"https:\/\/stylingagenten.com\/da\/wp-json\/wp\/v2\/product_cat?post=116623"},{"taxonomy":"product_tag","embeddable":true,"href":"https:\/\/stylingagenten.com\/da\/wp-json\/wp\/v2\/product_tag?post=116623"},{"taxonomy":"berocket_brand","embeddable":true,"href":"https:\/\/stylingagenten.com\/da\/wp-json\/wp\/v2\/berocket_brand?post=116623"}],"curies":[{"name":"wp","href":"https:\/\/api.w.org\/{rel}","templated":true}]}}